{"id":9695,"date":"2025-10-28T10:47:06","date_gmt":"2025-10-28T10:47:06","guid":{"rendered":""},"modified":"2026-04-07T14:22:33","modified_gmt":"2026-04-07T12:22:33","slug":"leffe-rituel-33cl","status":"publish","type":"product","link":"https:\/\/petitecave.ch\/de\/product\/leffe-rituel-33cl\/","title":{"rendered":"Leffe Rituel 33cl"},"content":{"rendered":"<p><strong>Visuel :<\/strong> Robe dor\u00e9e avec une mousse blanche\u00a0<\/p>\n<p><strong>Nez :<\/strong> Ar\u00f4mes de levure, de houblon, de malt et d&rsquo;\u00e9pices<\/p>\n<p><strong>Go\u00fbt :<\/strong> Saveur de malt, de houblon, de levure et de c\u00e9r\u00e9ales<\/p>","protected":false},"excerpt":{"rendered":"<p><strong>Leffe Rituel &#8211; Abbaye de Leffe\u00a0<\/strong><\/p>\n<p><strong><\/strong><\/p>\n<p><em>Fond\u00e9e en 1152, l&rsquo;abbaye de chanoines Notre-Dame de Leffe favorise l&rsquo;accueil et l&rsquo;hospitalit\u00e9. Depuis 1240, date \u00e0 laquelle la brasserie fut construite, les bi\u00e8res Leffe ont eu le temps d&rsquo;\u00eatre savour\u00e9es par de nombreux amateurs de bi\u00e8re, tout en traversant les si\u00e8cles et les g\u00e9n\u00e9rations. A cette \u00e9poque, l&rsquo;eau n&rsquo;est pas potable et provoque des maladies comme la peste. Pour palier cela, la fabrication de la bi\u00e8re devient courante avec un processus de haute fermentation qui tue les bact\u00e9ries durant l&rsquo;\u00e9bullition et donne ainsi une boisson potable.\u00a0<\/em><strong><\/strong><\/p>","protected":false},"featured_media":13129,"comment_status":"open","ping_status":"closed","template":"","meta":[],"product_cat":[250],"product_tag":[],"class_list":{"0":"post-9695","1":"product","2":"type-product","3":"status-publish","4":"has-post-thumbnail","6":"product_cat-bieres","7":"pa_categorie-bieres-blondes","8":"pa_color-blonde","9":"pa_country-belgique","10":"pa_style-strong-ale","11":"pa_type-biere-d-abbaye","12":"product_deptype-0-30","13":"_wholesalex wsx-wholesalex-product","15":"first","16":"instock","17":"taxable","18":"shipping-taxable","19":"purchasable","20":"product-type-simple"},"_links":{"self":[{"href":"https:\/\/petitecave.ch\/de\/wp-json\/wp\/v2\/product\/9695","targetHints":{"allow":["GET"]}}],"collection":[{"href":"https:\/\/petitecave.ch\/de\/wp-json\/wp\/v2\/product"}],"about":[{"href":"https:\/\/petitecave.ch\/de\/wp-json\/wp\/v2\/types\/product"}],"replies":[{"embeddable":true,"href":"https:\/\/petitecave.ch\/de\/wp-json\/wp\/v2\/comments?post=9695"}],"wp:featuredmedia":[{"embeddable":true,"href":"https:\/\/petitecave.ch\/de\/wp-json\/wp\/v2\/media\/13129"}],"wp:attachment":[{"href":"https:\/\/petitecave.ch\/de\/wp-json\/wp\/v2\/media?parent=9695"}],"wp:term":[{"taxonomy":"product_cat","embeddable":true,"href":"https:\/\/petitecave.ch\/de\/wp-json\/wp\/v2\/product_cat?post=9695"},{"taxonomy":"product_tag","embeddable":true,"href":"https:\/\/petitecave.ch\/de\/wp-json\/wp\/v2\/product_tag?post=9695"}],"curies":[{"name":"wp","href":"https:\/\/api.w.org\/{rel}","templated":true}]}}