{"id":9694,"date":"2025-10-28T10:47:05","date_gmt":"2025-10-28T10:47:05","guid":{"rendered":""},"modified":"2026-04-07T13:53:02","modified_gmt":"2026-04-07T11:53:02","slug":"grisette-blonde-bio-25cl","status":"publish","type":"product","link":"https:\/\/petitecave.ch\/de\/product\/grisette-blonde-bio-25cl\/","title":{"rendered":"Grisette Blonde BIO 25cl"},"content":{"rendered":"<p><strong>Visuel :<\/strong> Robe jaune paille avec une mousse fine et blanche<\/p>\n<p><strong>Nez :<\/strong> Ar\u00f4mes herbac\u00e9s, malt\u00e9s, houblonn\u00e9s et fruit\u00e9s<\/p>\n<p><strong>Go\u00fbt :<\/strong> Saveurs herbac\u00e9es, houblonn\u00e9es, florales et fruit\u00e9es<\/p>","protected":false},"excerpt":{"rendered":"<p><strong>Grisette Blonde BIO &#8211; Brasserie St-Feuillien<\/strong><\/p>\n<p><strong><\/strong><\/p>\n<p><em>Fabriqu\u00e9e dans le respect de la tradition, la Grisette Blonde Bio ne subit aucun traitement bio-chimique et est aujourd\u2019hui certifi\u00e9e naturellement bio et sans gluten.<\/em><\/p>","protected":false},"featured_media":13128,"comment_status":"open","ping_status":"closed","template":"","meta":[],"product_cat":[250],"product_tag":[],"class_list":{"0":"post-9694","1":"product","2":"type-product","3":"status-publish","4":"has-post-thumbnail","6":"product_cat-bieres","7":"pa_categorie-bieres-blondes","8":"pa_color-blonde","9":"pa_country-belgique","10":"pa_style-pale-ale","11":"product_deptype-0-30","12":"_wholesalex wsx-wholesalex-product","14":"first","15":"instock","16":"taxable","17":"shipping-taxable","18":"purchasable","19":"product-type-simple"},"_links":{"self":[{"href":"https:\/\/petitecave.ch\/de\/wp-json\/wp\/v2\/product\/9694","targetHints":{"allow":["GET"]}}],"collection":[{"href":"https:\/\/petitecave.ch\/de\/wp-json\/wp\/v2\/product"}],"about":[{"href":"https:\/\/petitecave.ch\/de\/wp-json\/wp\/v2\/types\/product"}],"replies":[{"embeddable":true,"href":"https:\/\/petitecave.ch\/de\/wp-json\/wp\/v2\/comments?post=9694"}],"wp:featuredmedia":[{"embeddable":true,"href":"https:\/\/petitecave.ch\/de\/wp-json\/wp\/v2\/media\/13128"}],"wp:attachment":[{"href":"https:\/\/petitecave.ch\/de\/wp-json\/wp\/v2\/media?parent=9694"}],"wp:term":[{"taxonomy":"product_cat","embeddable":true,"href":"https:\/\/petitecave.ch\/de\/wp-json\/wp\/v2\/product_cat?post=9694"},{"taxonomy":"product_tag","embeddable":true,"href":"https:\/\/petitecave.ch\/de\/wp-json\/wp\/v2\/product_tag?post=9694"}],"curies":[{"name":"wp","href":"https:\/\/api.w.org\/{rel}","templated":true}]}}