{"id":9689,"date":"2025-10-28T10:47:01","date_gmt":"2025-10-28T10:47:01","guid":{"rendered":""},"modified":"2026-04-07T13:31:54","modified_gmt":"2026-04-07T11:31:54","slug":"blanche-de-bruxelles-33cl","status":"publish","type":"product","link":"https:\/\/petitecave.ch\/de\/product\/blanche-de-bruxelles-33cl\/","title":{"rendered":"Blanche de Bruxelles 33cl"},"content":{"rendered":"<p><strong>Visuel : <\/strong>Robe naturellement opalescente surmont\u00e9e d&rsquo;une mousse tr\u00e8s blanche et dense<\/p>\n<p><strong>Nez :\u00a0<\/strong>L\u00e9g\u00e8rement \u00e9pic\u00e9 avec des ar\u00f4mes de coriandre , de malt et de houblon<\/p>\n<p><strong>Go\u00fbt :\u00a0<\/strong>Saveurs d&rsquo;agrumes, de levure, de coriandre, de malt et de houblon<\/p>","protected":false},"excerpt":{"rendered":"<p><strong>Blanche de Bruxelles &#8211; Brasserie Lefebvre &#8211; Quenast\u00a0<\/strong><\/p>\n<\/p>\n<p><em>Brass\u00e9e avec 40% de bl\u00e9 tendre, la coriandre et les \u00e9corces d\u2019orange am\u00e8re ajout\u00e9es lors de l\u2019\u00e9bullition du mo\u00fbt lui conf\u00e8rent un nez l\u00e9g\u00e8rement \u00e9pic\u00e9 mais sans ostentation. Malgr\u00e9 une bouche moelleuse et onctueuse typiquement caract\u00e9ris\u00e9e par la mise en \u0153uvre de bl\u00e9 tendre, cette blanche l\u00e9g\u00e8re et \u00e9quilibr\u00e9e pr\u00e9sente beaucoup de fraicheur. Sa complexit\u00e9 aromatique et son taux d\u2019alcool mod\u00e9r\u00e9 font de Blanche de Bruxelles une bi\u00e8re vraiment pas comme les autres.<\/em><\/p>","protected":false},"featured_media":18889,"comment_status":"open","ping_status":"closed","template":"","meta":[],"product_cat":[250],"product_tag":[],"class_list":{"0":"post-9689","1":"product","2":"type-product","3":"status-publish","4":"has-post-thumbnail","6":"product_cat-bieres","7":"pa_categorie-bieres-blanches","8":"pa_country-belgique","9":"pa_style-witbier","10":"product_deptype-0-30","11":"_wholesalex wsx-wholesalex-product","13":"first","14":"instock","15":"taxable","16":"shipping-taxable","17":"purchasable","18":"product-type-simple"},"_links":{"self":[{"href":"https:\/\/petitecave.ch\/de\/wp-json\/wp\/v2\/product\/9689","targetHints":{"allow":["GET"]}}],"collection":[{"href":"https:\/\/petitecave.ch\/de\/wp-json\/wp\/v2\/product"}],"about":[{"href":"https:\/\/petitecave.ch\/de\/wp-json\/wp\/v2\/types\/product"}],"replies":[{"embeddable":true,"href":"https:\/\/petitecave.ch\/de\/wp-json\/wp\/v2\/comments?post=9689"}],"wp:featuredmedia":[{"embeddable":true,"href":"https:\/\/petitecave.ch\/de\/wp-json\/wp\/v2\/media\/18889"}],"wp:attachment":[{"href":"https:\/\/petitecave.ch\/de\/wp-json\/wp\/v2\/media?parent=9689"}],"wp:term":[{"taxonomy":"product_cat","embeddable":true,"href":"https:\/\/petitecave.ch\/de\/wp-json\/wp\/v2\/product_cat?post=9689"},{"taxonomy":"product_tag","embeddable":true,"href":"https:\/\/petitecave.ch\/de\/wp-json\/wp\/v2\/product_tag?post=9689"}],"curies":[{"name":"wp","href":"https:\/\/api.w.org\/{rel}","templated":true}]}}