{"id":9687,"date":"2025-10-28T10:46:59","date_gmt":"2025-10-28T10:46:59","guid":{"rendered":""},"modified":"2026-04-07T14:02:49","modified_gmt":"2026-04-07T12:02:49","slug":"gruut-blanche-33cl","status":"publish","type":"product","link":"https:\/\/petitecave.ch\/de\/product\/gruut-blanche-33cl\/","title":{"rendered":"Gruut Blanche 33cl"},"content":{"rendered":"<p><b>Visuel :\u00a0<\/b>Robe blond dor\u00e9e opaque avec une \u00e9paisse mousse blanche\u00a0<\/p>\n<p><b>Nez :\u00a0<\/b>Odeurs fruit\u00e9es avec une l\u00e9g\u00e8re touche d&rsquo;herbes<\/p>\n<p><b>Go\u00fbt :\u00a0<\/b>Saveurs rondes, subtiles et complexes gr\u00e2ce aux herbes<\/p>","protected":false},"excerpt":{"rendered":"<p><strong>Gruut Blanche &#8211; Brasserie Gruut\u00a0<\/strong><\/p>","protected":false},"featured_media":13121,"comment_status":"open","ping_status":"closed","template":"","meta":[],"product_cat":[250],"product_tag":[],"class_list":{"0":"post-9687","1":"product","2":"type-product","3":"status-publish","4":"has-post-thumbnail","6":"product_cat-bieres","7":"pa_categorie-bieres-blanches","8":"pa_color-blanche","9":"pa_country-belgique","10":"pa_style-witbier","11":"product_deptype-0-30","12":"_wholesalex wsx-wholesalex-product","14":"first","15":"instock","16":"taxable","17":"shipping-taxable","18":"purchasable","19":"product-type-simple"},"_links":{"self":[{"href":"https:\/\/petitecave.ch\/de\/wp-json\/wp\/v2\/product\/9687","targetHints":{"allow":["GET"]}}],"collection":[{"href":"https:\/\/petitecave.ch\/de\/wp-json\/wp\/v2\/product"}],"about":[{"href":"https:\/\/petitecave.ch\/de\/wp-json\/wp\/v2\/types\/product"}],"replies":[{"embeddable":true,"href":"https:\/\/petitecave.ch\/de\/wp-json\/wp\/v2\/comments?post=9687"}],"wp:featuredmedia":[{"embeddable":true,"href":"https:\/\/petitecave.ch\/de\/wp-json\/wp\/v2\/media\/13121"}],"wp:attachment":[{"href":"https:\/\/petitecave.ch\/de\/wp-json\/wp\/v2\/media?parent=9687"}],"wp:term":[{"taxonomy":"product_cat","embeddable":true,"href":"https:\/\/petitecave.ch\/de\/wp-json\/wp\/v2\/product_cat?post=9687"},{"taxonomy":"product_tag","embeddable":true,"href":"https:\/\/petitecave.ch\/de\/wp-json\/wp\/v2\/product_tag?post=9687"}],"curies":[{"name":"wp","href":"https:\/\/api.w.org\/{rel}","templated":true}]}}