{"id":9686,"date":"2025-10-28T10:46:57","date_gmt":"2025-10-28T10:46:57","guid":{"rendered":""},"modified":"2026-02-13T12:37:53","modified_gmt":"2026-02-13T11:37:53","slug":"mc-chouffe-33cl","status":"publish","type":"product","link":"https:\/\/petitecave.ch\/de\/product\/mc-chouffe-33cl\/","title":{"rendered":"Mc Chouffe 33cl"},"content":{"rendered":"<p><strong>Visuel :\u00a0<\/strong>Robe brune \u00e0 la fine mousse beige<\/p>\n<p><strong>Nez :\u00a0<\/strong>Ar\u00f4mes d&rsquo;\u00e9pices, de caramel et de fruits<\/p>\n<p><strong>Go\u00fbt\u00a0:\u00a0<\/strong>Saveurs de fruits, de malt grill\u00e9, de caramel et de levure<\/p>","protected":false},"excerpt":{"rendered":"<p><strong>Mc Chouffe &#8211; Brasserie d&rsquo;Achouffe<\/strong><\/p>\n<\/p>\n<p>Pour Malcom, le lutin au kilt et \u00e0 l&rsquo;accent anglais, la r\u00e9ponse est tr\u00e8s clair&#8230; \u00ab\u00a0Fais le bien, CHOUFFE fera le mieux\u00a0\u00bb. Proverbe \u00e9cossais (selon Malcom)<\/p>","protected":false},"featured_media":13119,"comment_status":"open","ping_status":"closed","template":"","meta":[],"product_cat":[250],"product_tag":[],"class_list":{"0":"post-9686","1":"product","2":"type-product","3":"status-publish","4":"has-post-thumbnail","6":"product_cat-bieres","7":"pa_color-brune","8":"pa_country-belgique","9":"pa_style-strong-ale","10":"product_deptype-0-30","11":"_wholesalex wsx-wholesalex-product","13":"first","14":"instock","15":"taxable","16":"shipping-taxable","17":"purchasable","18":"product-type-simple"},"_links":{"self":[{"href":"https:\/\/petitecave.ch\/de\/wp-json\/wp\/v2\/product\/9686","targetHints":{"allow":["GET"]}}],"collection":[{"href":"https:\/\/petitecave.ch\/de\/wp-json\/wp\/v2\/product"}],"about":[{"href":"https:\/\/petitecave.ch\/de\/wp-json\/wp\/v2\/types\/product"}],"replies":[{"embeddable":true,"href":"https:\/\/petitecave.ch\/de\/wp-json\/wp\/v2\/comments?post=9686"}],"wp:featuredmedia":[{"embeddable":true,"href":"https:\/\/petitecave.ch\/de\/wp-json\/wp\/v2\/media\/13119"}],"wp:attachment":[{"href":"https:\/\/petitecave.ch\/de\/wp-json\/wp\/v2\/media?parent=9686"}],"wp:term":[{"taxonomy":"product_cat","embeddable":true,"href":"https:\/\/petitecave.ch\/de\/wp-json\/wp\/v2\/product_cat?post=9686"},{"taxonomy":"product_tag","embeddable":true,"href":"https:\/\/petitecave.ch\/de\/wp-json\/wp\/v2\/product_tag?post=9686"}],"curies":[{"name":"wp","href":"https:\/\/api.w.org\/{rel}","templated":true}]}}