{"id":9685,"date":"2025-10-28T10:46:56","date_gmt":"2025-10-28T10:46:56","guid":{"rendered":""},"modified":"2026-04-07T13:41:18","modified_gmt":"2026-04-07T11:41:18","slug":"chouffe-ipa-33cl","status":"publish","type":"product","link":"https:\/\/petitecave.ch\/de\/product\/chouffe-ipa-33cl\/","title":{"rendered":"Chouffe IPA 33cl"},"content":{"rendered":"<p><strong>Visuel :\u00a0<\/strong>Robe orang\u00e9e l\u00e9g\u00e8rement trouble<\/p>\n<p><strong>Nez :\u00a0<\/strong>Equilibr\u00e9 sur le houblon, les \u00e9pices et le malt<\/p>\n<p><strong>Go\u00fbt :\u00a0<\/strong>Bouche puissante \u00e9pic\u00e9e et houblonn\u00e9e<\/p>","protected":false},"excerpt":{"rendered":"<p><strong>Chouffe IPA<\/strong><strong>\u00a0 &#8211; Brasserie d&rsquo;Achouffe<\/strong><\/p>\n<p>\u00a0<\/p>\n<p><em>Elle est\u00a0la premi\u00e8re IPA belge. Malgr\u00e9 la tentative de Matthew de garder le meilleure houblon pour lui tout seul, Houblon CHOUFFE est une bi\u00e8re qui met d&rsquo;accord tus nos lutins.\u00a0<\/em><\/p>","protected":false},"featured_media":13118,"comment_status":"open","ping_status":"closed","template":"","meta":[],"product_cat":[250],"product_tag":[],"class_list":{"0":"post-9685","1":"product","2":"type-product","3":"status-publish","4":"has-post-thumbnail","6":"product_cat-bieres","7":"pa_categorie-bieres-blondes","8":"pa_color-blonde","9":"pa_country-belgique","10":"pa_style-ipa","11":"product_deptype-0-30","12":"_wholesalex wsx-wholesalex-product","14":"first","15":"instock","16":"taxable","17":"shipping-taxable","18":"purchasable","19":"product-type-simple"},"_links":{"self":[{"href":"https:\/\/petitecave.ch\/de\/wp-json\/wp\/v2\/product\/9685","targetHints":{"allow":["GET"]}}],"collection":[{"href":"https:\/\/petitecave.ch\/de\/wp-json\/wp\/v2\/product"}],"about":[{"href":"https:\/\/petitecave.ch\/de\/wp-json\/wp\/v2\/types\/product"}],"replies":[{"embeddable":true,"href":"https:\/\/petitecave.ch\/de\/wp-json\/wp\/v2\/comments?post=9685"}],"wp:featuredmedia":[{"embeddable":true,"href":"https:\/\/petitecave.ch\/de\/wp-json\/wp\/v2\/media\/13118"}],"wp:attachment":[{"href":"https:\/\/petitecave.ch\/de\/wp-json\/wp\/v2\/media?parent=9685"}],"wp:term":[{"taxonomy":"product_cat","embeddable":true,"href":"https:\/\/petitecave.ch\/de\/wp-json\/wp\/v2\/product_cat?post=9685"},{"taxonomy":"product_tag","embeddable":true,"href":"https:\/\/petitecave.ch\/de\/wp-json\/wp\/v2\/product_tag?post=9685"}],"curies":[{"name":"wp","href":"https:\/\/api.w.org\/{rel}","templated":true}]}}