{"id":9684,"date":"2025-10-28T10:46:54","date_gmt":"2025-10-28T10:46:54","guid":{"rendered":""},"modified":"2026-04-07T13:40:12","modified_gmt":"2026-04-07T11:40:12","slug":"cherry-chouffe-33cl","status":"publish","type":"product","link":"https:\/\/petitecave.ch\/de\/product\/cherry-chouffe-33cl\/","title":{"rendered":"Cherry Chouffe 33cl"},"content":{"rendered":"<p><strong>Visuel :\u00a0<\/strong>Robe rouge coiff\u00e9e d&rsquo;une mousse dense et cr\u00e9meuse couleur ros\u00e9e<\/p>\n<p><strong>Nez :\u00a0<\/strong>Ar\u00f4mes de cerises, d&rsquo;amandes et de malt<\/p>\n<p><strong>Go\u00fbt :\u00a0<\/strong>Saveurs fruit\u00e9es et sucr\u00e9es de malt et de cerise<\/p>","protected":false},"excerpt":{"rendered":"<p><strong>Cherry Chouffe\u00a0 &#8211; Brasserie d&rsquo;Achouffe<\/strong><\/p>\n<\/p>\n<p><em>Avec le vrai jus de cerise que contient la Cherry Chouffe, Marcel et Micheline ont besoin de cerises, pour donne une belle couleur rubis \u00e0 cette d\u00e9liCHOUFFE bi\u00e8re. Les lutins adorent les cerises bien juteuses\u2026 un peu trop parfois !<\/em><\/p>","protected":false},"featured_media":0,"comment_status":"open","ping_status":"closed","template":"","meta":[],"product_cat":[250],"product_tag":[],"class_list":{"0":"post-9684","1":"product","2":"type-product","3":"status-publish","5":"product_cat-bieres","6":"pa_categorie-bieres-fruitees","7":"pa_color-rubis","8":"pa_country-belgique","9":"pa_style-fruitbier","10":"product_deptype-0-30","11":"_wholesalex wsx-wholesalex-product","13":"first","14":"instock","15":"taxable","16":"shipping-taxable","17":"purchasable","18":"product-type-simple"},"yoast_head":"<!-- This site is optimized with the Yoast SEO plugin v27.4 - https:\/\/yoast.com\/product\/yoast-seo-wordpress\/ -->\n<title>Cherry Chouffe 33cl | La Petite Cave du Chablais<\/title>\n<meta name=\"robots\" content=\"index, follow, max-snippet:-1, max-image-preview:large, max-video-preview:-1\" \/>\n<link rel=\"canonical\" href=\"https:\/\/petitecave.ch\/de\/product\/cherry-chouffe-33cl\/\" \/>\n<meta property=\"og:locale\" content=\"de_DE\" \/>\n<meta property=\"og:type\" content=\"article\" \/>\n<meta property=\"og:title\" content=\"Cherry Chouffe 33cl | La Petite Cave du Chablais\" \/>\n<meta property=\"og:description\" content=\"Cherry Chouffe\u00a0 - Brasserie d&#039;Achouffe Avec le vrai jus de cerise que contient la Cherry Chouffe, Marcel et Micheline ont besoin de cerises, pour donne une belle couleur rubis \u00e0 cette d\u00e9liCHOUFFE bi\u00e8re. Les lutins adorent les cerises bien juteuses\u2026 un peu trop parfois !\" \/>\n<meta property=\"og:url\" content=\"https:\/\/petitecave.ch\/de\/product\/cherry-chouffe-33cl\/\" \/>\n<meta property=\"og:site_name\" content=\"La Petite Cave du Chablais\" \/>\n<meta property=\"article:publisher\" content=\"https:\/\/www.facebook.com\/LaPetiteCaveDuChablais\" \/>\n<meta property=\"article:modified_time\" content=\"2026-04-07T11:40:12+00:00\" \/>\n<meta property=\"og:image\" content=\"https:\/\/petitecave.ch\/wp-content\/uploads\/2025\/10\/petitecavelogo-removebg-preview.png\" \/>\n\t<meta property=\"og:image:width\" content=\"800\" \/>\n\t<meta property=\"og:image:height\" content=\"200\" \/>\n\t<meta property=\"og:image:type\" content=\"image\/png\" \/>\n<meta name=\"twitter:card\" content=\"summary_large_image\" \/>\n<script type=\"application\/ld+json\" class=\"yoast-schema-graph\">{\"@context\":\"https:\\\/\\\/schema.org\",\"@graph\":[{\"@type\":\"WebPage\",\"@id\":\"https:\\\/\\\/petitecave.ch\\\/product\\\/cherry-chouffe-33cl\\\/\",\"url\":\"https:\\\/\\\/petitecave.ch\\\/product\\\/cherry-chouffe-33cl\\\/\",\"name\":\"Cherry Chouffe 33cl | La Petite Cave du Chablais\",\"isPartOf\":{\"@id\":\"https:\\\/\\\/petitecave.ch\\\/de\\\/#website\"},\"datePublished\":\"2025-10-28T10:46:54+00:00\",\"dateModified\":\"2026-04-07T11:40:12+00:00\",\"breadcrumb\":{\"@id\":\"https:\\\/\\\/petitecave.ch\\\/product\\\/cherry-chouffe-33cl\\\/#breadcrumb\"},\"inLanguage\":\"de-CH\",\"potentialAction\":[{\"@type\":\"ReadAction\",\"target\":[\"https:\\\/\\\/petitecave.ch\\\/product\\\/cherry-chouffe-33cl\\\/\"]}]},{\"@type\":\"BreadcrumbList\",\"@id\":\"https:\\\/\\\/petitecave.ch\\\/product\\\/cherry-chouffe-33cl\\\/#breadcrumb\",\"itemListElement\":[{\"@type\":\"ListItem\",\"position\":1,\"name\":\"Accueil\",\"item\":\"https:\\\/\\\/petitecave.ch\\\/de\\\/\"},{\"@type\":\"ListItem\",\"position\":2,\"name\":\"Produkte\",\"item\":\"https:\\\/\\\/petitecave.ch\\\/de\\\/shop\\\/\"},{\"@type\":\"ListItem\",\"position\":3,\"name\":\"Cherry Chouffe 33cl\"}]},{\"@type\":\"WebSite\",\"@id\":\"https:\\\/\\\/petitecave.ch\\\/de\\\/#website\",\"url\":\"https:\\\/\\\/petitecave.ch\\\/de\\\/\",\"name\":\"La Petite Cave du Chablais\",\"description\":\"Vins, bi\u00e8res et spiritueux en ligne !\",\"publisher\":{\"@id\":\"https:\\\/\\\/petitecave.ch\\\/de\\\/#organization\"},\"alternateName\":\"La Petite Cave\",\"potentialAction\":[{\"@type\":\"SearchAction\",\"target\":{\"@type\":\"EntryPoint\",\"urlTemplate\":\"https:\\\/\\\/petitecave.ch\\\/de\\\/?s={search_term_string}\"},\"query-input\":{\"@type\":\"PropertyValueSpecification\",\"valueRequired\":true,\"valueName\":\"search_term_string\"}}],\"inLanguage\":\"de-CH\"},{\"@type\":\"Organization\",\"@id\":\"https:\\\/\\\/petitecave.ch\\\/de\\\/#organization\",\"name\":\"La Petite Cave du Chablais S\u00e0rl\",\"url\":\"https:\\\/\\\/petitecave.ch\\\/de\\\/\",\"logo\":{\"@type\":\"ImageObject\",\"inLanguage\":\"de-CH\",\"@id\":\"https:\\\/\\\/petitecave.ch\\\/de\\\/#\\\/schema\\\/logo\\\/image\\\/\",\"url\":\"https:\\\/\\\/petitecave.ch\\\/wp-content\\\/uploads\\\/2025\\\/10\\\/petitecavelogo-removebg-preview.png\",\"contentUrl\":\"https:\\\/\\\/petitecave.ch\\\/wp-content\\\/uploads\\\/2025\\\/10\\\/petitecavelogo-removebg-preview.png\",\"width\":800,\"height\":200,\"caption\":\"La Petite Cave du Chablais S\u00e0rl\"},\"image\":{\"@id\":\"https:\\\/\\\/petitecave.ch\\\/de\\\/#\\\/schema\\\/logo\\\/image\\\/\"},\"sameAs\":[\"https:\\\/\\\/www.facebook.com\\\/LaPetiteCaveDuChablais\",\"https:\\\/\\\/www.instagram.com\\\/lapetitecaveduchablais\",\"https:\\\/\\\/www.linkedin.com\\\/company\\\/la-petite-cave-du-chablais\"]}]}<\/script>\n<!-- \/ Yoast SEO plugin. -->","yoast_head_json":{"title":"Cherry Chouffe 33cl | La Petite Cave du Chablais","robots":{"index":"index","follow":"follow","max-snippet":"max-snippet:-1","max-image-preview":"max-image-preview:large","max-video-preview":"max-video-preview:-1"},"canonical":"https:\/\/petitecave.ch\/de\/product\/cherry-chouffe-33cl\/","og_locale":"de_DE","og_type":"article","og_title":"Cherry Chouffe 33cl | La Petite Cave du Chablais","og_description":"Cherry Chouffe\u00a0 - Brasserie d'Achouffe Avec le vrai jus de cerise que contient la Cherry Chouffe, Marcel et Micheline ont besoin de cerises, pour donne une belle couleur rubis \u00e0 cette d\u00e9liCHOUFFE bi\u00e8re. Les lutins adorent les cerises bien juteuses\u2026 un peu trop parfois !","og_url":"https:\/\/petitecave.ch\/de\/product\/cherry-chouffe-33cl\/","og_site_name":"La Petite Cave du Chablais","article_publisher":"https:\/\/www.facebook.com\/LaPetiteCaveDuChablais","article_modified_time":"2026-04-07T11:40:12+00:00","og_image":[{"width":800,"height":200,"url":"https:\/\/petitecave.ch\/wp-content\/uploads\/2025\/10\/petitecavelogo-removebg-preview.png","type":"image\/png"}],"twitter_card":"summary_large_image","schema":{"@context":"https:\/\/schema.org","@graph":[{"@type":"WebPage","@id":"https:\/\/petitecave.ch\/product\/cherry-chouffe-33cl\/","url":"https:\/\/petitecave.ch\/product\/cherry-chouffe-33cl\/","name":"Cherry Chouffe 33cl | La Petite Cave du Chablais","isPartOf":{"@id":"https:\/\/petitecave.ch\/de\/#website"},"datePublished":"2025-10-28T10:46:54+00:00","dateModified":"2026-04-07T11:40:12+00:00","breadcrumb":{"@id":"https:\/\/petitecave.ch\/product\/cherry-chouffe-33cl\/#breadcrumb"},"inLanguage":"de-CH","potentialAction":[{"@type":"ReadAction","target":["https:\/\/petitecave.ch\/product\/cherry-chouffe-33cl\/"]}]},{"@type":"BreadcrumbList","@id":"https:\/\/petitecave.ch\/product\/cherry-chouffe-33cl\/#breadcrumb","itemListElement":[{"@type":"ListItem","position":1,"name":"Accueil","item":"https:\/\/petitecave.ch\/de\/"},{"@type":"ListItem","position":2,"name":"Produkte","item":"https:\/\/petitecave.ch\/de\/shop\/"},{"@type":"ListItem","position":3,"name":"Cherry Chouffe 33cl"}]},{"@type":"WebSite","@id":"https:\/\/petitecave.ch\/de\/#website","url":"https:\/\/petitecave.ch\/de\/","name":"Die kleine Keller des Chablais","description":"Vins, bi\u00e8res et spiritueux en ligne !","publisher":{"@id":"https:\/\/petitecave.ch\/de\/#organization"},"alternateName":"La Petite Cave","potentialAction":[{"@type":"SearchAction","target":{"@type":"EntryPoint","urlTemplate":"https:\/\/petitecave.ch\/de\/?s={search_term_string}"},"query-input":{"@type":"PropertyValueSpecification","valueRequired":true,"valueName":"search_term_string"}}],"inLanguage":"de-CH"},{"@type":"Organization","@id":"https:\/\/petitecave.ch\/de\/#organization","name":"La Petite Cave du Chablais S\u00e0rl","url":"https:\/\/petitecave.ch\/de\/","logo":{"@type":"ImageObject","inLanguage":"de-CH","@id":"https:\/\/petitecave.ch\/de\/#\/schema\/logo\/image\/","url":"https:\/\/petitecave.ch\/wp-content\/uploads\/2025\/10\/petitecavelogo-removebg-preview.png","contentUrl":"https:\/\/petitecave.ch\/wp-content\/uploads\/2025\/10\/petitecavelogo-removebg-preview.png","width":800,"height":200,"caption":"La Petite Cave du Chablais S\u00e0rl"},"image":{"@id":"https:\/\/petitecave.ch\/de\/#\/schema\/logo\/image\/"},"sameAs":["https:\/\/www.facebook.com\/LaPetiteCaveDuChablais","https:\/\/www.instagram.com\/lapetitecaveduchablais","https:\/\/www.linkedin.com\/company\/la-petite-cave-du-chablais"]}]}},"_links":{"self":[{"href":"https:\/\/petitecave.ch\/de\/wp-json\/wp\/v2\/product\/9684","targetHints":{"allow":["GET"]}}],"collection":[{"href":"https:\/\/petitecave.ch\/de\/wp-json\/wp\/v2\/product"}],"about":[{"href":"https:\/\/petitecave.ch\/de\/wp-json\/wp\/v2\/types\/product"}],"replies":[{"embeddable":true,"href":"https:\/\/petitecave.ch\/de\/wp-json\/wp\/v2\/comments?post=9684"}],"wp:attachment":[{"href":"https:\/\/petitecave.ch\/de\/wp-json\/wp\/v2\/media?parent=9684"}],"wp:term":[{"taxonomy":"product_cat","embeddable":true,"href":"https:\/\/petitecave.ch\/de\/wp-json\/wp\/v2\/product_cat?post=9684"},{"taxonomy":"product_tag","embeddable":true,"href":"https:\/\/petitecave.ch\/de\/wp-json\/wp\/v2\/product_tag?post=9684"}],"curies":[{"name":"wp","href":"https:\/\/api.w.org\/{rel}","templated":true}]}}