{"id":9681,"date":"2025-10-28T10:46:52","date_gmt":"2025-10-28T10:46:52","guid":{"rendered":""},"modified":"2026-04-07T13:41:18","modified_gmt":"2026-04-07T11:41:18","slug":"chimay-500-triple-1-5l","status":"publish","type":"product","link":"https:\/\/petitecave.ch\/de\/product\/chimay-500-triple-1-5l\/","title":{"rendered":"Chimay 500 Triple 1.5L"},"content":{"rendered":"<p><strong>Visuel :<\/strong> Robe dor\u00e9e avec une fine mousse blanche\u00a0<\/p>\n<p><strong>Nez :<\/strong> Ar\u00f4mes fruit\u00e9s, houblonn\u00e9s et des notes de levure<\/p>\n<p><strong>Go\u00fbt :<\/strong>\u00a0Bel \u00e9quilibre entre l&rsquo;amertume et les saveurs fruit\u00e9es<\/p>","protected":false},"excerpt":{"rendered":"<p><strong>Chimay 500 Triple &#8211; Abbaye de Scourmont<\/strong><\/p>\n<\/p>\n<p><em>La bi\u00e8re Chimay 500 est une triple en version magnum<\/em><\/p>","protected":false},"featured_media":13112,"comment_status":"open","ping_status":"open","template":"","meta":[],"product_cat":[250],"product_tag":[],"class_list":{"0":"post-9681","1":"product","2":"type-product","3":"status-publish","4":"has-post-thumbnail","6":"product_cat-bieres","7":"pa_categorie-bieres-blondes","8":"pa_color-blonde","9":"pa_country-belgique","10":"pa_style-tripel","11":"_wholesalex wsx-wholesalex-product","13":"first","14":"instock","15":"taxable","16":"shipping-taxable","17":"purchasable","18":"product-type-simple"},"_links":{"self":[{"href":"https:\/\/petitecave.ch\/de\/wp-json\/wp\/v2\/product\/9681","targetHints":{"allow":["GET"]}}],"collection":[{"href":"https:\/\/petitecave.ch\/de\/wp-json\/wp\/v2\/product"}],"about":[{"href":"https:\/\/petitecave.ch\/de\/wp-json\/wp\/v2\/types\/product"}],"replies":[{"embeddable":true,"href":"https:\/\/petitecave.ch\/de\/wp-json\/wp\/v2\/comments?post=9681"}],"wp:featuredmedia":[{"embeddable":true,"href":"https:\/\/petitecave.ch\/de\/wp-json\/wp\/v2\/media\/13112"}],"wp:attachment":[{"href":"https:\/\/petitecave.ch\/de\/wp-json\/wp\/v2\/media?parent=9681"}],"wp:term":[{"taxonomy":"product_cat","embeddable":true,"href":"https:\/\/petitecave.ch\/de\/wp-json\/wp\/v2\/product_cat?post=9681"},{"taxonomy":"product_tag","embeddable":true,"href":"https:\/\/petitecave.ch\/de\/wp-json\/wp\/v2\/product_tag?post=9681"}],"curies":[{"name":"wp","href":"https:\/\/api.w.org\/{rel}","templated":true}]}}