{"id":9679,"date":"2025-10-28T10:46:49","date_gmt":"2025-10-28T10:46:49","guid":{"rendered":""},"modified":"2026-04-07T13:42:04","modified_gmt":"2026-04-07T11:42:04","slug":"chimay-grande-r-serve-edition-whisky-2022-75cl","status":"publish","type":"product","link":"https:\/\/petitecave.ch\/de\/product\/chimay-grande-r-serve-edition-whisky-2022-75cl\/","title":{"rendered":"Chimay Grande R\u00e9serve Edition Whisky 2022 75cl"},"content":{"rendered":"<p><b>Visuel :<\/b> Robe noire fonc\u00e9e surmont\u00e9e d&rsquo;une mousse brune<\/p>\n<p><b>Nez :<\/b> Senteurs florales et fruit\u00e9es comme la violette et la fleur de sureau, ceux-ci c\u00f4toient des ar\u00f4mes d&rsquo;eau-de-vie de poire et de banane<\/p>\n<p><b>Go\u00fbt :<\/b> Le bouquet du nez est compl\u00e9t\u00e9 par des notes de noix de coco et de vanille avec de subtiles nuances de caramel et de chocolat<\/p>","protected":false},"excerpt":{"rendered":"<p style=\"text-align: left;\"><strong>Chimay Grande R\u00e9serve Edition Whisky &#8211; Abbaye de Scourmont<\/strong><\/p>\n<p style=\"text-align: left;\">\u00a0<\/p>\n<p style=\"text-align: left;\"><em>Depuis 2015, Chimay remet une m\u00e9thode ancestrale \u00e0 l&rsquo;honneur : proc\u00e9der \u00e0 une seconde fermentation de la Chimay Bleue en barrique de bois. Cette m\u00e9thode apporte des saveurs exceptionnelles et un go\u00fbt complexe qui varie selon le type de barrique utilis\u00e9e. Cette bi\u00e8re passe \u00e9galement par une troisi\u00e8me fermentation en bouteille.\u00a0<\/em><\/p>\n<p><em>La Grande R\u00e9serve ferment\u00e9 en barriques est mise dans une bouteilles noire afin d&rsquo;am\u00e9liorer la garde du produit.<\/em><\/p>\n<p><i>Embouteill\u00e9e en f\u00e9vrier 2022<\/i><\/p>\n<p style=\"text-align: left;\"><i><b><strong>Barrique de Whisky : 25%<\/strong><\/b><\/i><\/p>\n<p style=\"text-align: left;\"><i><b><strong>Ch\u00eane fran\u00e7ais : 30%<\/strong><\/b><\/i><\/p>\n<p style=\"text-align: left;\"><i><b><strong>Ch\u00eane am\u00e9ricain : 40%<\/strong><\/b><\/i><\/p>\n<p style=\"text-align: left;\"><em>Depuis 2015, Chimay remet une m\u00e9thode ancestrale \u00e0 l&rsquo;honneur : proc\u00e9der \u00e0 une seconde fermentation de la Chimay Bleue en barrique de bois. Cette m\u00e9thode apporte des saveurs exceptionnelles et un go\u00fbt complexe qui varie selon le type de barrique utilis\u00e9e. Cette bi\u00e8re passe \u00e9galement par une troisi\u00e8me fermentation en bouteille.\u00a0<\/em><\/p>\n<p><em>La Grande R\u00e9serve ferment\u00e9 en barriques est mise dans une bouteilles noire afin d&rsquo;am\u00e9liorer la garde du produit.<\/em><\/p>","protected":false},"featured_media":13109,"comment_status":"open","ping_status":"open","template":"","meta":[],"product_cat":[250],"product_tag":[],"class_list":{"0":"post-9679","1":"product","2":"type-product","3":"status-publish","4":"has-post-thumbnail","6":"product_cat-bieres","7":"pa_categorie-bieres-brunes","8":"pa_color-brune","9":"pa_country-belgique","10":"pa_style-strong-ale","11":"pa_type-biere-trappiste","12":"pa_volume-75-cl","13":"_wholesalex wsx-wholesalex-product","15":"first","16":"instock","17":"taxable","18":"shipping-taxable","19":"purchasable","20":"product-type-simple"},"_links":{"self":[{"href":"https:\/\/petitecave.ch\/de\/wp-json\/wp\/v2\/product\/9679","targetHints":{"allow":["GET"]}}],"collection":[{"href":"https:\/\/petitecave.ch\/de\/wp-json\/wp\/v2\/product"}],"about":[{"href":"https:\/\/petitecave.ch\/de\/wp-json\/wp\/v2\/types\/product"}],"replies":[{"embeddable":true,"href":"https:\/\/petitecave.ch\/de\/wp-json\/wp\/v2\/comments?post=9679"}],"wp:featuredmedia":[{"embeddable":true,"href":"https:\/\/petitecave.ch\/de\/wp-json\/wp\/v2\/media\/13109"}],"wp:attachment":[{"href":"https:\/\/petitecave.ch\/de\/wp-json\/wp\/v2\/media?parent=9679"}],"wp:term":[{"taxonomy":"product_cat","embeddable":true,"href":"https:\/\/petitecave.ch\/de\/wp-json\/wp\/v2\/product_cat?post=9679"},{"taxonomy":"product_tag","embeddable":true,"href":"https:\/\/petitecave.ch\/de\/wp-json\/wp\/v2\/product_tag?post=9679"}],"curies":[{"name":"wp","href":"https:\/\/api.w.org\/{rel}","templated":true}]}}