{"id":9678,"date":"2025-10-28T10:46:48","date_gmt":"2025-10-28T10:46:48","guid":{"rendered":""},"modified":"2026-04-07T13:41:18","modified_gmt":"2026-04-07T11:41:18","slug":"chimay-triple-33cl","status":"publish","type":"product","link":"https:\/\/petitecave.ch\/de\/product\/chimay-triple-33cl\/","title":{"rendered":"Chimay Triple 33cl"},"content":{"rendered":"<p><strong>Visuel :<\/strong> Robe dor\u00e9e avec une fine mousse blanche\u00a0<\/p>\n<p><strong>Nez :<\/strong> Ar\u00f4mes fruit\u00e9s, houblonn\u00e9s et des notes de levure<\/p>\n<p><strong>Go\u00fbt :\u00a0<\/strong>Bel \u00e9quilibre entre l&rsquo;amertume et les saveurs fruit\u00e9es<\/p>","protected":false},"excerpt":{"rendered":"<p><strong>Chimay Triple &#8211; Abbaye de Scourmont<\/strong><\/p>\n<p><strong><\/strong><\/p>\n<p><em><\/em><i>La Chimay Triple est une bi\u00e8re trappiste triple. En Belgique, elle compte certainement parmi les bi\u00e8res triples les plus connues. Brass\u00e9 \u00e0 l&rsquo;Abbaye de Scourmont, elle est issue du savoir-faire des moines Cisterciens-Trappistes.\u00a0<\/i><\/p>\n<p><i>Il est tr\u00e8s fortement conseill\u00e9 de consommer cette bi\u00e8re blonde relativement jeune, fraiche (6 \u00e0 8\u00b0) et dans son verre Chimay afin de pouvoir l&rsquo;appr\u00e9cier pleinement !<\/i><\/p>\n<p><i>Pour les amateurs de bi\u00e8res trappistes, nous vous proposons de d\u00e9couvrir une des meilleures bi\u00e8res du monde, la Westvleteren 12, \u00e9lue deux fois \u00ab\u00a0meilleure bi\u00e8re de l&rsquo;ann\u00e9e<\/i><\/p>","protected":false},"featured_media":13108,"comment_status":"open","ping_status":"closed","template":"","meta":[],"product_cat":[250],"product_tag":[],"class_list":{"0":"post-9678","1":"product","2":"type-product","3":"status-publish","4":"has-post-thumbnail","6":"product_cat-bieres","7":"pa_categorie-bieres-blondes","8":"pa_color-blonde","9":"pa_country-belgique","10":"pa_style-tripel","11":"pa_type-biere-trappiste","12":"product_deptype-0-30","13":"_wholesalex wsx-wholesalex-product","15":"first","16":"instock","17":"taxable","18":"shipping-taxable","19":"purchasable","20":"product-type-simple"},"_links":{"self":[{"href":"https:\/\/petitecave.ch\/de\/wp-json\/wp\/v2\/product\/9678","targetHints":{"allow":["GET"]}}],"collection":[{"href":"https:\/\/petitecave.ch\/de\/wp-json\/wp\/v2\/product"}],"about":[{"href":"https:\/\/petitecave.ch\/de\/wp-json\/wp\/v2\/types\/product"}],"replies":[{"embeddable":true,"href":"https:\/\/petitecave.ch\/de\/wp-json\/wp\/v2\/comments?post=9678"}],"wp:featuredmedia":[{"embeddable":true,"href":"https:\/\/petitecave.ch\/de\/wp-json\/wp\/v2\/media\/13108"}],"wp:attachment":[{"href":"https:\/\/petitecave.ch\/de\/wp-json\/wp\/v2\/media?parent=9678"}],"wp:term":[{"taxonomy":"product_cat","embeddable":true,"href":"https:\/\/petitecave.ch\/de\/wp-json\/wp\/v2\/product_cat?post=9678"},{"taxonomy":"product_tag","embeddable":true,"href":"https:\/\/petitecave.ch\/de\/wp-json\/wp\/v2\/product_tag?post=9678"}],"curies":[{"name":"wp","href":"https:\/\/api.w.org\/{rel}","templated":true}]}}