{"id":9677,"date":"2025-10-28T10:46:47","date_gmt":"2025-10-28T10:46:47","guid":{"rendered":""},"modified":"2026-04-07T13:36:19","modified_gmt":"2026-04-07T11:36:19","slug":"carolus-imperial-blond-cuv-e-van-de-keizer-75cl","status":"publish","type":"product","link":"https:\/\/petitecave.ch\/de\/product\/carolus-imperial-blond-cuv-e-van-de-keizer-75cl\/","title":{"rendered":"Carolus Imperial Blond &#8211; Cuv\u00e9e Van de Keizer 75cl"},"content":{"rendered":"<p><strong>Visuel :\u00a0<\/strong>Robe blonde aux reflets troubles et \u00e0 la belle mousse blanche<\/p>\n<p><strong>Nez :\u00a0<\/strong>Ar\u00f4mes houblonn\u00e9s et \u00e9pic\u00e9s<\/p>\n<p><strong>Go\u00fbt :\u00a0<\/strong>Notes de houblon, de fruits blancs et de c\u00e9r\u00e9ales<\/p>","protected":false},"excerpt":{"rendered":"<p><strong>Carolus Imperial Blond &#8211; Cuv\u00e9e Van de Keizer &#8211; Brasserie Het Anker<\/strong><\/p>\n<\/p>\n<p><em>La Gouden Carolus Cuv\u00e9e van de Keizer Imperial Blonde est une bi\u00e8re blonde forte lanc\u00e9e \u00e0 l&rsquo;occasion des \u00ab\u00a010 ans de la Gouden Carolus Cuv\u00e9e van de Keizer Imperial Dark\u00a0\u00bb en 2008. Elle contient plusieurs sortes de malts et 3 \u00e9pices diff\u00e9rentes y sont encore ajout\u00e9es en cours de brassage.\u00a0<\/em><\/p>","protected":false},"featured_media":18881,"comment_status":"open","ping_status":"open","template":"","meta":[],"product_cat":[250],"product_tag":[],"class_list":{"0":"post-9677","1":"product","2":"type-product","3":"status-publish","4":"has-post-thumbnail","6":"product_cat-bieres","7":"pa_categorie-bieres-blondes","8":"pa_color-blonde","9":"pa_country-belgique","10":"pa_style-pale-ale","11":"pa_volume-75-cl","12":"_wholesalex wsx-wholesalex-product","14":"first","15":"instock","16":"taxable","17":"shipping-taxable","18":"purchasable","19":"product-type-simple"},"_links":{"self":[{"href":"https:\/\/petitecave.ch\/de\/wp-json\/wp\/v2\/product\/9677","targetHints":{"allow":["GET"]}}],"collection":[{"href":"https:\/\/petitecave.ch\/de\/wp-json\/wp\/v2\/product"}],"about":[{"href":"https:\/\/petitecave.ch\/de\/wp-json\/wp\/v2\/types\/product"}],"replies":[{"embeddable":true,"href":"https:\/\/petitecave.ch\/de\/wp-json\/wp\/v2\/comments?post=9677"}],"wp:featuredmedia":[{"embeddable":true,"href":"https:\/\/petitecave.ch\/de\/wp-json\/wp\/v2\/media\/18881"}],"wp:attachment":[{"href":"https:\/\/petitecave.ch\/de\/wp-json\/wp\/v2\/media?parent=9677"}],"wp:term":[{"taxonomy":"product_cat","embeddable":true,"href":"https:\/\/petitecave.ch\/de\/wp-json\/wp\/v2\/product_cat?post=9677"},{"taxonomy":"product_tag","embeddable":true,"href":"https:\/\/petitecave.ch\/de\/wp-json\/wp\/v2\/product_tag?post=9677"}],"curies":[{"name":"wp","href":"https:\/\/api.w.org\/{rel}","templated":true}]}}