{"id":9672,"date":"2025-10-28T10:46:43","date_gmt":"2025-10-28T10:46:43","guid":{"rendered":""},"modified":"2026-04-07T13:34:30","modified_gmt":"2026-04-07T11:34:30","slug":"brunehaut-bio-blanche-33cl","status":"publish","type":"product","link":"https:\/\/petitecave.ch\/de\/product\/brunehaut-bio-blanche-33cl\/","title":{"rendered":"Brunehaut BIO Blanche 33cl"},"content":{"rendered":"<p><strong>Visuel :<\/strong> Sa robe trouble est rehauss\u00e9e d&rsquo;une mousse compacte, semi-persistante<\/p>\n<p><strong>Nez :<\/strong>\u00a0Fruit\u00e9, on y retrouve notamment des notes de fruits jaunes<\/p>\n<\/p>\n<p><strong>Go\u00fbt :<\/strong> L&rsquo;attaque est vive, finement malt\u00e9e, arrive ensuite l&rsquo;acidit\u00e9, pour finir sur une bouche d\u00e9salt\u00e9rante<\/p>","protected":false},"excerpt":{"rendered":"<p><strong>Brunehaut BIO Blanche &#8211; Brasserie de Brunehaut\u00a0<\/strong><\/p>\n<p><strong><\/strong><\/p>\n<p>La brasserie Brunehaut est habitu\u00e9e \u00e0 proposer des bi\u00e8res de qualit\u00e9. On retrouve dans sa gamme des bi\u00e8res d\u2019Abbaye, des bi\u00e8res r\u00e9gionales et donc des bi\u00e8res bio. Ainsi, cette Brunehaut blanche est une authentique bi\u00e8re biologique blanche.<\/p>","protected":false},"featured_media":13102,"comment_status":"open","ping_status":"closed","template":"","meta":[],"product_cat":[250],"product_tag":[],"class_list":{"0":"post-9672","1":"product","2":"type-product","3":"status-publish","4":"has-post-thumbnail","6":"product_cat-bieres","7":"pa_categorie-bieres-blanches","8":"pa_color-blanche","9":"pa_country-belgique","10":"pa_style-witbier","11":"product_deptype-0-30","12":"_wholesalex wsx-wholesalex-product","14":"first","15":"instock","16":"taxable","17":"shipping-taxable","18":"purchasable","19":"product-type-simple"},"_links":{"self":[{"href":"https:\/\/petitecave.ch\/de\/wp-json\/wp\/v2\/product\/9672","targetHints":{"allow":["GET"]}}],"collection":[{"href":"https:\/\/petitecave.ch\/de\/wp-json\/wp\/v2\/product"}],"about":[{"href":"https:\/\/petitecave.ch\/de\/wp-json\/wp\/v2\/types\/product"}],"replies":[{"embeddable":true,"href":"https:\/\/petitecave.ch\/de\/wp-json\/wp\/v2\/comments?post=9672"}],"wp:featuredmedia":[{"embeddable":true,"href":"https:\/\/petitecave.ch\/de\/wp-json\/wp\/v2\/media\/13102"}],"wp:attachment":[{"href":"https:\/\/petitecave.ch\/de\/wp-json\/wp\/v2\/media?parent=9672"}],"wp:term":[{"taxonomy":"product_cat","embeddable":true,"href":"https:\/\/petitecave.ch\/de\/wp-json\/wp\/v2\/product_cat?post=9672"},{"taxonomy":"product_tag","embeddable":true,"href":"https:\/\/petitecave.ch\/de\/wp-json\/wp\/v2\/product_tag?post=9672"}],"curies":[{"name":"wp","href":"https:\/\/api.w.org\/{rel}","templated":true}]}}