{"id":9671,"date":"2025-10-28T10:46:42","date_gmt":"2025-10-28T10:46:42","guid":{"rendered":""},"modified":"2026-02-13T14:13:10","modified_gmt":"2026-02-13T13:13:10","slug":"boon-oude-kriek-37-5cl","status":"publish","type":"product","link":"https:\/\/petitecave.ch\/de\/product\/boon-oude-kriek-37-5cl\/","title":{"rendered":"Boon Oude Kriek 37.5cl"},"content":{"rendered":"<p><strong>Visuel :\u00a0<\/strong>Robe rouge\u00a0p\u00e9tillante et mousse ros\u00e9e\u00a0<\/p>\n<p><strong>Nez :\u00a0<\/strong>Notes de griottes<\/p>\n<p><strong>Go\u00fbt :\u00a0<\/strong>Saveur de cerises aigres-douces, pure et non sucr\u00e9e\u00a0 \u00a0<\/p>\n<p><strong>Temps de garde :<\/strong> 20 ans (bouteille couch\u00e9e)<\/p>","protected":false},"excerpt":{"rendered":"<p><strong>Boon Oude Kriek &#8211; Brasserie F Boon &#8211; Halle<\/strong><\/p>\n<p><strong><\/strong><\/p>\n<p><em>Frank Boon \u00e9labore la Kriek \u00e0 l&rsquo;ancienne selon le savoir-faire de tradition, la Kriek provient de la mac\u00e9ration de cerises dans du Lambic d&rsquo;un an, 400gr de cerises par litre et un vieillissement en f\u00fbt de ch\u00eane sont n\u00e9cessaires pour obtenir une qualit\u00e9 remarquable.<\/em><\/p>\n<p><em><strong>M\u00e9daille d&rsquo;Or en 2014\u00a0<\/strong><\/em><\/p>","protected":false},"featured_media":13101,"comment_status":"open","ping_status":"open","template":"","meta":[],"product_cat":[250],"product_tag":[],"class_list":{"0":"post-9671","1":"product","2":"type-product","3":"status-publish","4":"has-post-thumbnail","6":"product_cat-bieres","7":"pa_color-rouge-rubis","8":"pa_country-belgique","9":"pa_style-fruitbier","10":"pa_style-lambic","11":"_wholesalex wsx-wholesalex-product","13":"first","14":"instock","15":"taxable","16":"shipping-taxable","17":"purchasable","18":"product-type-simple"},"_links":{"self":[{"href":"https:\/\/petitecave.ch\/de\/wp-json\/wp\/v2\/product\/9671","targetHints":{"allow":["GET"]}}],"collection":[{"href":"https:\/\/petitecave.ch\/de\/wp-json\/wp\/v2\/product"}],"about":[{"href":"https:\/\/petitecave.ch\/de\/wp-json\/wp\/v2\/types\/product"}],"replies":[{"embeddable":true,"href":"https:\/\/petitecave.ch\/de\/wp-json\/wp\/v2\/comments?post=9671"}],"wp:featuredmedia":[{"embeddable":true,"href":"https:\/\/petitecave.ch\/de\/wp-json\/wp\/v2\/media\/13101"}],"wp:attachment":[{"href":"https:\/\/petitecave.ch\/de\/wp-json\/wp\/v2\/media?parent=9671"}],"wp:term":[{"taxonomy":"product_cat","embeddable":true,"href":"https:\/\/petitecave.ch\/de\/wp-json\/wp\/v2\/product_cat?post=9671"},{"taxonomy":"product_tag","embeddable":true,"href":"https:\/\/petitecave.ch\/de\/wp-json\/wp\/v2\/product_tag?post=9671"}],"curies":[{"name":"wp","href":"https:\/\/api.w.org\/{rel}","templated":true}]}}