{"id":9670,"date":"2025-10-28T10:46:41","date_gmt":"2025-10-28T10:46:41","guid":{"rendered":""},"modified":"2026-04-07T13:38:42","modified_gmt":"2026-04-07T11:38:42","slug":"bon-secours-m-rite-33cl","status":"publish","type":"product","link":"https:\/\/petitecave.ch\/de\/product\/bon-secours-m-rite-33cl\/","title":{"rendered":"Bon Secours \u00c9m\u00e9rite 33cl"},"content":{"rendered":"<p><strong>Visuel :\u00a0<\/strong>Robe brune sombre et soutenue avec une mousse beige et cr\u00e9meuse<\/p>\n<p><strong>Nez :<\/strong> Ar\u00f4mes de malt, de levure, de sucre de fruit, de caramel et de houblon<\/p>\n<p><strong>Go\u00fbt :\u00a0<\/strong>Saveurs de sucre, de caramel, de malt grill\u00e9, d&rsquo;\u00e9pices et de levures<\/p>","protected":false},"excerpt":{"rendered":"<p><strong>Bon Secours\u00a0\u00c9m\u00e9rite &#8211; Brasserie Caulier &#8211; Bonsecours<\/strong><\/p>\n<p><i>La Bon Secours Em\u00e9rite est une bi\u00e8re brune non pasteuris\u00e9e et referment\u00e9e en bouteille.<\/i><\/p>\n<p><i><\/i><\/p>\n<p><span style=\"text-decoration:underline;\"><i>Une bi\u00e8re vivante<\/i><\/span><\/p>\n<p><i>Voulant faire d\u00e9couvrir aux connaisseurs les saveurs d\u2019autrefois, nous avons opt\u00e9 pour une fabrication \u00e0 l\u2019ancienne, pr\u00e9servant nos bi\u00e8res de filtration, de pasteurisation et de saturation au gaz carbonique. Nos bi\u00e8res sont conditionn\u00e9es dans des bouteilles dot\u00e9es de bouchons m\u00e9caniques et des casiers en bois massif.<\/i><\/p>\n<p><strong><em>Elue meilleure bi\u00e8re brune du monde en 2008 !<\/em><\/strong><\/p>","protected":false},"featured_media":13100,"comment_status":"open","ping_status":"closed","template":"","meta":[],"product_cat":[250],"product_tag":[],"class_list":{"0":"post-9670","1":"product","2":"type-product","3":"status-publish","4":"has-post-thumbnail","6":"product_cat-bieres","7":"pa_categorie-bieres-brunes","8":"pa_color-brune","9":"pa_country-belgique","10":"pa_style-strong-ale","11":"product_deptype-0-50","12":"_wholesalex wsx-wholesalex-product","14":"first","15":"instock","16":"taxable","17":"shipping-taxable","18":"purchasable","19":"product-type-simple"},"_links":{"self":[{"href":"https:\/\/petitecave.ch\/de\/wp-json\/wp\/v2\/product\/9670","targetHints":{"allow":["GET"]}}],"collection":[{"href":"https:\/\/petitecave.ch\/de\/wp-json\/wp\/v2\/product"}],"about":[{"href":"https:\/\/petitecave.ch\/de\/wp-json\/wp\/v2\/types\/product"}],"replies":[{"embeddable":true,"href":"https:\/\/petitecave.ch\/de\/wp-json\/wp\/v2\/comments?post=9670"}],"wp:featuredmedia":[{"embeddable":true,"href":"https:\/\/petitecave.ch\/de\/wp-json\/wp\/v2\/media\/13100"}],"wp:attachment":[{"href":"https:\/\/petitecave.ch\/de\/wp-json\/wp\/v2\/media?parent=9670"}],"wp:term":[{"taxonomy":"product_cat","embeddable":true,"href":"https:\/\/petitecave.ch\/de\/wp-json\/wp\/v2\/product_cat?post=9670"},{"taxonomy":"product_tag","embeddable":true,"href":"https:\/\/petitecave.ch\/de\/wp-json\/wp\/v2\/product_tag?post=9670"}],"curies":[{"name":"wp","href":"https:\/\/api.w.org\/{rel}","templated":true}]}}