{"id":9669,"date":"2025-10-28T10:46:39","date_gmt":"2025-10-28T10:46:39","guid":{"rendered":""},"modified":"2026-04-07T13:31:55","modified_gmt":"2026-04-07T11:31:55","slug":"blanche-de-namur-ros-e-25cl","status":"publish","type":"product","link":"https:\/\/petitecave.ch\/de\/product\/blanche-de-namur-ros-e-25cl\/","title":{"rendered":"Blanche de Namur Ros\u00e9e 25cl"},"content":{"rendered":"<p><strong>Visuel :<\/strong> Une robe bien ros\u00e9e avec une mousse blanche cr\u00e9meuse<\/p>\n<p><strong>Nez :<\/strong> De forts ar\u00f4mes de fruits, de framboises et de fraises\u00a0<\/p>\n<p><strong>Go\u00fbt :<\/strong> Saveurs de framboises, de fraises,\u00a0de sucre, avec un arri\u00e8re go\u00fbt floral et acidul\u00e9<\/p>","protected":false},"excerpt":{"rendered":"<p><strong>Blanche de Namur Ros\u00e9e &#8211; Brasserie du Bocq &#8211; Purnode\u00a0<\/strong><\/p>\n<\/p>\n<p><i>Un nom de princesse de conte de f\u00e9e\u2026 et si c\u2019\u00e9tait le cas ?\u00a0<\/i><\/p>\n<p><i>Blanche de Namur \u00e9tait la fille du Comte Jean de Namur, et surtout c\u2019\u00e9tait une princesse dont la beaut\u00e9 n\u2019avait d\u2019\u00e9gal que son raffinement. La l\u00e9gende raconte que Magnus IV Eriksson, Roi de Su\u00e8de et de Norv\u00e8ge, fut subjugu\u00e9 par la beaut\u00e9 de la jeune princesse, alors qu&rsquo;il faisait route pour la France en qu\u00eate d&rsquo;une \u00e9pouse.<\/i><\/p>\n<p><i>C\u2019est ainsi que la jeune princesse suivit le Roi vers ses terres scandinaves et ne rentra jamais plus dans sa contr\u00e9e natale. En m\u00e9moire \u00e0 sa beaut\u00e9, sa finesse, et sa douceur, la Brasserie Du Bocq d\u00e9cida de lui d\u00e9dier une bi\u00e8re : la Blanche de Namur.<\/i><\/p>\n<p><i>Ses qualit\u00e9s et le \u00ab savoir faire \u00bb de la brasserie belge lui ont valu la distinction de la meilleure bi\u00e8re blanche au monde (2009). \u00ab\u00a0<\/i><\/p>","protected":false},"featured_media":18890,"comment_status":"open","ping_status":"closed","template":"","meta":[],"product_cat":[250],"product_tag":[],"class_list":{"0":"post-9669","1":"product","2":"type-product","3":"status-publish","4":"has-post-thumbnail","6":"product_cat-bieres","7":"pa_categorie-bieres-blanches","8":"pa_color-rosee","9":"pa_country-belgique","10":"pa_style-fruitbier","11":"product_deptype-0-30","12":"_wholesalex wsx-wholesalex-product","14":"first","15":"instock","16":"taxable","17":"shipping-taxable","18":"purchasable","19":"product-type-simple"},"_links":{"self":[{"href":"https:\/\/petitecave.ch\/de\/wp-json\/wp\/v2\/product\/9669","targetHints":{"allow":["GET"]}}],"collection":[{"href":"https:\/\/petitecave.ch\/de\/wp-json\/wp\/v2\/product"}],"about":[{"href":"https:\/\/petitecave.ch\/de\/wp-json\/wp\/v2\/types\/product"}],"replies":[{"embeddable":true,"href":"https:\/\/petitecave.ch\/de\/wp-json\/wp\/v2\/comments?post=9669"}],"wp:featuredmedia":[{"embeddable":true,"href":"https:\/\/petitecave.ch\/de\/wp-json\/wp\/v2\/media\/18890"}],"wp:attachment":[{"href":"https:\/\/petitecave.ch\/de\/wp-json\/wp\/v2\/media?parent=9669"}],"wp:term":[{"taxonomy":"product_cat","embeddable":true,"href":"https:\/\/petitecave.ch\/de\/wp-json\/wp\/v2\/product_cat?post=9669"},{"taxonomy":"product_tag","embeddable":true,"href":"https:\/\/petitecave.ch\/de\/wp-json\/wp\/v2\/product_tag?post=9669"}],"curies":[{"name":"wp","href":"https:\/\/api.w.org\/{rel}","templated":true}]}}