{"id":9664,"date":"2025-10-28T10:46:35","date_gmt":"2025-10-28T10:46:35","guid":{"rendered":""},"modified":"2026-04-07T13:42:04","modified_gmt":"2026-04-07T11:42:04","slug":"chimay-bleu-grande-r-serve-75cl","status":"publish","type":"product","link":"https:\/\/petitecave.ch\/de\/product\/chimay-bleu-grande-r-serve-75cl\/","title":{"rendered":"Chimay Bleu Grande R\u00e9serve 75cl"},"content":{"rendered":"<p><strong>Visuel :<\/strong> Robe brune avec une belle mousse blanche<\/p>\n<p><strong>Nez :<\/strong> Ar\u00f4mes fruit\u00e9s, de levure et de malt r\u00f4ti<\/p>\n<p><strong>Go\u00fbt :<\/strong> Bi\u00e8re aux saveurs de levure, fruit\u00e9es avec un go\u00fbt de torr\u00e9faction<\/p>","protected":false},"excerpt":{"rendered":"<p><strong>Chimay Grande R\u00e9serve &#8211; Abbaye de Scourmont\u00a0<\/strong><\/p>\n<\/p>\n<p><em>A l&rsquo;origine, uniquement con\u00e7ue pour No\u00ebl, elle est d\u00e9sormais brass\u00e9e r\u00e9guli\u00e8rement depuis 1958. En grande bouteille, elle est appel\u00e9e Chimay Grande R\u00e9serve. Cette bi\u00e8re est mill\u00e9sim\u00e9e, elle demande donc \u00e0 \u00eatre vieillie quelques ann\u00e9es.<\/em><\/p>\n<p><em>Pour la servir, il est conseill\u00e9 de verser lentement la bi\u00e8re dans un verre l\u00e9g\u00e8rement inclin\u00e9 et de mani\u00e8re \u00e0 ce que la bouteille ne touche pas le verre Chimay.<\/em><\/p>\n<p><em>Les vertus aromatiques de cette bi\u00e8re brune belge font qu&rsquo;elle est \u00e9galement id\u00e9ale pour cuisiner de nombreux plats et desserts \u00e0 base de bi\u00e8re comme les cr\u00eapes, la carbonnade flamande ou encore le Welshburger.<\/em><\/p>","protected":false},"featured_media":13093,"comment_status":"open","ping_status":"open","template":"","meta":[],"product_cat":[250],"product_tag":[],"class_list":{"0":"post-9664","1":"product","2":"type-product","3":"status-publish","4":"has-post-thumbnail","6":"product_cat-bieres","7":"pa_categorie-bieres-brunes","8":"pa_color-brune","9":"pa_country-belgique","10":"pa_style-strong-ale","11":"pa_type-biere-trappiste","12":"pa_volume-75-cl","13":"_wholesalex wsx-wholesalex-product","15":"first","16":"instock","17":"taxable","18":"shipping-taxable","19":"purchasable","20":"product-type-simple"},"_links":{"self":[{"href":"https:\/\/petitecave.ch\/de\/wp-json\/wp\/v2\/product\/9664","targetHints":{"allow":["GET"]}}],"collection":[{"href":"https:\/\/petitecave.ch\/de\/wp-json\/wp\/v2\/product"}],"about":[{"href":"https:\/\/petitecave.ch\/de\/wp-json\/wp\/v2\/types\/product"}],"replies":[{"embeddable":true,"href":"https:\/\/petitecave.ch\/de\/wp-json\/wp\/v2\/comments?post=9664"}],"wp:featuredmedia":[{"embeddable":true,"href":"https:\/\/petitecave.ch\/de\/wp-json\/wp\/v2\/media\/13093"}],"wp:attachment":[{"href":"https:\/\/petitecave.ch\/de\/wp-json\/wp\/v2\/media?parent=9664"}],"wp:term":[{"taxonomy":"product_cat","embeddable":true,"href":"https:\/\/petitecave.ch\/de\/wp-json\/wp\/v2\/product_cat?post=9664"},{"taxonomy":"product_tag","embeddable":true,"href":"https:\/\/petitecave.ch\/de\/wp-json\/wp\/v2\/product_tag?post=9664"}],"curies":[{"name":"wp","href":"https:\/\/api.w.org\/{rel}","templated":true}]}}