{"id":9662,"date":"2025-10-28T10:46:32","date_gmt":"2025-10-28T10:46:32","guid":{"rendered":""},"modified":"2026-04-07T14:04:24","modified_gmt":"2026-04-07T12:04:24","slug":"la-chouffe-blonde-75cl","status":"publish","type":"product","link":"https:\/\/petitecave.ch\/de\/product\/la-chouffe-blonde-75cl\/","title":{"rendered":"La Chouffe Blonde 75cl"},"content":{"rendered":"<p><strong>Visuel :<\/strong>\u00a0Robe blonde dor\u00e9e avec une \u00e9paisse mousse blanche<\/p>\n<p><strong>Nez :<\/strong>\u00a0Ar\u00f4mes d&rsquo;\u00e9pices et d&rsquo;agrumes<\/p>\n<p><strong>Go\u00fbt :<\/strong>\u00a0Notes houblonn\u00e9es, fruit\u00e9es et \u00e9pic\u00e9es<\/p>","protected":false},"excerpt":{"rendered":"<p><strong>Chouffe Blonde &#8211; Brasserie d&rsquo;Achouffe<\/strong><\/p>\n<\/p>\n<p><em>Marcel c&rsquo;est \u00e9quip\u00e9 d&rsquo;un monocycle pour rejoindre plus rapidement les installations de brassage, et d&rsquo;une oie voisine pour emmener ce divin breuvage partout \u00e0 travers le monde. Ceci dit, saviez-vous que les lutins de La Vall\u00e9e des F\u00e9es ont d\u00e9couvert le secret de fabrication de cette bi\u00e8re dor\u00e9e dans un vieux grimoire ?<\/em><\/p>","protected":false},"featured_media":13090,"comment_status":"open","ping_status":"open","template":"","meta":[],"product_cat":[250],"product_tag":[],"class_list":{"0":"post-9662","1":"product","2":"type-product","3":"status-publish","4":"has-post-thumbnail","6":"product_cat-bieres","7":"pa_categorie-bieres-blondes","8":"pa_color-blonde","9":"pa_country-belgique","10":"pa_style-pale-ale","11":"pa_volume-75-cl","12":"_wholesalex wsx-wholesalex-product","14":"first","15":"instock","16":"taxable","17":"shipping-taxable","18":"purchasable","19":"product-type-simple"},"_links":{"self":[{"href":"https:\/\/petitecave.ch\/de\/wp-json\/wp\/v2\/product\/9662","targetHints":{"allow":["GET"]}}],"collection":[{"href":"https:\/\/petitecave.ch\/de\/wp-json\/wp\/v2\/product"}],"about":[{"href":"https:\/\/petitecave.ch\/de\/wp-json\/wp\/v2\/types\/product"}],"replies":[{"embeddable":true,"href":"https:\/\/petitecave.ch\/de\/wp-json\/wp\/v2\/comments?post=9662"}],"wp:featuredmedia":[{"embeddable":true,"href":"https:\/\/petitecave.ch\/de\/wp-json\/wp\/v2\/media\/13090"}],"wp:attachment":[{"href":"https:\/\/petitecave.ch\/de\/wp-json\/wp\/v2\/media?parent=9662"}],"wp:term":[{"taxonomy":"product_cat","embeddable":true,"href":"https:\/\/petitecave.ch\/de\/wp-json\/wp\/v2\/product_cat?post=9662"},{"taxonomy":"product_tag","embeddable":true,"href":"https:\/\/petitecave.ch\/de\/wp-json\/wp\/v2\/product_tag?post=9662"}],"curies":[{"name":"wp","href":"https:\/\/api.w.org\/{rel}","templated":true}]}}