{"id":9655,"date":"2025-10-28T10:46:26","date_gmt":"2025-10-28T10:46:26","guid":{"rendered":""},"modified":"2026-02-13T13:16:43","modified_gmt":"2026-02-13T12:16:43","slug":"maredsous-brune-8-33cl","status":"publish","type":"product","link":"https:\/\/petitecave.ch\/de\/product\/maredsous-brune-8-33cl\/","title":{"rendered":"Maredsous Brune 8\u00b0 33cl"},"content":{"rendered":"<p><strong>Visuel :<\/strong> Robe brune fonc\u00e9e avec une belle mousse couleur blanc cass\u00e9\u00a0<\/p>\n<p><strong>Nez :<\/strong>\u00a0Ar\u00f4mes de caramel et fruit\u00e9<\/p>\n<p><strong>Go\u00fbt :<\/strong>\u00a0Notes d&rsquo;agrumes et de caramel<\/p>","protected":false},"excerpt":{"rendered":"<p><strong>Maredsous Brune 8\u00b0 &#8211; Abbaye de Maredsous\u00a0<\/strong><\/p>\n<\/p>\n<p><i>La Maredsous Brune 8 est une bi\u00e8re d&rsquo;Abbaye brune qui \u00e9tait \u00e0 l&rsquo;origine uniquement brass\u00e9e pour No\u00ebl, mais qui est devenue au fil du temps, une valeur incontournable.<\/i><\/p>","protected":false},"featured_media":18811,"comment_status":"open","ping_status":"closed","template":"","meta":[],"product_cat":[250],"product_tag":[],"class_list":{"0":"post-9655","1":"product","2":"type-product","3":"status-publish","4":"has-post-thumbnail","6":"product_cat-bieres","7":"pa_color-brune","8":"pa_country-belgique","9":"pa_style-dubbel","10":"pa_type-biere-d-abbaye","11":"product_deptype-0-30","12":"_wholesalex wsx-wholesalex-product","14":"first","15":"instock","16":"taxable","17":"shipping-taxable","18":"purchasable","19":"product-type-simple"},"_links":{"self":[{"href":"https:\/\/petitecave.ch\/de\/wp-json\/wp\/v2\/product\/9655","targetHints":{"allow":["GET"]}}],"collection":[{"href":"https:\/\/petitecave.ch\/de\/wp-json\/wp\/v2\/product"}],"about":[{"href":"https:\/\/petitecave.ch\/de\/wp-json\/wp\/v2\/types\/product"}],"replies":[{"embeddable":true,"href":"https:\/\/petitecave.ch\/de\/wp-json\/wp\/v2\/comments?post=9655"}],"wp:featuredmedia":[{"embeddable":true,"href":"https:\/\/petitecave.ch\/de\/wp-json\/wp\/v2\/media\/18811"}],"wp:attachment":[{"href":"https:\/\/petitecave.ch\/de\/wp-json\/wp\/v2\/media?parent=9655"}],"wp:term":[{"taxonomy":"product_cat","embeddable":true,"href":"https:\/\/petitecave.ch\/de\/wp-json\/wp\/v2\/product_cat?post=9655"},{"taxonomy":"product_tag","embeddable":true,"href":"https:\/\/petitecave.ch\/de\/wp-json\/wp\/v2\/product_tag?post=9655"}],"curies":[{"name":"wp","href":"https:\/\/api.w.org\/{rel}","templated":true}]}}