{"id":9650,"date":"2025-10-28T10:46:21","date_gmt":"2025-10-28T10:46:21","guid":{"rendered":""},"modified":"2026-03-27T18:08:35","modified_gmt":"2026-03-27T17:08:35","slug":"st-feuillien-saison-75cl","status":"publish","type":"product","link":"https:\/\/petitecave.ch\/de\/product\/st-feuillien-saison-75cl\/","title":{"rendered":"St Feuillien Saison 75cl"},"content":{"rendered":"<p><strong>Visuel :<\/strong> Robe blonde dor\u00e9e et trouble (due \u00e0 sa non filtration)<\/p>\n<p><strong>Nez :<\/strong> Levures, \u00e9pices et agrumes<\/p>\n<p><strong>Go\u00fbt :<\/strong> Saveurs d&rsquo;agrumes, \u00e9pic\u00e9e, avec une jolie finition am\u00e8re<\/p>","protected":false},"excerpt":{"rendered":"<p><strong>St Feuillien Saison &#8211; Brasserie St-Feuillien\u00a0<\/strong><\/p>\n<p><strong><\/strong><\/p>\n<p><i>Bi\u00e8re de terroir par excellence, la Saison trouve son origine dans les fermes-brasseries du Sud de la Belgique, et principalement en Hainaut. \u00c0 l\u2019\u00e9poque, cette bi\u00e8re peu alcoolis\u00e9e et rafra\u00eechissante \u00e9tanchait la soif des ouvriers saisonniers. \u00c0 la Brasserie St-Feuillien, la Saison est une bi\u00e8re de fermentation haute, referment\u00e9e en bouteille, non filtr\u00e9e, d\u2019un chaleureux blond dor\u00e9. Son profil aromatique est tout en nuances et son amertume bien marqu\u00e9e, l\u2019ensemble soutenu par une belle pl\u00e9nitude en bouche. Un grand classique, embl\u00e9matique de la production brassicole traditionnelle belge.<\/i><\/p>","protected":false},"featured_media":13078,"comment_status":"open","ping_status":"open","template":"","meta":[],"product_cat":[250],"product_tag":[],"class_list":{"0":"post-9650","1":"product","2":"type-product","3":"status-publish","4":"has-post-thumbnail","6":"product_cat-bieres","7":"pa_color-blonde","8":"pa_country-belgique","9":"pa_style-belgian-farmhouse-ale","10":"pa_type-biere-d-abbaye","11":"pa_volume-75-cl","12":"_wholesalex wsx-wholesalex-product","14":"first","15":"instock","16":"taxable","17":"shipping-taxable","18":"purchasable","19":"product-type-simple"},"_links":{"self":[{"href":"https:\/\/petitecave.ch\/de\/wp-json\/wp\/v2\/product\/9650","targetHints":{"allow":["GET"]}}],"collection":[{"href":"https:\/\/petitecave.ch\/de\/wp-json\/wp\/v2\/product"}],"about":[{"href":"https:\/\/petitecave.ch\/de\/wp-json\/wp\/v2\/types\/product"}],"replies":[{"embeddable":true,"href":"https:\/\/petitecave.ch\/de\/wp-json\/wp\/v2\/comments?post=9650"}],"wp:featuredmedia":[{"embeddable":true,"href":"https:\/\/petitecave.ch\/de\/wp-json\/wp\/v2\/media\/13078"}],"wp:attachment":[{"href":"https:\/\/petitecave.ch\/de\/wp-json\/wp\/v2\/media?parent=9650"}],"wp:term":[{"taxonomy":"product_cat","embeddable":true,"href":"https:\/\/petitecave.ch\/de\/wp-json\/wp\/v2\/product_cat?post=9650"},{"taxonomy":"product_tag","embeddable":true,"href":"https:\/\/petitecave.ch\/de\/wp-json\/wp\/v2\/product_tag?post=9650"}],"curies":[{"name":"wp","href":"https:\/\/api.w.org\/{rel}","templated":true}]}}