{"id":9648,"date":"2025-10-28T10:46:20","date_gmt":"2025-10-28T10:46:20","guid":{"rendered":""},"modified":"2026-04-07T14:47:51","modified_gmt":"2026-04-07T12:47:51","slug":"st-feuillien-grand-cru-1-5l","status":"publish","type":"product","link":"https:\/\/petitecave.ch\/de\/product\/st-feuillien-grand-cru-1-5l\/","title":{"rendered":"St Feuillien Grand Cru 1.5L"},"content":{"rendered":"<p><strong>Visuel :<\/strong> Robe dor\u00e9e avec une belle mousse blanche<\/p>\n<p><strong>Nez :<\/strong> Ar\u00f4mes de houblons avec des notes fruit\u00e9es, de malts et de levure<\/p>\n<p><strong>Go\u00fbt :<\/strong> Bi\u00e8re aux saveurs douces de houblon, de malt, de levure et de notes fruit\u00e9es. Elle contient de petites bulles toutes fines gr\u00e2ce \u00e0 son houblon champagnis\u00e9<\/p>","protected":false},"excerpt":{"rendered":"<p><strong>St Feuillien Grand Cru &#8211; Brasserie St-Feuillien<\/strong><\/p>\n<p><i><\/i><\/p>\n<p><i>Bi\u00e8re extra-blonde de d\u00e9gustation, referment\u00e9e en bouteille, la Grand Cru d\u00e9tient une personnalit\u00e9 puissante, quintessence des houblons les plus nobles et des ar\u00f4mes de fermentation les plus fins. Elle se distingue particuli\u00e8rement des autres bi\u00e8res de la gamme par l\u2019absence d\u2019\u00e9pices. Sa mousse est bien blanche, fine et a\u00e9rienne ; elle s\u2019\u00e9clate en dentelles. D\u2019une couleur blond tr\u00e8s p\u00e2le, la robe est remarquable par sa limpidit\u00e9 et sa brillance. Le nez est une cascade d\u2019ar\u00f4mes de houblons parsem\u00e9e de notes fruit\u00e9es, alliant tout \u00e0 la fois subtilit\u00e9 et richesse. Au go\u00fbt, la premi\u00e8re gorg\u00e9e est d\u2019abord l\u00e9g\u00e8re et contrast\u00e9e, puis se d\u00e9couvre une amertume longue, pleine de nuances et flatteuse. Le caract\u00e8re houblonn\u00e9 (majoritairement type Styrian Golding) domine l\u2019arri\u00e8re-bouche, prolong\u00e9 par une post-amertume d\u2019une belle intensit\u00e9.<\/i><\/p>\n<p><em><\/em><\/p>","protected":false},"featured_media":13076,"comment_status":"open","ping_status":"open","template":"","meta":[],"product_cat":[250],"product_tag":[],"class_list":{"0":"post-9648","1":"product","2":"type-product","3":"status-publish","4":"has-post-thumbnail","6":"product_cat-bieres","7":"pa_categorie-bieres-blondes","8":"pa_color-blonde","9":"pa_country-belgique","10":"pa_style-belgian-pale-ale","11":"pa_type-biere-d-abbaye","12":"_wholesalex wsx-wholesalex-product","14":"first","15":"instock","16":"taxable","17":"shipping-taxable","18":"purchasable","19":"product-type-simple"},"yoast_head":"<!-- This site is optimized with the Yoast SEO plugin v27.4 - https:\/\/yoast.com\/product\/yoast-seo-wordpress\/ -->\n<title>St Feuillien Grand Cru 1.5L | La Petite Cave du Chablais<\/title>\n<meta name=\"robots\" content=\"index, follow, max-snippet:-1, max-image-preview:large, max-video-preview:-1\" \/>\n<link rel=\"canonical\" href=\"https:\/\/petitecave.ch\/de\/product\/st-feuillien-grand-cru-1-5l\/\" \/>\n<meta property=\"og:locale\" content=\"de_DE\" \/>\n<meta property=\"og:type\" content=\"article\" \/>\n<meta property=\"og:title\" content=\"St Feuillien Grand Cru 1.5L | La Petite Cave du Chablais\" \/>\n<meta property=\"og:description\" content=\"St Feuillien Grand Cru - Brasserie St-Feuillien Bi\u00e8re extra-blonde de d\u00e9gustation, referment\u00e9e en bouteille, la Grand Cru d\u00e9tient une personnalit\u00e9 puissante, quintessence des houblons les plus nobles et des ar\u00f4mes de fermentation les plus fins. Elle se distingue particuli\u00e8rement des autres bi\u00e8res de la gamme par l\u2019absence d\u2019\u00e9pices. Sa mousse est bien blanche, fine et a\u00e9rienne ; elle s\u2019\u00e9clate en dentelles. D\u2019une couleur blond tr\u00e8s p\u00e2le, la robe est remarquable par sa limpidit\u00e9 et sa brillance. Le nez est une cascade d\u2019ar\u00f4mes de houblons parsem\u00e9e de notes fruit\u00e9es, alliant tout \u00e0 la fois subtilit\u00e9 et richesse. Au go\u00fbt, la premi\u00e8re gorg\u00e9e est d\u2019abord l\u00e9g\u00e8re et contrast\u00e9e, puis se d\u00e9couvre une amertume longue, pleine de nuances et flatteuse. Le caract\u00e8re houblonn\u00e9 (majoritairement type Styrian Golding) domine l\u2019arri\u00e8re-bouche, prolong\u00e9 par une post-amertume d\u2019une belle intensit\u00e9.\" \/>\n<meta property=\"og:url\" content=\"https:\/\/petitecave.ch\/de\/product\/st-feuillien-grand-cru-1-5l\/\" \/>\n<meta property=\"og:site_name\" content=\"La Petite Cave du Chablais\" \/>\n<meta property=\"article:publisher\" content=\"https:\/\/www.facebook.com\/LaPetiteCaveDuChablais\" \/>\n<meta property=\"article:modified_time\" content=\"2026-04-07T12:47:51+00:00\" \/>\n<meta property=\"og:image\" content=\"https:\/\/petitecave.ch\/wp-content\/uploads\/2025\/10\/9648_3570_cover-scaled.jpg\" \/>\n\t<meta property=\"og:image:width\" content=\"1280\" \/>\n\t<meta property=\"og:image:height\" content=\"2560\" \/>\n\t<meta property=\"og:image:type\" content=\"image\/jpeg\" \/>\n<meta name=\"twitter:card\" content=\"summary_large_image\" \/>\n<script type=\"application\/ld+json\" class=\"yoast-schema-graph\">{\"@context\":\"https:\\\/\\\/schema.org\",\"@graph\":[{\"@type\":\"WebPage\",\"@id\":\"https:\\\/\\\/petitecave.ch\\\/product\\\/st-feuillien-grand-cru-1-5l\\\/\",\"url\":\"https:\\\/\\\/petitecave.ch\\\/product\\\/st-feuillien-grand-cru-1-5l\\\/\",\"name\":\"St Feuillien Grand Cru 1.5L | La Petite Cave du Chablais\",\"isPartOf\":{\"@id\":\"https:\\\/\\\/petitecave.ch\\\/de\\\/#website\"},\"primaryImageOfPage\":{\"@id\":\"https:\\\/\\\/petitecave.ch\\\/product\\\/st-feuillien-grand-cru-1-5l\\\/#primaryimage\"},\"image\":{\"@id\":\"https:\\\/\\\/petitecave.ch\\\/product\\\/st-feuillien-grand-cru-1-5l\\\/#primaryimage\"},\"thumbnailUrl\":\"https:\\\/\\\/petitecave.ch\\\/wp-content\\\/uploads\\\/2025\\\/10\\\/9648_3570_cover-scaled.jpg\",\"datePublished\":\"2025-10-28T10:46:20+00:00\",\"dateModified\":\"2026-04-07T12:47:51+00:00\",\"breadcrumb\":{\"@id\":\"https:\\\/\\\/petitecave.ch\\\/product\\\/st-feuillien-grand-cru-1-5l\\\/#breadcrumb\"},\"inLanguage\":\"de-CH\",\"potentialAction\":[{\"@type\":\"ReadAction\",\"target\":[\"https:\\\/\\\/petitecave.ch\\\/product\\\/st-feuillien-grand-cru-1-5l\\\/\"]}]},{\"@type\":\"ImageObject\",\"inLanguage\":\"de-CH\",\"@id\":\"https:\\\/\\\/petitecave.ch\\\/product\\\/st-feuillien-grand-cru-1-5l\\\/#primaryimage\",\"url\":\"https:\\\/\\\/petitecave.ch\\\/wp-content\\\/uploads\\\/2025\\\/10\\\/9648_3570_cover-scaled.jpg\",\"contentUrl\":\"https:\\\/\\\/petitecave.ch\\\/wp-content\\\/uploads\\\/2025\\\/10\\\/9648_3570_cover-scaled.jpg\",\"width\":1280,\"height\":2560},{\"@type\":\"BreadcrumbList\",\"@id\":\"https:\\\/\\\/petitecave.ch\\\/product\\\/st-feuillien-grand-cru-1-5l\\\/#breadcrumb\",\"itemListElement\":[{\"@type\":\"ListItem\",\"position\":1,\"name\":\"Accueil\",\"item\":\"https:\\\/\\\/petitecave.ch\\\/de\\\/\"},{\"@type\":\"ListItem\",\"position\":2,\"name\":\"Produkte\",\"item\":\"https:\\\/\\\/petitecave.ch\\\/de\\\/shop\\\/\"},{\"@type\":\"ListItem\",\"position\":3,\"name\":\"St Feuillien Grand Cru 1.5L\"}]},{\"@type\":\"WebSite\",\"@id\":\"https:\\\/\\\/petitecave.ch\\\/de\\\/#website\",\"url\":\"https:\\\/\\\/petitecave.ch\\\/de\\\/\",\"name\":\"La Petite Cave du Chablais\",\"description\":\"Vins, bi\u00e8res et spiritueux en ligne !\",\"publisher\":{\"@id\":\"https:\\\/\\\/petitecave.ch\\\/de\\\/#organization\"},\"alternateName\":\"La Petite Cave\",\"potentialAction\":[{\"@type\":\"SearchAction\",\"target\":{\"@type\":\"EntryPoint\",\"urlTemplate\":\"https:\\\/\\\/petitecave.ch\\\/de\\\/?s={search_term_string}\"},\"query-input\":{\"@type\":\"PropertyValueSpecification\",\"valueRequired\":true,\"valueName\":\"search_term_string\"}}],\"inLanguage\":\"de-CH\"},{\"@type\":\"Organization\",\"@id\":\"https:\\\/\\\/petitecave.ch\\\/de\\\/#organization\",\"name\":\"La Petite Cave du Chablais S\u00e0rl\",\"url\":\"https:\\\/\\\/petitecave.ch\\\/de\\\/\",\"logo\":{\"@type\":\"ImageObject\",\"inLanguage\":\"de-CH\",\"@id\":\"https:\\\/\\\/petitecave.ch\\\/de\\\/#\\\/schema\\\/logo\\\/image\\\/\",\"url\":\"https:\\\/\\\/petitecave.ch\\\/wp-content\\\/uploads\\\/2025\\\/10\\\/petitecavelogo-removebg-preview.png\",\"contentUrl\":\"https:\\\/\\\/petitecave.ch\\\/wp-content\\\/uploads\\\/2025\\\/10\\\/petitecavelogo-removebg-preview.png\",\"width\":800,\"height\":200,\"caption\":\"La Petite Cave du Chablais S\u00e0rl\"},\"image\":{\"@id\":\"https:\\\/\\\/petitecave.ch\\\/de\\\/#\\\/schema\\\/logo\\\/image\\\/\"},\"sameAs\":[\"https:\\\/\\\/www.facebook.com\\\/LaPetiteCaveDuChablais\",\"https:\\\/\\\/www.instagram.com\\\/lapetitecaveduchablais\",\"https:\\\/\\\/www.linkedin.com\\\/company\\\/la-petite-cave-du-chablais\"]}]}<\/script>\n<!-- \/ Yoast SEO plugin. -->","yoast_head_json":{"title":"St Feuillien Grand Cru 1.5L | La Petite Cave du Chablais","robots":{"index":"index","follow":"follow","max-snippet":"max-snippet:-1","max-image-preview":"max-image-preview:large","max-video-preview":"max-video-preview:-1"},"canonical":"https:\/\/petitecave.ch\/de\/product\/st-feuillien-grand-cru-1-5l\/","og_locale":"de_DE","og_type":"article","og_title":"St Feuillien Grand Cru 1.5L | La Petite Cave du Chablais","og_description":"St Feuillien Grand Cru - Brasserie St-Feuillien Bi\u00e8re extra-blonde de d\u00e9gustation, referment\u00e9e en bouteille, la Grand Cru d\u00e9tient une personnalit\u00e9 puissante, quintessence des houblons les plus nobles et des ar\u00f4mes de fermentation les plus fins. Elle se distingue particuli\u00e8rement des autres bi\u00e8res de la gamme par l\u2019absence d\u2019\u00e9pices. Sa mousse est bien blanche, fine et a\u00e9rienne ; elle s\u2019\u00e9clate en dentelles. D\u2019une couleur blond tr\u00e8s p\u00e2le, la robe est remarquable par sa limpidit\u00e9 et sa brillance. Le nez est une cascade d\u2019ar\u00f4mes de houblons parsem\u00e9e de notes fruit\u00e9es, alliant tout \u00e0 la fois subtilit\u00e9 et richesse. Au go\u00fbt, la premi\u00e8re gorg\u00e9e est d\u2019abord l\u00e9g\u00e8re et contrast\u00e9e, puis se d\u00e9couvre une amertume longue, pleine de nuances et flatteuse. Le caract\u00e8re houblonn\u00e9 (majoritairement type Styrian Golding) domine l\u2019arri\u00e8re-bouche, prolong\u00e9 par une post-amertume d\u2019une belle intensit\u00e9.","og_url":"https:\/\/petitecave.ch\/de\/product\/st-feuillien-grand-cru-1-5l\/","og_site_name":"La Petite Cave du Chablais","article_publisher":"https:\/\/www.facebook.com\/LaPetiteCaveDuChablais","article_modified_time":"2026-04-07T12:47:51+00:00","og_image":[{"width":1280,"height":2560,"url":"https:\/\/petitecave.ch\/wp-content\/uploads\/2025\/10\/9648_3570_cover-scaled.jpg","type":"image\/jpeg"}],"twitter_card":"summary_large_image","schema":{"@context":"https:\/\/schema.org","@graph":[{"@type":"WebPage","@id":"https:\/\/petitecave.ch\/product\/st-feuillien-grand-cru-1-5l\/","url":"https:\/\/petitecave.ch\/product\/st-feuillien-grand-cru-1-5l\/","name":"St Feuillien Grand Cru 1.5L | La Petite Cave du Chablais","isPartOf":{"@id":"https:\/\/petitecave.ch\/de\/#website"},"primaryImageOfPage":{"@id":"https:\/\/petitecave.ch\/product\/st-feuillien-grand-cru-1-5l\/#primaryimage"},"image":{"@id":"https:\/\/petitecave.ch\/product\/st-feuillien-grand-cru-1-5l\/#primaryimage"},"thumbnailUrl":"https:\/\/petitecave.ch\/wp-content\/uploads\/2025\/10\/9648_3570_cover-scaled.jpg","datePublished":"2025-10-28T10:46:20+00:00","dateModified":"2026-04-07T12:47:51+00:00","breadcrumb":{"@id":"https:\/\/petitecave.ch\/product\/st-feuillien-grand-cru-1-5l\/#breadcrumb"},"inLanguage":"de-CH","potentialAction":[{"@type":"ReadAction","target":["https:\/\/petitecave.ch\/product\/st-feuillien-grand-cru-1-5l\/"]}]},{"@type":"ImageObject","inLanguage":"de-CH","@id":"https:\/\/petitecave.ch\/product\/st-feuillien-grand-cru-1-5l\/#primaryimage","url":"https:\/\/petitecave.ch\/wp-content\/uploads\/2025\/10\/9648_3570_cover-scaled.jpg","contentUrl":"https:\/\/petitecave.ch\/wp-content\/uploads\/2025\/10\/9648_3570_cover-scaled.jpg","width":1280,"height":2560},{"@type":"BreadcrumbList","@id":"https:\/\/petitecave.ch\/product\/st-feuillien-grand-cru-1-5l\/#breadcrumb","itemListElement":[{"@type":"ListItem","position":1,"name":"Accueil","item":"https:\/\/petitecave.ch\/de\/"},{"@type":"ListItem","position":2,"name":"Produkte","item":"https:\/\/petitecave.ch\/de\/shop\/"},{"@type":"ListItem","position":3,"name":"St Feuillien Grand Cru 1.5L"}]},{"@type":"WebSite","@id":"https:\/\/petitecave.ch\/de\/#website","url":"https:\/\/petitecave.ch\/de\/","name":"Die kleine Keller des Chablais","description":"Vins, bi\u00e8res et spiritueux en ligne !","publisher":{"@id":"https:\/\/petitecave.ch\/de\/#organization"},"alternateName":"La Petite Cave","potentialAction":[{"@type":"SearchAction","target":{"@type":"EntryPoint","urlTemplate":"https:\/\/petitecave.ch\/de\/?s={search_term_string}"},"query-input":{"@type":"PropertyValueSpecification","valueRequired":true,"valueName":"search_term_string"}}],"inLanguage":"de-CH"},{"@type":"Organization","@id":"https:\/\/petitecave.ch\/de\/#organization","name":"La Petite Cave du Chablais S\u00e0rl","url":"https:\/\/petitecave.ch\/de\/","logo":{"@type":"ImageObject","inLanguage":"de-CH","@id":"https:\/\/petitecave.ch\/de\/#\/schema\/logo\/image\/","url":"https:\/\/petitecave.ch\/wp-content\/uploads\/2025\/10\/petitecavelogo-removebg-preview.png","contentUrl":"https:\/\/petitecave.ch\/wp-content\/uploads\/2025\/10\/petitecavelogo-removebg-preview.png","width":800,"height":200,"caption":"La Petite Cave du Chablais S\u00e0rl"},"image":{"@id":"https:\/\/petitecave.ch\/de\/#\/schema\/logo\/image\/"},"sameAs":["https:\/\/www.facebook.com\/LaPetiteCaveDuChablais","https:\/\/www.instagram.com\/lapetitecaveduchablais","https:\/\/www.linkedin.com\/company\/la-petite-cave-du-chablais"]}]}},"_links":{"self":[{"href":"https:\/\/petitecave.ch\/de\/wp-json\/wp\/v2\/product\/9648","targetHints":{"allow":["GET"]}}],"collection":[{"href":"https:\/\/petitecave.ch\/de\/wp-json\/wp\/v2\/product"}],"about":[{"href":"https:\/\/petitecave.ch\/de\/wp-json\/wp\/v2\/types\/product"}],"replies":[{"embeddable":true,"href":"https:\/\/petitecave.ch\/de\/wp-json\/wp\/v2\/comments?post=9648"}],"wp:featuredmedia":[{"embeddable":true,"href":"https:\/\/petitecave.ch\/de\/wp-json\/wp\/v2\/media\/13076"}],"wp:attachment":[{"href":"https:\/\/petitecave.ch\/de\/wp-json\/wp\/v2\/media?parent=9648"}],"wp:term":[{"taxonomy":"product_cat","embeddable":true,"href":"https:\/\/petitecave.ch\/de\/wp-json\/wp\/v2\/product_cat?post=9648"},{"taxonomy":"product_tag","embeddable":true,"href":"https:\/\/petitecave.ch\/de\/wp-json\/wp\/v2\/product_tag?post=9648"}],"curies":[{"name":"wp","href":"https:\/\/api.w.org\/{rel}","templated":true}]}}