{"id":9642,"date":"2025-10-28T10:46:14","date_gmt":"2025-10-28T10:46:14","guid":{"rendered":""},"modified":"2026-04-07T14:44:34","modified_gmt":"2026-04-07T12:44:34","slug":"straffe-hendrik-quadrupel-75cl","status":"publish","type":"product","link":"https:\/\/petitecave.ch\/de\/product\/straffe-hendrik-quadrupel-75cl\/","title":{"rendered":"Straffe Hendrik Quadrupel 75cl"},"content":{"rendered":"<p><strong>Visuel :<\/strong> Robe brune fonc\u00e9e voir rubis avec une fine mousse blanche\u00a0<\/p>\n<p><strong>Nez :<\/strong> Ar\u00f4mes \u00e9pic\u00e9s, malt\u00e9s, de sucre brun, de fruits rouges secs\u00a0avec une note bois\u00e9e de ch\u00eane<\/p>\n<p><strong>Go\u00fbt :<\/strong> Bi\u00e8re aux saveurs de fruits rouges secs et de malt torr\u00e9fi\u00e9<\/p>","protected":false},"excerpt":{"rendered":"<p><strong>Straffe Hendrik Quadrupel &#8211; Brasserie De Halve Maan\u00a0<\/strong><\/p>\n<p><strong><i><\/i><\/strong><\/p>\n<p><i>Avec la Straffe Hendrik Quadruple, p\u00e9n\u00e9trez le petit monde complexe et malt\u00e9 des Quadruples \u00e0 la fois rondes et r\u00e9confortantes ! Une fois brass\u00e9es, les bi\u00e8res Quadruples n\u00e9cessitent une longue p\u00e9riode de maturation afin d&rsquo;achever leurs cycle de fermentation et de d\u00e9velopper l&rsquo;ensemble de leurs caract\u00e9ristiques gustatives et olfactives. Et celles de la Straffe Hendrik Quadruple sont particuli\u00e8rement bien mises en avant, ce qui en fait un tr\u00e8s bon exemple du style !<\/i><\/p>","protected":false},"featured_media":13070,"comment_status":"open","ping_status":"open","template":"","meta":[],"product_cat":[250],"product_tag":[],"class_list":{"0":"post-9642","1":"product","2":"type-product","3":"status-publish","4":"has-post-thumbnail","6":"product_cat-bieres","7":"pa_categorie-bieres-brunes","8":"pa_color-brune","9":"pa_country-belgique","10":"pa_style-quadrupel","11":"pa_volume-75-cl","12":"_wholesalex wsx-wholesalex-product","14":"first","15":"instock","16":"taxable","17":"shipping-taxable","18":"purchasable","19":"product-type-simple"},"yoast_head":"<!-- This site is optimized with the Yoast SEO plugin v27.4 - https:\/\/yoast.com\/product\/yoast-seo-wordpress\/ -->\n<title>Straffe Hendrik Quadrupel 75cl | La Petite Cave du Chablais<\/title>\n<meta name=\"robots\" content=\"index, follow, max-snippet:-1, max-image-preview:large, max-video-preview:-1\" \/>\n<link rel=\"canonical\" href=\"https:\/\/petitecave.ch\/de\/product\/straffe-hendrik-quadrupel-75cl\/\" \/>\n<meta property=\"og:locale\" content=\"de_DE\" \/>\n<meta property=\"og:type\" content=\"article\" \/>\n<meta property=\"og:title\" content=\"Straffe Hendrik Quadrupel 75cl | La Petite Cave du Chablais\" \/>\n<meta property=\"og:description\" content=\"Straffe Hendrik Quadrupel - Brasserie De Halve Maan\u00a0 Avec la Straffe Hendrik Quadruple, p\u00e9n\u00e9trez le petit monde complexe et malt\u00e9 des Quadruples \u00e0 la fois rondes et r\u00e9confortantes ! Une fois brass\u00e9es, les bi\u00e8res Quadruples n\u00e9cessitent une longue p\u00e9riode de maturation afin d&#039;achever leurs cycle de fermentation et de d\u00e9velopper l&#039;ensemble de leurs caract\u00e9ristiques gustatives et olfactives. Et celles de la Straffe Hendrik Quadruple sont particuli\u00e8rement bien mises en avant, ce qui en fait un tr\u00e8s bon exemple du style !\" \/>\n<meta property=\"og:url\" content=\"https:\/\/petitecave.ch\/de\/product\/straffe-hendrik-quadrupel-75cl\/\" \/>\n<meta property=\"og:site_name\" content=\"La Petite Cave du Chablais\" \/>\n<meta property=\"article:publisher\" content=\"https:\/\/www.facebook.com\/LaPetiteCaveDuChablais\" \/>\n<meta property=\"article:modified_time\" content=\"2026-04-07T12:44:34+00:00\" \/>\n<meta property=\"og:image\" content=\"https:\/\/petitecave.ch\/wp-content\/uploads\/2025\/10\/9642_1595_cover.jpg\" \/>\n\t<meta property=\"og:image:width\" content=\"258\" \/>\n\t<meta property=\"og:image:height\" content=\"1024\" \/>\n\t<meta property=\"og:image:type\" content=\"image\/jpeg\" \/>\n<meta name=\"twitter:card\" content=\"summary_large_image\" \/>\n<script type=\"application\/ld+json\" class=\"yoast-schema-graph\">{\"@context\":\"https:\\\/\\\/schema.org\",\"@graph\":[{\"@type\":\"WebPage\",\"@id\":\"https:\\\/\\\/petitecave.ch\\\/product\\\/straffe-hendrik-quadrupel-75cl\\\/\",\"url\":\"https:\\\/\\\/petitecave.ch\\\/product\\\/straffe-hendrik-quadrupel-75cl\\\/\",\"name\":\"Straffe Hendrik Quadrupel 75cl | La Petite Cave du Chablais\",\"isPartOf\":{\"@id\":\"https:\\\/\\\/petitecave.ch\\\/de\\\/#website\"},\"primaryImageOfPage\":{\"@id\":\"https:\\\/\\\/petitecave.ch\\\/product\\\/straffe-hendrik-quadrupel-75cl\\\/#primaryimage\"},\"image\":{\"@id\":\"https:\\\/\\\/petitecave.ch\\\/product\\\/straffe-hendrik-quadrupel-75cl\\\/#primaryimage\"},\"thumbnailUrl\":\"https:\\\/\\\/petitecave.ch\\\/wp-content\\\/uploads\\\/2025\\\/10\\\/9642_1595_cover.jpg\",\"datePublished\":\"2025-10-28T10:46:14+00:00\",\"dateModified\":\"2026-04-07T12:44:34+00:00\",\"breadcrumb\":{\"@id\":\"https:\\\/\\\/petitecave.ch\\\/product\\\/straffe-hendrik-quadrupel-75cl\\\/#breadcrumb\"},\"inLanguage\":\"de-CH\",\"potentialAction\":[{\"@type\":\"ReadAction\",\"target\":[\"https:\\\/\\\/petitecave.ch\\\/product\\\/straffe-hendrik-quadrupel-75cl\\\/\"]}]},{\"@type\":\"ImageObject\",\"inLanguage\":\"de-CH\",\"@id\":\"https:\\\/\\\/petitecave.ch\\\/product\\\/straffe-hendrik-quadrupel-75cl\\\/#primaryimage\",\"url\":\"https:\\\/\\\/petitecave.ch\\\/wp-content\\\/uploads\\\/2025\\\/10\\\/9642_1595_cover.jpg\",\"contentUrl\":\"https:\\\/\\\/petitecave.ch\\\/wp-content\\\/uploads\\\/2025\\\/10\\\/9642_1595_cover.jpg\",\"width\":258,\"height\":1024},{\"@type\":\"BreadcrumbList\",\"@id\":\"https:\\\/\\\/petitecave.ch\\\/product\\\/straffe-hendrik-quadrupel-75cl\\\/#breadcrumb\",\"itemListElement\":[{\"@type\":\"ListItem\",\"position\":1,\"name\":\"Accueil\",\"item\":\"https:\\\/\\\/petitecave.ch\\\/\"},{\"@type\":\"ListItem\",\"position\":2,\"name\":\"Produkte\",\"item\":\"https:\\\/\\\/petitecave.ch\\\/de\\\/shop\\\/\"},{\"@type\":\"ListItem\",\"position\":3,\"name\":\"Straffe Hendrik Quadrupel 75cl\"}]},{\"@type\":\"WebSite\",\"@id\":\"https:\\\/\\\/petitecave.ch\\\/de\\\/#website\",\"url\":\"https:\\\/\\\/petitecave.ch\\\/de\\\/\",\"name\":\"La Petite Cave du Chablais\",\"description\":\"Vins, bi\u00e8res et spiritueux en ligne !\",\"publisher\":{\"@id\":\"https:\\\/\\\/petitecave.ch\\\/de\\\/#organization\"},\"alternateName\":\"La Petite Cave\",\"potentialAction\":[{\"@type\":\"SearchAction\",\"target\":{\"@type\":\"EntryPoint\",\"urlTemplate\":\"https:\\\/\\\/petitecave.ch\\\/de\\\/?s={search_term_string}\"},\"query-input\":{\"@type\":\"PropertyValueSpecification\",\"valueRequired\":true,\"valueName\":\"search_term_string\"}}],\"inLanguage\":\"de-CH\"},{\"@type\":\"Organization\",\"@id\":\"https:\\\/\\\/petitecave.ch\\\/de\\\/#organization\",\"name\":\"La Petite Cave du Chablais S\u00e0rl\",\"url\":\"https:\\\/\\\/petitecave.ch\\\/de\\\/\",\"logo\":{\"@type\":\"ImageObject\",\"inLanguage\":\"de-CH\",\"@id\":\"https:\\\/\\\/petitecave.ch\\\/de\\\/#\\\/schema\\\/logo\\\/image\\\/\",\"url\":\"https:\\\/\\\/petitecave.ch\\\/wp-content\\\/uploads\\\/2025\\\/10\\\/petitecavelogo-removebg-preview.png\",\"contentUrl\":\"https:\\\/\\\/petitecave.ch\\\/wp-content\\\/uploads\\\/2025\\\/10\\\/petitecavelogo-removebg-preview.png\",\"width\":800,\"height\":200,\"caption\":\"La Petite Cave du Chablais S\u00e0rl\"},\"image\":{\"@id\":\"https:\\\/\\\/petitecave.ch\\\/de\\\/#\\\/schema\\\/logo\\\/image\\\/\"},\"sameAs\":[\"https:\\\/\\\/www.facebook.com\\\/LaPetiteCaveDuChablais\",\"https:\\\/\\\/www.instagram.com\\\/lapetitecaveduchablais\",\"https:\\\/\\\/www.linkedin.com\\\/company\\\/la-petite-cave-du-chablais\"]}]}<\/script>\n<!-- \/ Yoast SEO plugin. -->","yoast_head_json":{"title":"Straffe Hendrik Quadrupel 75cl | La Petite Cave du Chablais","robots":{"index":"index","follow":"follow","max-snippet":"max-snippet:-1","max-image-preview":"max-image-preview:large","max-video-preview":"max-video-preview:-1"},"canonical":"https:\/\/petitecave.ch\/de\/product\/straffe-hendrik-quadrupel-75cl\/","og_locale":"de_DE","og_type":"article","og_title":"Straffe Hendrik Quadrupel 75cl | La Petite Cave du Chablais","og_description":"Straffe Hendrik Quadrupel - Brasserie De Halve Maan\u00a0 Avec la Straffe Hendrik Quadruple, p\u00e9n\u00e9trez le petit monde complexe et malt\u00e9 des Quadruples \u00e0 la fois rondes et r\u00e9confortantes ! Une fois brass\u00e9es, les bi\u00e8res Quadruples n\u00e9cessitent une longue p\u00e9riode de maturation afin d'achever leurs cycle de fermentation et de d\u00e9velopper l'ensemble de leurs caract\u00e9ristiques gustatives et olfactives. Et celles de la Straffe Hendrik Quadruple sont particuli\u00e8rement bien mises en avant, ce qui en fait un tr\u00e8s bon exemple du style !","og_url":"https:\/\/petitecave.ch\/de\/product\/straffe-hendrik-quadrupel-75cl\/","og_site_name":"La Petite Cave du Chablais","article_publisher":"https:\/\/www.facebook.com\/LaPetiteCaveDuChablais","article_modified_time":"2026-04-07T12:44:34+00:00","og_image":[{"width":258,"height":1024,"url":"https:\/\/petitecave.ch\/wp-content\/uploads\/2025\/10\/9642_1595_cover.jpg","type":"image\/jpeg"}],"twitter_card":"summary_large_image","schema":{"@context":"https:\/\/schema.org","@graph":[{"@type":"WebPage","@id":"https:\/\/petitecave.ch\/product\/straffe-hendrik-quadrupel-75cl\/","url":"https:\/\/petitecave.ch\/product\/straffe-hendrik-quadrupel-75cl\/","name":"Straffe Hendrik Quadrupel 75cl | La Petite Cave du Chablais","isPartOf":{"@id":"https:\/\/petitecave.ch\/de\/#website"},"primaryImageOfPage":{"@id":"https:\/\/petitecave.ch\/product\/straffe-hendrik-quadrupel-75cl\/#primaryimage"},"image":{"@id":"https:\/\/petitecave.ch\/product\/straffe-hendrik-quadrupel-75cl\/#primaryimage"},"thumbnailUrl":"https:\/\/petitecave.ch\/wp-content\/uploads\/2025\/10\/9642_1595_cover.jpg","datePublished":"2025-10-28T10:46:14+00:00","dateModified":"2026-04-07T12:44:34+00:00","breadcrumb":{"@id":"https:\/\/petitecave.ch\/product\/straffe-hendrik-quadrupel-75cl\/#breadcrumb"},"inLanguage":"de-CH","potentialAction":[{"@type":"ReadAction","target":["https:\/\/petitecave.ch\/product\/straffe-hendrik-quadrupel-75cl\/"]}]},{"@type":"ImageObject","inLanguage":"de-CH","@id":"https:\/\/petitecave.ch\/product\/straffe-hendrik-quadrupel-75cl\/#primaryimage","url":"https:\/\/petitecave.ch\/wp-content\/uploads\/2025\/10\/9642_1595_cover.jpg","contentUrl":"https:\/\/petitecave.ch\/wp-content\/uploads\/2025\/10\/9642_1595_cover.jpg","width":258,"height":1024},{"@type":"BreadcrumbList","@id":"https:\/\/petitecave.ch\/product\/straffe-hendrik-quadrupel-75cl\/#breadcrumb","itemListElement":[{"@type":"ListItem","position":1,"name":"Accueil","item":"https:\/\/petitecave.ch\/"},{"@type":"ListItem","position":2,"name":"Produkte","item":"https:\/\/petitecave.ch\/de\/shop\/"},{"@type":"ListItem","position":3,"name":"Straffe Hendrik Quadrupel 75cl"}]},{"@type":"WebSite","@id":"https:\/\/petitecave.ch\/de\/#website","url":"https:\/\/petitecave.ch\/de\/","name":"Die kleine Keller des Chablais","description":"Vins, bi\u00e8res et spiritueux en ligne !","publisher":{"@id":"https:\/\/petitecave.ch\/de\/#organization"},"alternateName":"La Petite Cave","potentialAction":[{"@type":"SearchAction","target":{"@type":"EntryPoint","urlTemplate":"https:\/\/petitecave.ch\/de\/?s={search_term_string}"},"query-input":{"@type":"PropertyValueSpecification","valueRequired":true,"valueName":"search_term_string"}}],"inLanguage":"de-CH"},{"@type":"Organization","@id":"https:\/\/petitecave.ch\/de\/#organization","name":"La Petite Cave du Chablais S\u00e0rl","url":"https:\/\/petitecave.ch\/de\/","logo":{"@type":"ImageObject","inLanguage":"de-CH","@id":"https:\/\/petitecave.ch\/de\/#\/schema\/logo\/image\/","url":"https:\/\/petitecave.ch\/wp-content\/uploads\/2025\/10\/petitecavelogo-removebg-preview.png","contentUrl":"https:\/\/petitecave.ch\/wp-content\/uploads\/2025\/10\/petitecavelogo-removebg-preview.png","width":800,"height":200,"caption":"La Petite Cave du Chablais S\u00e0rl"},"image":{"@id":"https:\/\/petitecave.ch\/de\/#\/schema\/logo\/image\/"},"sameAs":["https:\/\/www.facebook.com\/LaPetiteCaveDuChablais","https:\/\/www.instagram.com\/lapetitecaveduchablais","https:\/\/www.linkedin.com\/company\/la-petite-cave-du-chablais"]}]}},"_links":{"self":[{"href":"https:\/\/petitecave.ch\/de\/wp-json\/wp\/v2\/product\/9642","targetHints":{"allow":["GET"]}}],"collection":[{"href":"https:\/\/petitecave.ch\/de\/wp-json\/wp\/v2\/product"}],"about":[{"href":"https:\/\/petitecave.ch\/de\/wp-json\/wp\/v2\/types\/product"}],"replies":[{"embeddable":true,"href":"https:\/\/petitecave.ch\/de\/wp-json\/wp\/v2\/comments?post=9642"}],"wp:featuredmedia":[{"embeddable":true,"href":"https:\/\/petitecave.ch\/de\/wp-json\/wp\/v2\/media\/13070"}],"wp:attachment":[{"href":"https:\/\/petitecave.ch\/de\/wp-json\/wp\/v2\/media?parent=9642"}],"wp:term":[{"taxonomy":"product_cat","embeddable":true,"href":"https:\/\/petitecave.ch\/de\/wp-json\/wp\/v2\/product_cat?post=9642"},{"taxonomy":"product_tag","embeddable":true,"href":"https:\/\/petitecave.ch\/de\/wp-json\/wp\/v2\/product_tag?post=9642"}],"curies":[{"name":"wp","href":"https:\/\/api.w.org\/{rel}","templated":true}]}}