{"id":9639,"date":"2025-10-28T10:46:12","date_gmt":"2025-10-28T10:46:12","guid":{"rendered":""},"modified":"2026-04-07T14:41:32","modified_gmt":"2026-04-07T12:41:32","slug":"westmalle-triple-75cl","status":"publish","type":"product","link":"https:\/\/petitecave.ch\/de\/product\/westmalle-triple-75cl\/","title":{"rendered":"Westmalle Triple 75cl"},"content":{"rendered":"<p><strong>Visuel :<\/strong> Robe dor\u00e9e avec une mousse blanche<\/p>\n<p><strong>Nez :<\/strong> Ar\u00f4me puissant de malt, de levure et de houblon<\/p>\n<p><strong>Go\u00fbt :<\/strong> Bi\u00e8re douce et cr\u00e9meuse avec une touche am\u00e8re port\u00e9e par l&rsquo;ar\u00f4me fruit\u00e9. Cette bi\u00e8re a beaucoup de finesse et d&rsquo;\u00e9l\u00e9gance<\/p>","protected":false},"excerpt":{"rendered":"<p><strong>Westmalle Triple &#8211; Abbaye de Westmalle\u00a0<\/strong><\/p>\n<\/p>\n<p><em>Brass\u00e9e \u00e0 l&rsquo;Abbaye Notre Dame de la Trappe du Sacr\u00e9\u00a0C\u0153ur depuis 1934\u00a0par les moines trappistes.<\/em><\/p>\n<p><em>C&rsquo;est l&rsquo;une des premi\u00e8res bi\u00e8res \u00e0 avoir \u00e9t\u00e9 brass\u00e9es sous l&rsquo;appellation de \u00ab\u00a0bi\u00e8re triple\u00a0\u00bb et elle est le fruit d&rsquo;une s\u00e9lection rigoureuse d&rsquo;ingr\u00e9dients entrant dans sa composition. De nombreux houblons interviennent ainsi ici pour aromatiser et donner l&rsquo;amertume \u00e0 cette bi\u00e8re d&rsquo;exception. De plus, la levure utilis\u00e9e est la m\u00eame depuis 1956 et elle influe grandement dans la complexit\u00e9 aromatique et gustative de cette trappiste.<\/em><\/p>","protected":false},"featured_media":13067,"comment_status":"open","ping_status":"open","template":"","meta":[],"product_cat":[250],"product_tag":[],"class_list":{"0":"post-9639","1":"product","2":"type-product","3":"status-publish","4":"has-post-thumbnail","6":"product_cat-bieres","7":"pa_categorie-bieres-blondes","8":"pa_color-blonde","9":"pa_country-belgique","10":"pa_style-tripel","11":"pa_type-biere-trappiste","12":"pa_volume-75-cl","13":"_wholesalex wsx-wholesalex-product","15":"first","16":"instock","17":"taxable","18":"shipping-taxable","19":"purchasable","20":"product-type-simple"},"_links":{"self":[{"href":"https:\/\/petitecave.ch\/de\/wp-json\/wp\/v2\/product\/9639","targetHints":{"allow":["GET"]}}],"collection":[{"href":"https:\/\/petitecave.ch\/de\/wp-json\/wp\/v2\/product"}],"about":[{"href":"https:\/\/petitecave.ch\/de\/wp-json\/wp\/v2\/types\/product"}],"replies":[{"embeddable":true,"href":"https:\/\/petitecave.ch\/de\/wp-json\/wp\/v2\/comments?post=9639"}],"wp:featuredmedia":[{"embeddable":true,"href":"https:\/\/petitecave.ch\/de\/wp-json\/wp\/v2\/media\/13067"}],"wp:attachment":[{"href":"https:\/\/petitecave.ch\/de\/wp-json\/wp\/v2\/media?parent=9639"}],"wp:term":[{"taxonomy":"product_cat","embeddable":true,"href":"https:\/\/petitecave.ch\/de\/wp-json\/wp\/v2\/product_cat?post=9639"},{"taxonomy":"product_tag","embeddable":true,"href":"https:\/\/petitecave.ch\/de\/wp-json\/wp\/v2\/product_tag?post=9639"}],"curies":[{"name":"wp","href":"https:\/\/api.w.org\/{rel}","templated":true}]}}