{"id":9635,"date":"2025-10-28T10:46:08","date_gmt":"2025-10-28T10:46:08","guid":{"rendered":""},"modified":"2026-03-27T17:56:51","modified_gmt":"2026-03-27T16:56:51","slug":"insel-baltic-dubbel-75cl","status":"publish","type":"product","link":"https:\/\/petitecave.ch\/de\/product\/insel-baltic-dubbel-75cl\/","title":{"rendered":"Insel Baltic Dubbel 75cl"},"content":{"rendered":"<p><strong>Visuel :<\/strong> Robe brune avec des reflets rouges surmont\u00e9e d&rsquo;une jolie mousse beige claire<\/p>\n<p><strong>Nez :<\/strong> Ar\u00f4me de malts torr\u00e9fi\u00e9s, de fruits secs et de noisettes<\/p>\n<p><strong>Go\u00fbt : <\/strong>Une bi\u00e8re s\u00e8che et \u00e9l\u00e9gante aux notes de malt torr\u00e9fi\u00e9s et de fruits secs\u00a0<\/p>","protected":false},"excerpt":{"rendered":"<p><strong>Insel Baltic Dubbel &#8211; Insel Brauerei\u00a0<\/strong><\/p>","protected":false},"featured_media":13063,"comment_status":"open","ping_status":"open","template":"","meta":[],"product_cat":[250],"product_tag":[],"class_list":{"0":"post-9635","1":"product","2":"type-product","3":"status-publish","4":"has-post-thumbnail","6":"product_cat-bieres","7":"pa_color-brune","8":"pa_country-allemagne","9":"pa_style-dubbel","10":"pa_volume-75-cl","11":"_wholesalex wsx-wholesalex-product","13":"first","14":"instock","15":"taxable","16":"shipping-taxable","17":"purchasable","18":"product-type-simple"},"_links":{"self":[{"href":"https:\/\/petitecave.ch\/de\/wp-json\/wp\/v2\/product\/9635","targetHints":{"allow":["GET"]}}],"collection":[{"href":"https:\/\/petitecave.ch\/de\/wp-json\/wp\/v2\/product"}],"about":[{"href":"https:\/\/petitecave.ch\/de\/wp-json\/wp\/v2\/types\/product"}],"replies":[{"embeddable":true,"href":"https:\/\/petitecave.ch\/de\/wp-json\/wp\/v2\/comments?post=9635"}],"wp:featuredmedia":[{"embeddable":true,"href":"https:\/\/petitecave.ch\/de\/wp-json\/wp\/v2\/media\/13063"}],"wp:attachment":[{"href":"https:\/\/petitecave.ch\/de\/wp-json\/wp\/v2\/media?parent=9635"}],"wp:term":[{"taxonomy":"product_cat","embeddable":true,"href":"https:\/\/petitecave.ch\/de\/wp-json\/wp\/v2\/product_cat?post=9635"},{"taxonomy":"product_tag","embeddable":true,"href":"https:\/\/petitecave.ch\/de\/wp-json\/wp\/v2\/product_tag?post=9635"}],"curies":[{"name":"wp","href":"https:\/\/api.w.org\/{rel}","templated":true}]}}