{"id":9628,"date":"2025-10-28T10:46:02","date_gmt":"2025-10-28T10:46:02","guid":{"rendered":""},"modified":"2026-04-07T14:22:33","modified_gmt":"2026-04-07T12:22:33","slug":"st-feuillien-triple-33cl","status":"publish","type":"product","link":"https:\/\/petitecave.ch\/de\/product\/st-feuillien-triple-33cl\/","title":{"rendered":"St Feuillien Triple 33cl"},"content":{"rendered":"<p><strong>Visuel :<\/strong> Robe ambr\u00e9e p\u00e2le \u00e0 la mousse blanche<\/p>\n<p><strong>Nez :<\/strong> Ar\u00f4mes d&rsquo;\u00e9pices, fruit\u00e9s et riches en houblons aromatiques<\/p>\n<p><strong>Go\u00fbt :<\/strong> Bi\u00e8re aux saveurs fruit\u00e9es, malt\u00e9es, \u00e9pic\u00e9es et houblonn\u00e9es<\/p>","protected":false},"excerpt":{"rendered":"<p><strong>St Feuillien Triple &#8211; Brasserie St-Feuillien<\/strong><\/p>\n<p><strong><\/strong><\/p>\n<p><i>La St Feuillien est une bi\u00e8re d&rsquo;abbaye brass\u00e9e en Belgique par la Brasserie du m\u00eame nom, la St Feuillien. C&rsquo;est une bi\u00e8re de fermentation haute, referment\u00e9e en bouteille. Elle se pr\u00e9sente sous une robe couleur ambr\u00e9e p\u00e2le qui r\u00e9v\u00e8le un caract\u00e8re sp\u00e9cialement malt\u00e9. Elle est surmont\u00e9e d&rsquo;une mousse blanche, fine et tr\u00e8s compacte dans son verre \u00e0 bi\u00e8re St Feuillien. Au nez, c&rsquo;est une bi\u00e8re richement parfum\u00e9e et offre une combinaison unique de houblons aromatiques, d\u2019\u00e9pices et de senteurs typiques de la fermentation, tr\u00e8s fruit\u00e9es. La refermentation en bouteille lui conf\u00e8re une odeur unique due \u00e0 la levure. Son go\u00fbt est fort et sa tenue en bouche exceptionnelle est due autant \u00e0 sa densit\u00e9 qu\u2019\u00e0 la garde prolong\u00e9e. Ap\u00e9ritive et rafra\u00eechissante en \u00e9t\u00e9, savoureuse en hiver, elle s\u2019affirme comme bi\u00e8re de d\u00e9gustation par excellence.<\/i><\/p>","protected":false},"featured_media":13056,"comment_status":"open","ping_status":"closed","template":"","meta":[],"product_cat":[250],"product_tag":[],"class_list":{"0":"post-9628","1":"product","2":"type-product","3":"status-publish","4":"has-post-thumbnail","6":"product_cat-bieres","7":"pa_categorie-bieres-blondes","8":"pa_color-blonde","9":"pa_country-belgique","10":"pa_style-tripel","11":"pa_type-biere-d-abbaye","12":"product_deptype-0-30","13":"_wholesalex wsx-wholesalex-product","15":"first","16":"instock","17":"taxable","18":"shipping-taxable","19":"purchasable","20":"product-type-simple"},"_links":{"self":[{"href":"https:\/\/petitecave.ch\/de\/wp-json\/wp\/v2\/product\/9628","targetHints":{"allow":["GET"]}}],"collection":[{"href":"https:\/\/petitecave.ch\/de\/wp-json\/wp\/v2\/product"}],"about":[{"href":"https:\/\/petitecave.ch\/de\/wp-json\/wp\/v2\/types\/product"}],"replies":[{"embeddable":true,"href":"https:\/\/petitecave.ch\/de\/wp-json\/wp\/v2\/comments?post=9628"}],"wp:featuredmedia":[{"embeddable":true,"href":"https:\/\/petitecave.ch\/de\/wp-json\/wp\/v2\/media\/13056"}],"wp:attachment":[{"href":"https:\/\/petitecave.ch\/de\/wp-json\/wp\/v2\/media?parent=9628"}],"wp:term":[{"taxonomy":"product_cat","embeddable":true,"href":"https:\/\/petitecave.ch\/de\/wp-json\/wp\/v2\/product_cat?post=9628"},{"taxonomy":"product_tag","embeddable":true,"href":"https:\/\/petitecave.ch\/de\/wp-json\/wp\/v2\/product_tag?post=9628"}],"curies":[{"name":"wp","href":"https:\/\/api.w.org\/{rel}","templated":true}]}}