{"id":9626,"date":"2025-10-28T10:46:00","date_gmt":"2025-10-28T10:46:00","guid":{"rendered":""},"modified":"2026-04-07T14:16:27","modified_gmt":"2026-04-07T12:16:27","slug":"st-feuillien-blonde-33cl","status":"publish","type":"product","link":"https:\/\/petitecave.ch\/de\/product\/st-feuillien-blonde-33cl\/","title":{"rendered":"St Feuillien Blonde 33cl"},"content":{"rendered":"<p><strong>Visuel : <\/strong>Robe dor\u00e9e avec une mousse fine et a\u00e9rienne<\/p>\n<p><strong>Nez :<\/strong> Ar\u00f4mes de houblons aromatiques avec des notes fruit\u00e9es, de malts et d&rsquo;\u00e9pices<\/p>\n<p><strong>Go\u00fbt :<\/strong> Bi\u00e8re aux saveurs de houblons, de malts, de levure et de notes fruit\u00e9es. Bi\u00e8re avec une amertume intense<\/p>","protected":false},"excerpt":{"rendered":"<p><strong>St Feuillien Blonde &#8211; Brasserie St-Feuillien\u00a0<\/strong><\/p>\n<\/p>\n<p><strong><em>L\u2019\u00e9l\u00e9gance d\u2019une bi\u00e8re de grande tradition<\/em><\/strong><\/p>\n<p><em>La Brasserie St-Feuillien a \u00e9t\u00e9 fond\u00e9e en 1873 par St\u00e9phanie Friart.<\/em><\/p>\n<p><em>Avec la 5e g\u00e9n\u00e9ration en piste, la famille Friart poursuit la fabrication d\u2019une large gamme de bi\u00e8res, parmi lesquelles la bi\u00e8re de l\u2019Abbaye St-Feuillien, les produits signatures dont la Grand Cru, la Saison et la Grisette, prouvant ainsi sa volont\u00e9 de s\u2019ancrer dans l\u2019histoire de sa r\u00e9gion et perp\u00e9tuer la tradition du terroir.<\/em><\/p>\n<p><em>Pr\u00eatant une attention constante \u00e0 la qualit\u00e9 de ses produits et investissant dans l\u2019outil de mani\u00e8re p\u00e9renne, la brasserie familiale d\u00e9veloppe, avec toujours autant de passion que de savoir-faire, de nouvelles bi\u00e8res, telles les Grisette Blonde et Triple bio sans gluten, et les toutes r\u00e9centes FIVE et St-Feuillien Quadruple.<\/em><\/p>\n<p><em>Ces dix derni\u00e8res ann\u00e9es ont \u00e9t\u00e9 marqu\u00e9es par des investissements importants dont l\u2019installation d\u2019une nouvelle salle de brassage compl\u00e8tement automatis\u00e9e et hautement performante.<\/em><\/p>\n<p><em>C\u2019est une brasserie familiale et ind\u00e9pendante, membre des Belgian Family Brewers.<\/em><\/p>","protected":false},"featured_media":13054,"comment_status":"open","ping_status":"closed","template":"","meta":[],"product_cat":[250],"product_tag":[],"class_list":{"0":"post-9626","1":"product","2":"type-product","3":"status-publish","4":"has-post-thumbnail","6":"product_cat-bieres","7":"pa_categorie-bieres-blondes","8":"pa_color-blonde","9":"pa_country-belgique","10":"pa_style-belgian-pale-ale","11":"pa_type-biere-d-abbaye","12":"product_deptype-0-30","13":"_wholesalex wsx-wholesalex-product","15":"first","16":"instock","17":"taxable","18":"shipping-taxable","19":"purchasable","20":"product-type-simple"},"_links":{"self":[{"href":"https:\/\/petitecave.ch\/de\/wp-json\/wp\/v2\/product\/9626","targetHints":{"allow":["GET"]}}],"collection":[{"href":"https:\/\/petitecave.ch\/de\/wp-json\/wp\/v2\/product"}],"about":[{"href":"https:\/\/petitecave.ch\/de\/wp-json\/wp\/v2\/types\/product"}],"replies":[{"embeddable":true,"href":"https:\/\/petitecave.ch\/de\/wp-json\/wp\/v2\/comments?post=9626"}],"wp:featuredmedia":[{"embeddable":true,"href":"https:\/\/petitecave.ch\/de\/wp-json\/wp\/v2\/media\/13054"}],"wp:attachment":[{"href":"https:\/\/petitecave.ch\/de\/wp-json\/wp\/v2\/media?parent=9626"}],"wp:term":[{"taxonomy":"product_cat","embeddable":true,"href":"https:\/\/petitecave.ch\/de\/wp-json\/wp\/v2\/product_cat?post=9626"},{"taxonomy":"product_tag","embeddable":true,"href":"https:\/\/petitecave.ch\/de\/wp-json\/wp\/v2\/product_tag?post=9626"}],"curies":[{"name":"wp","href":"https:\/\/api.w.org\/{rel}","templated":true}]}}