{"id":9623,"date":"2025-10-28T10:45:57","date_gmt":"2025-10-28T10:45:57","guid":{"rendered":""},"modified":"2026-04-07T14:12:24","modified_gmt":"2026-04-07T12:12:24","slug":"queue-de-charrue-blonde-33cl","status":"publish","type":"product","link":"https:\/\/petitecave.ch\/de\/product\/queue-de-charrue-blonde-33cl\/","title":{"rendered":"Queue De Charrue Blonde 33cl"},"content":{"rendered":"<p><strong>Visuel :<\/strong> Robe or avec une fine mousse blanche<\/p>\n<p><strong>Nez :<\/strong> Ar\u00f4mes de houblons, de malts et de c\u00e9r\u00e9ales (ma\u00efs) grill\u00e9es<\/p>\n<p><strong>Go\u00fbt :<\/strong> Bi\u00e8re douce et ronde aux saveurs malt\u00e9es et fruit\u00e9es<\/p>","protected":false},"excerpt":{"rendered":"<p><strong>Queue de Charrue Blonde &#8211; Brasserie Vanuxeem\u00a0<\/strong><\/p>\n<p><strong><\/strong><\/p>\n<p><i>Cr\u00e9\u00e9 en 2009 au vue du succ\u00e8s grandissant de la Queue de Charrue Triple, la version blonde des bi\u00e8res de la Brasserie Vanuxeem est peut \u00eatre la petite derni\u00e8re, il n&#8217;emp\u00eache qu&rsquo;elle a d\u00e9j\u00e0 pas mal de bouteille !<\/i><\/p>","protected":false},"featured_media":13051,"comment_status":"open","ping_status":"closed","template":"","meta":[],"product_cat":[250],"product_tag":[],"class_list":{"0":"post-9623","1":"product","2":"type-product","3":"status-publish","4":"has-post-thumbnail","6":"product_cat-bieres","7":"pa_categorie-bieres-blondes","8":"pa_color-blonde","9":"pa_country-belgique","10":"pa_style-belgian-pale-ale","11":"product_deptype-0-30","12":"_wholesalex wsx-wholesalex-product","14":"first","15":"instock","16":"taxable","17":"shipping-taxable","18":"purchasable","19":"product-type-simple"},"_links":{"self":[{"href":"https:\/\/petitecave.ch\/de\/wp-json\/wp\/v2\/product\/9623","targetHints":{"allow":["GET"]}}],"collection":[{"href":"https:\/\/petitecave.ch\/de\/wp-json\/wp\/v2\/product"}],"about":[{"href":"https:\/\/petitecave.ch\/de\/wp-json\/wp\/v2\/types\/product"}],"replies":[{"embeddable":true,"href":"https:\/\/petitecave.ch\/de\/wp-json\/wp\/v2\/comments?post=9623"}],"wp:featuredmedia":[{"embeddable":true,"href":"https:\/\/petitecave.ch\/de\/wp-json\/wp\/v2\/media\/13051"}],"wp:attachment":[{"href":"https:\/\/petitecave.ch\/de\/wp-json\/wp\/v2\/media?parent=9623"}],"wp:term":[{"taxonomy":"product_cat","embeddable":true,"href":"https:\/\/petitecave.ch\/de\/wp-json\/wp\/v2\/product_cat?post=9623"},{"taxonomy":"product_tag","embeddable":true,"href":"https:\/\/petitecave.ch\/de\/wp-json\/wp\/v2\/product_tag?post=9623"}],"curies":[{"name":"wp","href":"https:\/\/api.w.org\/{rel}","templated":true}]}}