{"id":9617,"date":"2025-10-28T10:45:52","date_gmt":"2025-10-28T10:45:52","guid":{"rendered":""},"modified":"2026-04-07T14:16:26","modified_gmt":"2026-04-07T12:16:26","slug":"maredsous-blonde-6-33cl","status":"publish","type":"product","link":"https:\/\/petitecave.ch\/de\/product\/maredsous-blonde-6-33cl\/","title":{"rendered":"Maredsous Blonde 6\u00b0 33cl"},"content":{"rendered":"<p><strong>Visuel :<\/strong> Robe blonde \u00e0 la mousse blanche<\/p>\n<p><strong>Nez :<\/strong> Ar\u00f4mes de malts et notes florales<\/p>\n<p><strong>Go\u00fbt :<\/strong> Bi\u00e8re aux saveurs fruit\u00e9es et malt\u00e9es<\/p>","protected":false},"excerpt":{"rendered":"<p><strong>Maredsous Blonde 6\u00b0 &#8211; Abbaye de Maredsous\u00a0<\/strong><\/p>\n<p><em><\/em><\/p>\n<p><em>Con\u00e7ue par le brasseur Moortgat \u00e0 Breendonk (Belgique), les bi\u00e8res de l&rsquo;Abbaye de Maredsous sont des bi\u00e8res qui gagnent \u00e0 m\u00fbrir en bouteille.<\/em><\/p>\n<p><em>La Bi\u00e8re Maredsous blonde 6\u00b0 est une bi\u00e8re de type Belgian Pale Ale \u00e0 fermentation haute. C\u2019est la toute premi\u00e8re bi\u00e8re de l\u2019Abbaye Maredsous, et encore aujourd&rsquo;hui, elle est consomm\u00e9e par les moines pour le repas du midi.<\/em><\/p>","protected":false},"featured_media":18813,"comment_status":"open","ping_status":"closed","template":"","meta":[],"product_cat":[250],"product_tag":[],"class_list":{"0":"post-9617","1":"product","2":"type-product","3":"status-publish","4":"has-post-thumbnail","6":"product_cat-bieres","7":"pa_categorie-bieres-blondes","8":"pa_color-blonde","9":"pa_country-belgique","10":"pa_style-belgian-pale-ale","11":"pa_type-biere-d-abbaye","12":"product_deptype-0-30","13":"_wholesalex wsx-wholesalex-product","15":"first","16":"instock","17":"taxable","18":"shipping-taxable","19":"purchasable","20":"product-type-simple"},"_links":{"self":[{"href":"https:\/\/petitecave.ch\/de\/wp-json\/wp\/v2\/product\/9617","targetHints":{"allow":["GET"]}}],"collection":[{"href":"https:\/\/petitecave.ch\/de\/wp-json\/wp\/v2\/product"}],"about":[{"href":"https:\/\/petitecave.ch\/de\/wp-json\/wp\/v2\/types\/product"}],"replies":[{"embeddable":true,"href":"https:\/\/petitecave.ch\/de\/wp-json\/wp\/v2\/comments?post=9617"}],"wp:featuredmedia":[{"embeddable":true,"href":"https:\/\/petitecave.ch\/de\/wp-json\/wp\/v2\/media\/18813"}],"wp:attachment":[{"href":"https:\/\/petitecave.ch\/de\/wp-json\/wp\/v2\/media?parent=9617"}],"wp:term":[{"taxonomy":"product_cat","embeddable":true,"href":"https:\/\/petitecave.ch\/de\/wp-json\/wp\/v2\/product_cat?post=9617"},{"taxonomy":"product_tag","embeddable":true,"href":"https:\/\/petitecave.ch\/de\/wp-json\/wp\/v2\/product_tag?post=9617"}],"curies":[{"name":"wp","href":"https:\/\/api.w.org\/{rel}","templated":true}]}}