{"id":9616,"date":"2025-10-28T10:45:51","date_gmt":"2025-10-28T10:45:51","guid":{"rendered":""},"modified":"2026-04-07T14:22:35","modified_gmt":"2026-04-07T12:22:35","slug":"maredsous-triple-10-33cl","status":"publish","type":"product","link":"https:\/\/petitecave.ch\/de\/product\/maredsous-triple-10-33cl\/","title":{"rendered":"Maredsous Triple 10\u00b0 33cl"},"content":{"rendered":"<p><strong>Visuel :<\/strong> Robe jaune, reflets ambr\u00e9s avec une mousse blanche.<\/p>\n<p><strong>Nez :<\/strong> Ar\u00f4mes de malt, de caramel mais aussi de fruits secs\u00a0<\/p>\n<p><strong>Go\u00fbt :<\/strong> Bi\u00e8re douce et \u00e9quilibr\u00e9e aux saveurs d&rsquo;\u00e9pices, de caramel et fruits secs.<\/p>","protected":false},"excerpt":{"rendered":"<p><strong>Maredsous Triple 10\u00b0 &#8211; Abbaye de Maredsous\u00a0<\/strong><\/p>\n<p><em><\/em><\/p>\n<p><em>Brass\u00e9e en Belgique selon une tradition religieuse, la Maredsous est une bi\u00e8re d&rsquo;abbaye triple de fermentation haute.<\/em><\/p>\n<p><em>Elle est referment\u00e9e en bouteille, avec une maturation de deux mois.<\/em><\/p>","protected":false},"featured_media":18910,"comment_status":"open","ping_status":"closed","template":"","meta":[],"product_cat":[250],"product_tag":[],"class_list":{"0":"post-9616","1":"product","2":"type-product","3":"status-publish","4":"has-post-thumbnail","6":"product_cat-bieres","7":"pa_categorie-bieres-blondes","8":"pa_color-ambree","9":"pa_country-belgique","10":"pa_style-tripel","11":"pa_type-biere-d-abbaye","12":"product_deptype-0-30","13":"_wholesalex wsx-wholesalex-product","15":"first","16":"instock","17":"taxable","18":"shipping-taxable","19":"purchasable","20":"product-type-simple"},"_links":{"self":[{"href":"https:\/\/petitecave.ch\/de\/wp-json\/wp\/v2\/product\/9616","targetHints":{"allow":["GET"]}}],"collection":[{"href":"https:\/\/petitecave.ch\/de\/wp-json\/wp\/v2\/product"}],"about":[{"href":"https:\/\/petitecave.ch\/de\/wp-json\/wp\/v2\/types\/product"}],"replies":[{"embeddable":true,"href":"https:\/\/petitecave.ch\/de\/wp-json\/wp\/v2\/comments?post=9616"}],"wp:featuredmedia":[{"embeddable":true,"href":"https:\/\/petitecave.ch\/de\/wp-json\/wp\/v2\/media\/18910"}],"wp:attachment":[{"href":"https:\/\/petitecave.ch\/de\/wp-json\/wp\/v2\/media?parent=9616"}],"wp:term":[{"taxonomy":"product_cat","embeddable":true,"href":"https:\/\/petitecave.ch\/de\/wp-json\/wp\/v2\/product_cat?post=9616"},{"taxonomy":"product_tag","embeddable":true,"href":"https:\/\/petitecave.ch\/de\/wp-json\/wp\/v2\/product_tag?post=9616"}],"curies":[{"name":"wp","href":"https:\/\/api.w.org\/{rel}","templated":true}]}}