{"id":9603,"date":"2025-10-28T10:45:37","date_gmt":"2025-10-28T10:45:37","guid":{"rendered":""},"modified":"2026-04-07T14:12:25","modified_gmt":"2026-04-07T12:12:25","slug":"piraat-33cl","status":"publish","type":"product","link":"https:\/\/petitecave.ch\/de\/product\/piraat-33cl\/","title":{"rendered":"Piraat 33cl"},"content":{"rendered":"<p><strong>Visuel :<\/strong> Robe ambr\u00e9e avec une mousse cr\u00e9meuse\u00a0<\/p>\n<p><strong>Nez :<\/strong> Ar\u00f4mes malt\u00e9s, \u00e9pic\u00e9s et fruit\u00e9s<\/p>\n<p><strong>Go\u00fbt :<\/strong> Bi\u00e8re aux saveurs malt\u00e9es, \u00e9pic\u00e9es, fruit\u00e9es et belle amertume en bouche<\/p>","protected":false},"excerpt":{"rendered":"<p><strong>Piraat &#8211; Brasserie Van Steenberge\u00a0<\/strong><\/p>\n<p><strong><\/strong><\/p>\n<p><i>La bi\u00e8re Piraat est une bi\u00e8re belge de haute fermentation produite par la Brasserie Van Steenberge qui brasse, entre autre, la d\u00e9sormais c\u00e9l\u00e8bre Gulden Draak.<\/i><\/p>\n<p><i>De calibre international, cette bi\u00e8re ambr\u00e9e d\u00e9veloppe dans le verre un chapeau de mousse blanc compact et dense \u00e0 la bonne tenue.<\/i><\/p>","protected":false},"featured_media":13028,"comment_status":"open","ping_status":"closed","template":"","meta":[],"product_cat":[250],"product_tag":[],"class_list":{"0":"post-9603","1":"product","2":"type-product","3":"status-publish","4":"has-post-thumbnail","6":"product_cat-bieres","7":"pa_categorie-bieres-blondes","8":"pa_color-ambree","9":"pa_country-belgique","10":"pa_style-belgian-pale-ale","11":"product_deptype-0-30","12":"_wholesalex wsx-wholesalex-product","14":"first","15":"instock","16":"taxable","17":"shipping-taxable","18":"purchasable","19":"product-type-simple"},"_links":{"self":[{"href":"https:\/\/petitecave.ch\/de\/wp-json\/wp\/v2\/product\/9603","targetHints":{"allow":["GET"]}}],"collection":[{"href":"https:\/\/petitecave.ch\/de\/wp-json\/wp\/v2\/product"}],"about":[{"href":"https:\/\/petitecave.ch\/de\/wp-json\/wp\/v2\/types\/product"}],"replies":[{"embeddable":true,"href":"https:\/\/petitecave.ch\/de\/wp-json\/wp\/v2\/comments?post=9603"}],"wp:featuredmedia":[{"embeddable":true,"href":"https:\/\/petitecave.ch\/de\/wp-json\/wp\/v2\/media\/13028"}],"wp:attachment":[{"href":"https:\/\/petitecave.ch\/de\/wp-json\/wp\/v2\/media?parent=9603"}],"wp:term":[{"taxonomy":"product_cat","embeddable":true,"href":"https:\/\/petitecave.ch\/de\/wp-json\/wp\/v2\/product_cat?post=9603"},{"taxonomy":"product_tag","embeddable":true,"href":"https:\/\/petitecave.ch\/de\/wp-json\/wp\/v2\/product_tag?post=9603"}],"curies":[{"name":"wp","href":"https:\/\/api.w.org\/{rel}","templated":true}]}}