{"id":9600,"date":"2025-10-28T10:45:34","date_gmt":"2025-10-28T10:45:34","guid":{"rendered":""},"modified":"2026-04-07T14:10:48","modified_gmt":"2026-04-07T12:10:48","slug":"st-bernardus-pater-6-33cl","status":"publish","type":"product","link":"https:\/\/petitecave.ch\/de\/product\/st-bernardus-pater-6-33cl\/","title":{"rendered":"St Bernardus Pater 6\u00b0 33cl"},"content":{"rendered":"<p><strong>Visuel :<\/strong> Robe brune avec une mousse beige abondante<\/p>\n<p><strong>Nez :<\/strong> Ar\u00f4mes de malt et de fruit (raisins secs) et de levure<\/p>\n<p><strong>Go\u00fbt :<\/strong> Bi\u00e8re aux saveurs de malts, de houblons, de fruits et de caramel<\/p>","protected":false},"excerpt":{"rendered":"<p><strong>St Bernardus Pater 6\u00b0 &#8211; Brasserie St Bernardus\u00a0<\/strong><\/p>\n<p><strong><\/strong><\/p>\n<p><i>Bi\u00e8re aux grandes qualit\u00e9s gustatives, la Saint Bernardus Pater 6 est d\u00e9sormais une r\u00e9f\u00e9rence parmi les bi\u00e8res belges dites \u00ab\u00a0D&rsquo;abbaye\u00a0\u00bb.<\/i><\/p>\n<p><i>Pourtant, les bi\u00e8res \u00ab\u00a0Saint Bernardus\u00a0\u00bb n&rsquo;ont jamais \u00e9t\u00e9 brass\u00e9e au sein d&rsquo;une abbaye et encore moins par des moines.<\/i><\/p>\n<p><i>Toutefois, leurs recettes ont elles \u00e9t\u00e9 \u00e9labor\u00e9es par les moines de l&rsquo;abbaye cistercienne St. Sixtus qui produit aujourd&rsquo;hui les bi\u00e8res trappistes Westvleteren, consid\u00e9r\u00e9es comme les bi\u00e8res trappistes les meilleures mais les plus rares qui soient.<\/i><\/p>\n<p><i>La Saint Bernardus Pater 6 est une bi\u00e8re brune de haute fermentation.<\/i><\/p>","protected":false},"featured_media":13025,"comment_status":"open","ping_status":"closed","template":"","meta":[],"product_cat":[250],"product_tag":[],"class_list":{"0":"post-9600","1":"product","2":"type-product","3":"status-publish","4":"has-post-thumbnail","6":"product_cat-bieres","7":"pa_categorie-bieres-brunes","8":"pa_color-brune","9":"pa_country-belgique","10":"pa_style-dubbel","11":"pa_type-biere-d-abbaye","12":"product_deptype-0-30","13":"_wholesalex wsx-wholesalex-product","15":"first","16":"instock","17":"taxable","18":"shipping-taxable","19":"purchasable","20":"product-type-simple"},"yoast_head":"<!-- This site is optimized with the Yoast SEO plugin v27.4 - https:\/\/yoast.com\/product\/yoast-seo-wordpress\/ -->\n<title>St Bernardus Pater 6\u00b0 33cl | La Petite Cave du Chablais<\/title>\n<meta name=\"robots\" content=\"index, follow, max-snippet:-1, max-image-preview:large, max-video-preview:-1\" \/>\n<link rel=\"canonical\" href=\"https:\/\/petitecave.ch\/de\/product\/st-bernardus-pater-6-33cl\/\" \/>\n<meta property=\"og:locale\" content=\"de_DE\" \/>\n<meta property=\"og:type\" content=\"article\" \/>\n<meta property=\"og:title\" content=\"St Bernardus Pater 6\u00b0 33cl | La Petite Cave du Chablais\" \/>\n<meta property=\"og:description\" content=\"St Bernardus Pater 6\u00b0 - Brasserie St Bernardus\u00a0 Bi\u00e8re aux grandes qualit\u00e9s gustatives, la Saint Bernardus Pater 6 est d\u00e9sormais une r\u00e9f\u00e9rence parmi les bi\u00e8res belges dites &quot;D&#039;abbaye&quot;. Pourtant, les bi\u00e8res &quot;Saint Bernardus&quot; n&#039;ont jamais \u00e9t\u00e9 brass\u00e9e au sein d&#039;une abbaye et encore moins par des moines. Toutefois, leurs recettes ont elles \u00e9t\u00e9 \u00e9labor\u00e9es par les moines de l&#039;abbaye cistercienne St. Sixtus qui produit aujourd&#039;hui les bi\u00e8res trappistes Westvleteren, consid\u00e9r\u00e9es comme les bi\u00e8res trappistes les meilleures mais les plus rares qui soient. La Saint Bernardus Pater 6 est une bi\u00e8re brune de haute fermentation.\" \/>\n<meta property=\"og:url\" content=\"https:\/\/petitecave.ch\/de\/product\/st-bernardus-pater-6-33cl\/\" \/>\n<meta property=\"og:site_name\" content=\"La Petite Cave du Chablais\" \/>\n<meta property=\"article:publisher\" content=\"https:\/\/www.facebook.com\/LaPetiteCaveDuChablais\" \/>\n<meta property=\"article:modified_time\" content=\"2026-04-07T12:10:48+00:00\" \/>\n<meta property=\"og:image\" content=\"https:\/\/petitecave.ch\/wp-content\/uploads\/2025\/10\/9600_1621_cover.png\" \/>\n\t<meta property=\"og:image:width\" content=\"272\" \/>\n\t<meta property=\"og:image:height\" content=\"1050\" \/>\n\t<meta property=\"og:image:type\" content=\"image\/png\" \/>\n<meta name=\"twitter:card\" content=\"summary_large_image\" \/>\n<script type=\"application\/ld+json\" class=\"yoast-schema-graph\">{\"@context\":\"https:\\\/\\\/schema.org\",\"@graph\":[{\"@type\":\"WebPage\",\"@id\":\"https:\\\/\\\/petitecave.ch\\\/de\\\/product\\\/st-bernardus-pater-6-33cl\\\/\",\"url\":\"https:\\\/\\\/petitecave.ch\\\/de\\\/product\\\/st-bernardus-pater-6-33cl\\\/\",\"name\":\"St Bernardus Pater 6\u00b0 33cl | La Petite Cave du Chablais\",\"isPartOf\":{\"@id\":\"https:\\\/\\\/petitecave.ch\\\/de\\\/#website\"},\"primaryImageOfPage\":{\"@id\":\"https:\\\/\\\/petitecave.ch\\\/de\\\/product\\\/st-bernardus-pater-6-33cl\\\/#primaryimage\"},\"image\":{\"@id\":\"https:\\\/\\\/petitecave.ch\\\/de\\\/product\\\/st-bernardus-pater-6-33cl\\\/#primaryimage\"},\"thumbnailUrl\":\"https:\\\/\\\/petitecave.ch\\\/wp-content\\\/uploads\\\/2025\\\/10\\\/9600_1621_cover.png\",\"datePublished\":\"2025-10-28T10:45:34+00:00\",\"dateModified\":\"2026-04-07T12:10:48+00:00\",\"breadcrumb\":{\"@id\":\"https:\\\/\\\/petitecave.ch\\\/de\\\/product\\\/st-bernardus-pater-6-33cl\\\/#breadcrumb\"},\"inLanguage\":\"de-CH\",\"potentialAction\":[{\"@type\":\"ReadAction\",\"target\":[\"https:\\\/\\\/petitecave.ch\\\/de\\\/product\\\/st-bernardus-pater-6-33cl\\\/\"]}]},{\"@type\":\"ImageObject\",\"inLanguage\":\"de-CH\",\"@id\":\"https:\\\/\\\/petitecave.ch\\\/de\\\/product\\\/st-bernardus-pater-6-33cl\\\/#primaryimage\",\"url\":\"https:\\\/\\\/petitecave.ch\\\/wp-content\\\/uploads\\\/2025\\\/10\\\/9600_1621_cover.png\",\"contentUrl\":\"https:\\\/\\\/petitecave.ch\\\/wp-content\\\/uploads\\\/2025\\\/10\\\/9600_1621_cover.png\",\"width\":272,\"height\":1050},{\"@type\":\"BreadcrumbList\",\"@id\":\"https:\\\/\\\/petitecave.ch\\\/de\\\/product\\\/st-bernardus-pater-6-33cl\\\/#breadcrumb\",\"itemListElement\":[{\"@type\":\"ListItem\",\"position\":1,\"name\":\"Accueil\",\"item\":\"https:\\\/\\\/petitecave.ch\\\/\"},{\"@type\":\"ListItem\",\"position\":2,\"name\":\"Produkte\",\"item\":\"https:\\\/\\\/petitecave.ch\\\/de\\\/shop\\\/\"},{\"@type\":\"ListItem\",\"position\":3,\"name\":\"St Bernardus Pater 6\u00b0 33cl\"}]},{\"@type\":\"WebSite\",\"@id\":\"https:\\\/\\\/petitecave.ch\\\/de\\\/#website\",\"url\":\"https:\\\/\\\/petitecave.ch\\\/de\\\/\",\"name\":\"La Petite Cave du Chablais\",\"description\":\"Vins, bi\u00e8res et spiritueux en ligne !\",\"publisher\":{\"@id\":\"https:\\\/\\\/petitecave.ch\\\/de\\\/#organization\"},\"alternateName\":\"La Petite Cave\",\"potentialAction\":[{\"@type\":\"SearchAction\",\"target\":{\"@type\":\"EntryPoint\",\"urlTemplate\":\"https:\\\/\\\/petitecave.ch\\\/de\\\/?s={search_term_string}\"},\"query-input\":{\"@type\":\"PropertyValueSpecification\",\"valueRequired\":true,\"valueName\":\"search_term_string\"}}],\"inLanguage\":\"de-CH\"},{\"@type\":\"Organization\",\"@id\":\"https:\\\/\\\/petitecave.ch\\\/de\\\/#organization\",\"name\":\"La Petite Cave du Chablais S\u00e0rl\",\"url\":\"https:\\\/\\\/petitecave.ch\\\/de\\\/\",\"logo\":{\"@type\":\"ImageObject\",\"inLanguage\":\"de-CH\",\"@id\":\"https:\\\/\\\/petitecave.ch\\\/de\\\/#\\\/schema\\\/logo\\\/image\\\/\",\"url\":\"https:\\\/\\\/petitecave.ch\\\/wp-content\\\/uploads\\\/2025\\\/10\\\/petitecavelogo-removebg-preview.png\",\"contentUrl\":\"https:\\\/\\\/petitecave.ch\\\/wp-content\\\/uploads\\\/2025\\\/10\\\/petitecavelogo-removebg-preview.png\",\"width\":800,\"height\":200,\"caption\":\"La Petite Cave du Chablais S\u00e0rl\"},\"image\":{\"@id\":\"https:\\\/\\\/petitecave.ch\\\/de\\\/#\\\/schema\\\/logo\\\/image\\\/\"},\"sameAs\":[\"https:\\\/\\\/www.facebook.com\\\/LaPetiteCaveDuChablais\",\"https:\\\/\\\/www.instagram.com\\\/lapetitecaveduchablais\",\"https:\\\/\\\/www.linkedin.com\\\/company\\\/la-petite-cave-du-chablais\"]}]}<\/script>\n<!-- \/ Yoast SEO plugin. -->","yoast_head_json":{"title":"St Bernardus Pater 6\u00b0 33cl | La Petite Cave du Chablais","robots":{"index":"index","follow":"follow","max-snippet":"max-snippet:-1","max-image-preview":"max-image-preview:large","max-video-preview":"max-video-preview:-1"},"canonical":"https:\/\/petitecave.ch\/de\/product\/st-bernardus-pater-6-33cl\/","og_locale":"de_DE","og_type":"article","og_title":"St Bernardus Pater 6\u00b0 33cl | La Petite Cave du Chablais","og_description":"St Bernardus Pater 6\u00b0 - Brasserie St Bernardus\u00a0 Bi\u00e8re aux grandes qualit\u00e9s gustatives, la Saint Bernardus Pater 6 est d\u00e9sormais une r\u00e9f\u00e9rence parmi les bi\u00e8res belges dites \"D'abbaye\". Pourtant, les bi\u00e8res \"Saint Bernardus\" n'ont jamais \u00e9t\u00e9 brass\u00e9e au sein d'une abbaye et encore moins par des moines. Toutefois, leurs recettes ont elles \u00e9t\u00e9 \u00e9labor\u00e9es par les moines de l'abbaye cistercienne St. Sixtus qui produit aujourd'hui les bi\u00e8res trappistes Westvleteren, consid\u00e9r\u00e9es comme les bi\u00e8res trappistes les meilleures mais les plus rares qui soient. La Saint Bernardus Pater 6 est une bi\u00e8re brune de haute fermentation.","og_url":"https:\/\/petitecave.ch\/de\/product\/st-bernardus-pater-6-33cl\/","og_site_name":"La Petite Cave du Chablais","article_publisher":"https:\/\/www.facebook.com\/LaPetiteCaveDuChablais","article_modified_time":"2026-04-07T12:10:48+00:00","og_image":[{"width":272,"height":1050,"url":"https:\/\/petitecave.ch\/wp-content\/uploads\/2025\/10\/9600_1621_cover.png","type":"image\/png"}],"twitter_card":"summary_large_image","schema":{"@context":"https:\/\/schema.org","@graph":[{"@type":"WebPage","@id":"https:\/\/petitecave.ch\/de\/product\/st-bernardus-pater-6-33cl\/","url":"https:\/\/petitecave.ch\/de\/product\/st-bernardus-pater-6-33cl\/","name":"St Bernardus Pater 6\u00b0 33cl | La Petite Cave du Chablais","isPartOf":{"@id":"https:\/\/petitecave.ch\/de\/#website"},"primaryImageOfPage":{"@id":"https:\/\/petitecave.ch\/de\/product\/st-bernardus-pater-6-33cl\/#primaryimage"},"image":{"@id":"https:\/\/petitecave.ch\/de\/product\/st-bernardus-pater-6-33cl\/#primaryimage"},"thumbnailUrl":"https:\/\/petitecave.ch\/wp-content\/uploads\/2025\/10\/9600_1621_cover.png","datePublished":"2025-10-28T10:45:34+00:00","dateModified":"2026-04-07T12:10:48+00:00","breadcrumb":{"@id":"https:\/\/petitecave.ch\/de\/product\/st-bernardus-pater-6-33cl\/#breadcrumb"},"inLanguage":"de-CH","potentialAction":[{"@type":"ReadAction","target":["https:\/\/petitecave.ch\/de\/product\/st-bernardus-pater-6-33cl\/"]}]},{"@type":"ImageObject","inLanguage":"de-CH","@id":"https:\/\/petitecave.ch\/de\/product\/st-bernardus-pater-6-33cl\/#primaryimage","url":"https:\/\/petitecave.ch\/wp-content\/uploads\/2025\/10\/9600_1621_cover.png","contentUrl":"https:\/\/petitecave.ch\/wp-content\/uploads\/2025\/10\/9600_1621_cover.png","width":272,"height":1050},{"@type":"BreadcrumbList","@id":"https:\/\/petitecave.ch\/de\/product\/st-bernardus-pater-6-33cl\/#breadcrumb","itemListElement":[{"@type":"ListItem","position":1,"name":"Accueil","item":"https:\/\/petitecave.ch\/"},{"@type":"ListItem","position":2,"name":"Produkte","item":"https:\/\/petitecave.ch\/de\/shop\/"},{"@type":"ListItem","position":3,"name":"St Bernardus Pater 6\u00b0 33cl"}]},{"@type":"WebSite","@id":"https:\/\/petitecave.ch\/de\/#website","url":"https:\/\/petitecave.ch\/de\/","name":"Die kleine Keller des Chablais","description":"Vins, bi\u00e8res et spiritueux en ligne !","publisher":{"@id":"https:\/\/petitecave.ch\/de\/#organization"},"alternateName":"La Petite Cave","potentialAction":[{"@type":"SearchAction","target":{"@type":"EntryPoint","urlTemplate":"https:\/\/petitecave.ch\/de\/?s={search_term_string}"},"query-input":{"@type":"PropertyValueSpecification","valueRequired":true,"valueName":"search_term_string"}}],"inLanguage":"de-CH"},{"@type":"Organization","@id":"https:\/\/petitecave.ch\/de\/#organization","name":"La Petite Cave du Chablais S\u00e0rl","url":"https:\/\/petitecave.ch\/de\/","logo":{"@type":"ImageObject","inLanguage":"de-CH","@id":"https:\/\/petitecave.ch\/de\/#\/schema\/logo\/image\/","url":"https:\/\/petitecave.ch\/wp-content\/uploads\/2025\/10\/petitecavelogo-removebg-preview.png","contentUrl":"https:\/\/petitecave.ch\/wp-content\/uploads\/2025\/10\/petitecavelogo-removebg-preview.png","width":800,"height":200,"caption":"La Petite Cave du Chablais S\u00e0rl"},"image":{"@id":"https:\/\/petitecave.ch\/de\/#\/schema\/logo\/image\/"},"sameAs":["https:\/\/www.facebook.com\/LaPetiteCaveDuChablais","https:\/\/www.instagram.com\/lapetitecaveduchablais","https:\/\/www.linkedin.com\/company\/la-petite-cave-du-chablais"]}]}},"_links":{"self":[{"href":"https:\/\/petitecave.ch\/de\/wp-json\/wp\/v2\/product\/9600","targetHints":{"allow":["GET"]}}],"collection":[{"href":"https:\/\/petitecave.ch\/de\/wp-json\/wp\/v2\/product"}],"about":[{"href":"https:\/\/petitecave.ch\/de\/wp-json\/wp\/v2\/types\/product"}],"replies":[{"embeddable":true,"href":"https:\/\/petitecave.ch\/de\/wp-json\/wp\/v2\/comments?post=9600"}],"wp:featuredmedia":[{"embeddable":true,"href":"https:\/\/petitecave.ch\/de\/wp-json\/wp\/v2\/media\/13025"}],"wp:attachment":[{"href":"https:\/\/petitecave.ch\/de\/wp-json\/wp\/v2\/media?parent=9600"}],"wp:term":[{"taxonomy":"product_cat","embeddable":true,"href":"https:\/\/petitecave.ch\/de\/wp-json\/wp\/v2\/product_cat?post=9600"},{"taxonomy":"product_tag","embeddable":true,"href":"https:\/\/petitecave.ch\/de\/wp-json\/wp\/v2\/product_tag?post=9600"}],"curies":[{"name":"wp","href":"https:\/\/api.w.org\/{rel}","templated":true}]}}