{"id":9598,"date":"2025-10-28T10:45:32","date_gmt":"2025-10-28T10:45:32","guid":{"rendered":""},"modified":"2026-04-07T14:07:52","modified_gmt":"2026-04-07T12:07:52","slug":"kwak-33cl","status":"publish","type":"product","link":"https:\/\/petitecave.ch\/de\/product\/kwak-33cl\/","title":{"rendered":"Kwak 33cl"},"content":{"rendered":"<p><strong>Visuel :<\/strong>\u00a0Robe ambr\u00e9e voire cuivr\u00e9e avec une belle mousse blanche\u00a0<\/p>\n<p><strong>Nez :<\/strong>\u00a0Ar\u00f4mes de malt, \u00e9pic\u00e9s (cannelle), fruit\u00e9s et des notes de caramel<\/p>\n<p><strong>Go\u00fbt :<\/strong>\u00a0Bi\u00e8re douce aux saveurs malt\u00e9es, fruit\u00e9es et \u00e9pic\u00e9es<\/p>","protected":false},"excerpt":{"rendered":"<p><strong>Kwak &#8211; Brasserie Bosteels\u00a0<\/strong><\/p>\n<\/p>\n<p><em>Depuis sa fondation en 1791 par Evarist Bosteels, la brasserie Bosteels est devenue la d\u00e9finition de l&rsquo;entreprise familiale. Dans la m\u00eame famille depuis plus de 200 ans, la brasserie a \u00e9t\u00e9 dirig\u00e9e par sept g\u00e9n\u00e9rations de la famille Bosteels, brassant certaines bi\u00e8res les plus embl\u00e9matiques de la Belgique. Parmi celles-ci figurent des classiques telles que Tripel Karmeliet et l&rsquo;exquise Deus Brut des Flandres, une bi\u00e8re d&rsquo;orge brass\u00e9e dans le style champagne. Toutes sont brass\u00e9es avec le m\u00eame soin et la m\u00eame attention qu&rsquo;\u00e0 l&rsquo;origine.<\/em><\/p>\n<p><em>La Kwak a \u00e9t\u00e9 con\u00e7ue \u00e0 l&rsquo;origine comme un breuvage pour les cochers congel\u00e9s, et traditionnellement servie dans son verre original du cocher, la Kwak est l&rsquo;une des bi\u00e8res les plus iconiques de Belgique.<\/em><\/p>","protected":false},"featured_media":18874,"comment_status":"open","ping_status":"closed","template":"","meta":[],"product_cat":[250],"product_tag":[],"class_list":{"0":"post-9598","1":"product","2":"type-product","3":"status-publish","4":"has-post-thumbnail","6":"product_cat-bieres","7":"pa_categorie-bieres-ambrees","8":"pa_color-ambree","9":"pa_country-belgique","10":"pa_style-strong-ale","11":"product_deptype-0-30","12":"_wholesalex wsx-wholesalex-product","14":"first","15":"instock","16":"taxable","17":"shipping-taxable","18":"purchasable","19":"product-type-simple"},"_links":{"self":[{"href":"https:\/\/petitecave.ch\/de\/wp-json\/wp\/v2\/product\/9598","targetHints":{"allow":["GET"]}}],"collection":[{"href":"https:\/\/petitecave.ch\/de\/wp-json\/wp\/v2\/product"}],"about":[{"href":"https:\/\/petitecave.ch\/de\/wp-json\/wp\/v2\/types\/product"}],"replies":[{"embeddable":true,"href":"https:\/\/petitecave.ch\/de\/wp-json\/wp\/v2\/comments?post=9598"}],"wp:featuredmedia":[{"embeddable":true,"href":"https:\/\/petitecave.ch\/de\/wp-json\/wp\/v2\/media\/18874"}],"wp:attachment":[{"href":"https:\/\/petitecave.ch\/de\/wp-json\/wp\/v2\/media?parent=9598"}],"wp:term":[{"taxonomy":"product_cat","embeddable":true,"href":"https:\/\/petitecave.ch\/de\/wp-json\/wp\/v2\/product_cat?post=9598"},{"taxonomy":"product_tag","embeddable":true,"href":"https:\/\/petitecave.ch\/de\/wp-json\/wp\/v2\/product_tag?post=9598"}],"curies":[{"name":"wp","href":"https:\/\/api.w.org\/{rel}","templated":true}]}}