{"id":9597,"date":"2025-10-28T10:45:31","date_gmt":"2025-10-28T10:45:31","guid":{"rendered":""},"modified":"2026-04-07T13:51:53","modified_gmt":"2026-04-07T11:51:53","slug":"gulden-draak-9000-quadruple-33cl","status":"publish","type":"product","link":"https:\/\/petitecave.ch\/de\/product\/gulden-draak-9000-quadruple-33cl\/","title":{"rendered":"Gulden Draak 9000 Quadruple 33cl"},"content":{"rendered":"<p><strong>Visuel :<\/strong> Robe ambr\u00e9e avec une mousse beige<\/p>\n<p><strong>Nez :<\/strong> Ar\u00f4mes de sucre brun, de caramel, de fruits et de malt grill\u00e9\u00a0<\/p>\n<p><strong>Go\u00fbt :<\/strong> Bi\u00e8re aux saveurs malt\u00e9es, fruit\u00e9es et caram\u00e9lis\u00e9es<\/p>","protected":false},"excerpt":{"rendered":"<p><strong>Gulden Draak 9000 Quadruple &#8211; Brasserie Van Steenberge<\/strong><\/p>\n<\/p>\n<p><i>La Gulden Draak originale re\u00e7oit un renfort de taille: la Gulden Draak Quadruple. Vous l&rsquo;aurez compris, cette appellation issue de la r\u00e9put\u00e9e brasserie artisanale belge Van Steenberge a d\u00e9j\u00e0 une histoire, connue de nombreux amateurs de bi\u00e8re pour sa qualit\u00e9. Dot\u00e9 d&rsquo;une palette de go\u00fbts riches et complexes bas\u00e9e sur 3 sortes de malts diff\u00e9rents, ce qui repr\u00e9sente d\u00e9j\u00e0 une quantit\u00e9 d\u00e9passant 4 fois le taux contenu dans une bi\u00e8re Pils.\u00a0<\/i><\/p>","protected":false},"featured_media":13022,"comment_status":"open","ping_status":"closed","template":"","meta":[],"product_cat":[250],"product_tag":[],"class_list":{"0":"post-9597","1":"product","2":"type-product","3":"status-publish","4":"has-post-thumbnail","6":"product_cat-bieres","7":"pa_categorie-bieres-ambrees","8":"pa_color-ambree","9":"pa_country-belgique","10":"pa_style-quadrupel","11":"pa_type-biere-artisanale","12":"product_deptype-0-30","13":"_wholesalex wsx-wholesalex-product","15":"first","16":"instock","17":"taxable","18":"shipping-taxable","19":"purchasable","20":"product-type-simple"},"_links":{"self":[{"href":"https:\/\/petitecave.ch\/de\/wp-json\/wp\/v2\/product\/9597","targetHints":{"allow":["GET"]}}],"collection":[{"href":"https:\/\/petitecave.ch\/de\/wp-json\/wp\/v2\/product"}],"about":[{"href":"https:\/\/petitecave.ch\/de\/wp-json\/wp\/v2\/types\/product"}],"replies":[{"embeddable":true,"href":"https:\/\/petitecave.ch\/de\/wp-json\/wp\/v2\/comments?post=9597"}],"wp:featuredmedia":[{"embeddable":true,"href":"https:\/\/petitecave.ch\/de\/wp-json\/wp\/v2\/media\/13022"}],"wp:attachment":[{"href":"https:\/\/petitecave.ch\/de\/wp-json\/wp\/v2\/media?parent=9597"}],"wp:term":[{"taxonomy":"product_cat","embeddable":true,"href":"https:\/\/petitecave.ch\/de\/wp-json\/wp\/v2\/product_cat?post=9597"},{"taxonomy":"product_tag","embeddable":true,"href":"https:\/\/petitecave.ch\/de\/wp-json\/wp\/v2\/product_tag?post=9597"}],"curies":[{"name":"wp","href":"https:\/\/api.w.org\/{rel}","templated":true}]}}