{"id":9595,"date":"2025-10-28T10:45:29","date_gmt":"2025-10-28T10:45:29","guid":{"rendered":""},"modified":"2026-02-13T12:29:22","modified_gmt":"2026-02-13T11:29:22","slug":"westmalle-dubbel-brune-33cl","status":"publish","type":"product","link":"https:\/\/petitecave.ch\/de\/product\/westmalle-dubbel-brune-33cl\/","title":{"rendered":"Westmalle Dubbel Brune 33cl"},"content":{"rendered":"<p><strong>Visuel :<\/strong> Robe brune rouge\u00e2tre avec une belle mousse beige<\/p>\n<p><strong>Nez :<\/strong> Ar\u00f4mes de caramel, de malt et d&rsquo;esters fruit\u00e9s rappelant la banane m\u00fbre<\/p>\n<p><strong>Go\u00fbt :<\/strong> Bi\u00e8re trappiste \u00e9quilibr\u00e9e avec une douce sensation en bouche<\/p>","protected":false},"excerpt":{"rendered":"<p><strong>Westmalle Dubbel &#8211; Abbaye de Westmalle\u00a0<\/strong><\/p>\n<\/p>\n<p><i>La Westmalle Double Brune est une bi\u00e8re belge brass\u00e9e \u00e0 l&rsquo;Abbaye trappiste de Notre Dame de la Trappe du Sacr\u00e9 C\u0153ur.<\/i><\/p>","protected":false},"featured_media":13020,"comment_status":"open","ping_status":"closed","template":"","meta":[],"product_cat":[250],"product_tag":[],"class_list":{"0":"post-9595","1":"product","2":"type-product","3":"status-publish","4":"has-post-thumbnail","6":"product_cat-bieres","7":"pa_color-brune","8":"pa_country-belgique","9":"pa_style-dubbel","10":"pa_type-biere-trappiste","11":"product_deptype-0-30","12":"_wholesalex wsx-wholesalex-product","14":"first","15":"instock","16":"taxable","17":"shipping-taxable","18":"purchasable","19":"product-type-simple"},"_links":{"self":[{"href":"https:\/\/petitecave.ch\/de\/wp-json\/wp\/v2\/product\/9595","targetHints":{"allow":["GET"]}}],"collection":[{"href":"https:\/\/petitecave.ch\/de\/wp-json\/wp\/v2\/product"}],"about":[{"href":"https:\/\/petitecave.ch\/de\/wp-json\/wp\/v2\/types\/product"}],"replies":[{"embeddable":true,"href":"https:\/\/petitecave.ch\/de\/wp-json\/wp\/v2\/comments?post=9595"}],"wp:featuredmedia":[{"embeddable":true,"href":"https:\/\/petitecave.ch\/de\/wp-json\/wp\/v2\/media\/13020"}],"wp:attachment":[{"href":"https:\/\/petitecave.ch\/de\/wp-json\/wp\/v2\/media?parent=9595"}],"wp:term":[{"taxonomy":"product_cat","embeddable":true,"href":"https:\/\/petitecave.ch\/de\/wp-json\/wp\/v2\/product_cat?post=9595"},{"taxonomy":"product_tag","embeddable":true,"href":"https:\/\/petitecave.ch\/de\/wp-json\/wp\/v2\/product_tag?post=9595"}],"curies":[{"name":"wp","href":"https:\/\/api.w.org\/{rel}","templated":true}]}}