{"id":9580,"date":"2025-10-28T10:45:16","date_gmt":"2025-10-28T10:45:16","guid":{"rendered":""},"modified":"2026-04-07T14:37:15","modified_gmt":"2026-04-07T12:37:15","slug":"malheur-12-33cl","status":"publish","type":"product","link":"https:\/\/petitecave.ch\/de\/product\/malheur-12-33cl\/","title":{"rendered":"Malheur 12\u00b0 33cl"},"content":{"rendered":"<p><strong>Visuel :<\/strong> Robe brune avec une \u00e9paisse mousse<\/p>\n<p><strong>Nez :<\/strong> Ar\u00f4me de malt, de sucre et d&rsquo;\u00e9pices<\/p>\n<p><strong>Go\u00fbt :<\/strong> Bi\u00e8re aux saveurs de malts torr\u00e9fi\u00e9s, de caramel, de\u00a0cannelle et de coriandre\u00a0<\/p>","protected":false},"excerpt":{"rendered":"<p><strong>Malheur 12\u00b0 &#8211; Brasserie de Landtsheer\u00a0<\/strong><\/p>\n<p><strong><\/strong><\/p>\n<p><i>La bi\u00e8re Malheur 12 est consid\u00e9r\u00e9e comme le joyau de la gamme Malheur, bi\u00e8re belge produite par la Brasserie de Landtsheer, plus souvent appel\u00e9e Brasserie Malheur car elle ne produit que les bi\u00e8res du m\u00eame nom. R\u00e9ouverte en 1997, c&rsquo;est une brasserie 100 % ind\u00e9pendante et familiale, qui utilise un m\u00e9lange de m\u00e9thodes anciennes et classiques pour brasser ces bi\u00e8res de qualit\u00e9.<\/i><\/p>\n<p><i>Pour dire que la qualit\u00e9 est importante, cette bi\u00e8re gagna la M\u00e9daille d&rsquo;Argent en 2008 \u00e0 la Coupe du Monde de la bi\u00e8re organis\u00e9e tous les deux ans \u00e0 San Diego dans la cat\u00e9gorie des bi\u00e8res brunes fortes devant 50 autres participantes. Elle a par ailleurs remport\u00e9 la M\u00e9daille d&rsquo;Or aux derniers WBA dans la cat\u00e9gories des bi\u00e8res brunes!<\/i><\/p>\n<p><i>La Malheur est une bi\u00e8re brune forte avec des reflets rouges et qui refermente dans la bouteille. Lors de son service dans son verre \u00e0 bi\u00e8re Malheur, une mousse assez \u00e9paisse se forme mais s&rsquo;effondre presque aussit\u00f4t. Le p\u00e9tillement se fait bien entendre et on ne peut que confirmer la refermentation en bouteille de cette bi\u00e8re.<\/i><\/p>","protected":false},"featured_media":13005,"comment_status":"open","ping_status":"closed","template":"","meta":[],"product_cat":[250],"product_tag":[],"class_list":{"0":"post-9580","1":"product","2":"type-product","3":"status-publish","4":"has-post-thumbnail","6":"product_cat-bieres","7":"pa_categorie-bieres-brunes","8":"pa_color-brune","9":"pa_country-belgique","10":"pa_style-quadrupel","11":"pa_type-biere-artisanale","12":"product_deptype-0-30","13":"_wholesalex wsx-wholesalex-product","15":"first","16":"instock","17":"taxable","18":"shipping-taxable","19":"purchasable","20":"product-type-simple"},"_links":{"self":[{"href":"https:\/\/petitecave.ch\/de\/wp-json\/wp\/v2\/product\/9580","targetHints":{"allow":["GET"]}}],"collection":[{"href":"https:\/\/petitecave.ch\/de\/wp-json\/wp\/v2\/product"}],"about":[{"href":"https:\/\/petitecave.ch\/de\/wp-json\/wp\/v2\/types\/product"}],"replies":[{"embeddable":true,"href":"https:\/\/petitecave.ch\/de\/wp-json\/wp\/v2\/comments?post=9580"}],"wp:featuredmedia":[{"embeddable":true,"href":"https:\/\/petitecave.ch\/de\/wp-json\/wp\/v2\/media\/13005"}],"wp:attachment":[{"href":"https:\/\/petitecave.ch\/de\/wp-json\/wp\/v2\/media?parent=9580"}],"wp:term":[{"taxonomy":"product_cat","embeddable":true,"href":"https:\/\/petitecave.ch\/de\/wp-json\/wp\/v2\/product_cat?post=9580"},{"taxonomy":"product_tag","embeddable":true,"href":"https:\/\/petitecave.ch\/de\/wp-json\/wp\/v2\/product_tag?post=9580"}],"curies":[{"name":"wp","href":"https:\/\/api.w.org\/{rel}","templated":true}]}}