{"id":9560,"date":"2025-10-28T10:44:55","date_gmt":"2025-10-28T10:44:55","guid":{"rendered":""},"modified":"2026-04-07T13:46:03","modified_gmt":"2026-04-07T11:46:03","slug":"delirium-tremens-33cl","status":"publish","type":"product","link":"https:\/\/petitecave.ch\/de\/product\/delirium-tremens-33cl\/","title":{"rendered":"Delirium Tremens 33cl"},"content":{"rendered":"<p><strong>Visuel :<\/strong> Robe dor\u00e9e, trouble.<\/p>\n<p><strong>Nez :<\/strong> Ar\u00f4mes fruit\u00e9s et \u00e9pic\u00e9s, malt\u00e9s et houblon aromatique.<\/p>\n<p><strong>Go\u00fbt :<\/strong> Bi\u00e8re aux saveurs fruit\u00e9es et \u00e9pic\u00e9es avec un bon niveau d&rsquo;alcool.<\/p>","protected":false},"excerpt":{"rendered":"<p><b>Delirium Tremens &#8211; Brasserie Huyghe<\/b><\/p>","protected":false},"featured_media":12981,"comment_status":"open","ping_status":"closed","template":"","meta":[],"product_cat":[250],"product_tag":[],"class_list":{"0":"post-9560","1":"product","2":"type-product","3":"status-publish","4":"has-post-thumbnail","6":"product_cat-bieres","7":"pa_categorie-bieres-blondes","8":"pa_country-belgique","9":"product_deptype-0-30","10":"_wholesalex wsx-wholesalex-product","12":"first","13":"instock","14":"taxable","15":"shipping-taxable","16":"purchasable","17":"product-type-simple"},"_links":{"self":[{"href":"https:\/\/petitecave.ch\/de\/wp-json\/wp\/v2\/product\/9560","targetHints":{"allow":["GET"]}}],"collection":[{"href":"https:\/\/petitecave.ch\/de\/wp-json\/wp\/v2\/product"}],"about":[{"href":"https:\/\/petitecave.ch\/de\/wp-json\/wp\/v2\/types\/product"}],"replies":[{"embeddable":true,"href":"https:\/\/petitecave.ch\/de\/wp-json\/wp\/v2\/comments?post=9560"}],"wp:featuredmedia":[{"embeddable":true,"href":"https:\/\/petitecave.ch\/de\/wp-json\/wp\/v2\/media\/12981"}],"wp:attachment":[{"href":"https:\/\/petitecave.ch\/de\/wp-json\/wp\/v2\/media?parent=9560"}],"wp:term":[{"taxonomy":"product_cat","embeddable":true,"href":"https:\/\/petitecave.ch\/de\/wp-json\/wp\/v2\/product_cat?post=9560"},{"taxonomy":"product_tag","embeddable":true,"href":"https:\/\/petitecave.ch\/de\/wp-json\/wp\/v2\/product_tag?post=9560"}],"curies":[{"name":"wp","href":"https:\/\/api.w.org\/{rel}","templated":true}]}}