{"id":9558,"date":"2025-10-28T10:44:53","date_gmt":"2025-10-28T10:44:53","guid":{"rendered":""},"modified":"2026-04-07T13:47:23","modified_gmt":"2026-04-07T11:47:23","slug":"delirium-nocturnum-33cl","status":"publish","type":"product","link":"https:\/\/petitecave.ch\/de\/product\/delirium-nocturnum-33cl\/","title":{"rendered":"Delirium Nocturnum 33cl"},"content":{"rendered":"<p><strong>Visuel :<\/strong> Robe rouge brun fonc\u00e9 avec une mousse jaun\u00e2tre<\/p>\n<p><strong>Nez :<\/strong> Ar\u00f4mes de caramel, de chocolat pur, de caf\u00e9 et d&rsquo;\u00e9pices (r\u00e9glisse, coriandre)<\/p>\n<p><strong>Go\u00fbt :<\/strong> Bi\u00e8re aux saveurs de houblon, de malt torr\u00e9fi\u00e9s, de malt chocolat, bon \u00e9quilibre entre amertume, s\u00fbret\u00e9 et douceur<\/p>","protected":false},"excerpt":{"rendered":"<p><strong>Delirium Nocturnum &#8211; Brasserie Huyghe<\/strong><\/p>\n<p><strong><\/strong><\/p>\n<p><i>Apr\u00e8s avoir fait le tour du monde \u00e0 dos d&rsquo;\u00e9l\u00e9phant rose, la brasserie Huyghe a d\u00e9clin\u00e9 la Delirium Tremens en version Dark pour encore plus de folie !<\/i><\/p>\n<p><i>Voil\u00e0 quatre g\u00e9n\u00e9rations que la famille Huyghe perp\u00e9tue le savoir-faire brassicole belge \u00e0 travers ses diff\u00e9rentes marques dont la c\u00e9l\u00e8bre Delirium.<\/i><\/p>\n<p><i>La petite s\u0153ur de la Delirium Tremens a vu le jour \u00e0 l&rsquo;occasion du 10e anniversaire de cette derni\u00e8re. Souhaitant faire plaisir \u00e0 l&rsquo;ensemble des amateurs de la Tremens, la brasserie a con\u00e7u une Delirium brune titrant \u00e0 8,9% aux notes de moka et de chocolat. Cette version Dark\u00a0s&rsquo;oppose au caract\u00e8re de la cons\u0153ur blonde. Elle refl\u00e8te un caract\u00e8re plus dur et plus cors\u00e9. Elle est \u00e0 la fois forte en go\u00fbt et longue en bouche. Delirium Nocturnum ravira les passionn\u00e9s. Chaude et velout\u00e9e, elle pla\u00eet g\u00e9n\u00e9ralement aux vrais connaisseurs ainsi qu&rsquo;aux petits curieux \u00e0 la d\u00e9couverte de bi\u00e8res de caract\u00e8re.<\/i><\/p>","protected":false},"featured_media":12979,"comment_status":"open","ping_status":"closed","template":"","meta":[],"product_cat":[250],"product_tag":[],"class_list":{"0":"post-9558","1":"product","2":"type-product","3":"status-publish","4":"has-post-thumbnail","6":"product_cat-bieres","7":"pa_categorie-bieres-brunes","8":"pa_color-brune","9":"pa_country-belgique","10":"pa_style-strong-dark","11":"product_deptype-0-30","12":"_wholesalex wsx-wholesalex-product","14":"first","15":"instock","16":"taxable","17":"shipping-taxable","18":"purchasable","19":"product-type-simple"},"_links":{"self":[{"href":"https:\/\/petitecave.ch\/de\/wp-json\/wp\/v2\/product\/9558","targetHints":{"allow":["GET"]}}],"collection":[{"href":"https:\/\/petitecave.ch\/de\/wp-json\/wp\/v2\/product"}],"about":[{"href":"https:\/\/petitecave.ch\/de\/wp-json\/wp\/v2\/types\/product"}],"replies":[{"embeddable":true,"href":"https:\/\/petitecave.ch\/de\/wp-json\/wp\/v2\/comments?post=9558"}],"wp:featuredmedia":[{"embeddable":true,"href":"https:\/\/petitecave.ch\/de\/wp-json\/wp\/v2\/media\/12979"}],"wp:attachment":[{"href":"https:\/\/petitecave.ch\/de\/wp-json\/wp\/v2\/media?parent=9558"}],"wp:term":[{"taxonomy":"product_cat","embeddable":true,"href":"https:\/\/petitecave.ch\/de\/wp-json\/wp\/v2\/product_cat?post=9558"},{"taxonomy":"product_tag","embeddable":true,"href":"https:\/\/petitecave.ch\/de\/wp-json\/wp\/v2\/product_tag?post=9558"}],"curies":[{"name":"wp","href":"https:\/\/api.w.org\/{rel}","templated":true}]}}