{"id":9557,"date":"2025-10-28T10:44:52","date_gmt":"2025-10-28T10:44:52","guid":{"rendered":""},"modified":"2026-04-07T13:41:20","modified_gmt":"2026-04-07T11:41:20","slug":"delirium-argentum-33cl","status":"publish","type":"product","link":"https:\/\/petitecave.ch\/de\/product\/delirium-argentum-33cl\/","title":{"rendered":"Delirium Argentum 33cl"},"content":{"rendered":"<p><strong>Visuel :<\/strong> Robe blonde ambr\u00e9e avec une mousse blanche<\/p>\n<p><strong>Nez :<\/strong> Ar\u00f4mes d&rsquo;\u00e9pices, d&rsquo;agrumes (pamplemousse) et de caramel<\/p>\n<p><strong>Go\u00fbt :<\/strong> Bi\u00e8re aux saveurs d&rsquo;\u00e9pices, de caramel et d&rsquo;agrumes<\/p>","protected":false},"excerpt":{"rendered":"<p><strong>Delirium Argentum &#8211; Brasserie Huyghe\u00a0<\/strong><\/p>\n<p>\u00a0<\/p>\n<p><i>Vous connaissez sans doute la Delirium Tremens ! D\u00e9couvrez la version houblonn\u00e9 brass\u00e9e, de base, \u00e0 l&rsquo;occasion du 25\u00e8me anniversaire de Delirium.<\/i><\/p>","protected":false},"featured_media":12978,"comment_status":"open","ping_status":"closed","template":"","meta":[],"product_cat":[250],"product_tag":[],"class_list":{"0":"post-9557","1":"product","2":"type-product","3":"status-publish","4":"has-post-thumbnail","6":"product_cat-bieres","7":"pa_categorie-bieres-blondes","8":"pa_color-ambree","9":"pa_country-belgique","10":"pa_style-amber-ale","11":"pa_type-biere-artisanale","12":"product_deptype-0-30","13":"_wholesalex wsx-wholesalex-product","15":"first","16":"instock","17":"taxable","18":"shipping-taxable","19":"purchasable","20":"product-type-simple"},"_links":{"self":[{"href":"https:\/\/petitecave.ch\/de\/wp-json\/wp\/v2\/product\/9557","targetHints":{"allow":["GET"]}}],"collection":[{"href":"https:\/\/petitecave.ch\/de\/wp-json\/wp\/v2\/product"}],"about":[{"href":"https:\/\/petitecave.ch\/de\/wp-json\/wp\/v2\/types\/product"}],"replies":[{"embeddable":true,"href":"https:\/\/petitecave.ch\/de\/wp-json\/wp\/v2\/comments?post=9557"}],"wp:featuredmedia":[{"embeddable":true,"href":"https:\/\/petitecave.ch\/de\/wp-json\/wp\/v2\/media\/12978"}],"wp:attachment":[{"href":"https:\/\/petitecave.ch\/de\/wp-json\/wp\/v2\/media?parent=9557"}],"wp:term":[{"taxonomy":"product_cat","embeddable":true,"href":"https:\/\/petitecave.ch\/de\/wp-json\/wp\/v2\/product_cat?post=9557"},{"taxonomy":"product_tag","embeddable":true,"href":"https:\/\/petitecave.ch\/de\/wp-json\/wp\/v2\/product_tag?post=9557"}],"curies":[{"name":"wp","href":"https:\/\/api.w.org\/{rel}","templated":true}]}}