{"id":9551,"date":"2025-10-28T10:44:45","date_gmt":"2025-10-28T10:44:45","guid":{"rendered":""},"modified":"2026-04-07T13:41:18","modified_gmt":"2026-04-07T11:41:18","slug":"chimay-dor-e-33cl","status":"publish","type":"product","link":"https:\/\/petitecave.ch\/de\/product\/chimay-dor-e-33cl\/","title":{"rendered":"Chimay Dor\u00e9e 33cl"},"content":{"rendered":"<p><strong>Visuel :<\/strong> Robe orang\u00e9e avec une belle mousse blanche<\/p>\n<p><strong>Nez :<\/strong> Ar\u00f4mes fruit\u00e9s et \u00e9pic\u00e9s avec quelques notes florales,\u00a0malt\u00e9e et houblonn\u00e9e<\/p>\n<p><strong>Go\u00fbt :<\/strong> Bi\u00e8re aux saveurs rafra\u00eechissantes de houblon et d&rsquo;\u00e9pices<\/p>","protected":false},"excerpt":{"rendered":"<p><strong>Chimay Dor\u00e9e &#8211; Abbaye de Scourmont<\/strong><\/p>\n<p><strong><\/strong><\/p>\n<p><i>La Chimay Dor\u00e9e est la nouvelle bi\u00e8re trappiste de la c\u00e9l\u00e8bre brasserie.<\/i><\/p>\n<p><i>La nouveaut\u00e9 quant \u00e0 elle n&rsquo;est pas la description la plus fid\u00e8le que l&rsquo;on puisse donner de cette bi\u00e8re, qui existe en r\u00e9alit\u00e9 depuis 150 ans au bas mot.<\/i><\/p>\n<p><i>Bi\u00e8re de table des moines trappistes, cadeaux pour le personnel de l&rsquo;abbaye&#8230; cette bi\u00e8re d&rsquo;abbaye est longtemps rest\u00e9e la boisson du cercle tr\u00e8s ferm\u00e9e des moines et de leur entourage. Alors profitez donc de la chance de d\u00e9guster cette bi\u00e8re \u00e9litiste, pourquoi pas accompagn\u00e9e du fromage du m\u00eame nom.<\/i><\/p>\n<p><i>e par la taille et par l&rsquo;alcool. Uniquement vendue en bouteille de 33 cl et limit\u00e9e \u00e0 1000 hectolitres de production par an, elle ne sera disponible dans le commerce que dans les \u00ab\u00a0bistrots ambassadeurs\u00a0\u00bb.<\/i><\/p>\n<p><i>Pour ce qui est de l&rsquo;alcool, en comparaison avec ses s\u0153urs\u00a0de brasserie titrant \u00e0 7, 8 et 9\u00b0, la Chimay Dor\u00e9e reste \u00e0 un \u00e9tonnant 4.8\u00b0. Plus l\u00e9g\u00e8re qu&rsquo;une pils basique mais avec les atouts de trappistes.<\/i><\/p>","protected":false},"featured_media":18825,"comment_status":"open","ping_status":"closed","template":"","meta":[],"product_cat":[250],"product_tag":[],"class_list":{"0":"post-9551","1":"product","2":"type-product","3":"status-publish","4":"has-post-thumbnail","6":"product_cat-bieres","7":"pa_categorie-bieres-blondes","8":"pa_country-belgique","9":"pa_style-pale-ale","10":"pa_type-biere-trappiste","11":"product_deptype-0-30","12":"_wholesalex wsx-wholesalex-product","14":"first","15":"instock","16":"taxable","17":"shipping-taxable","18":"purchasable","19":"product-type-simple"},"yoast_head":"<!-- This site is optimized with the Yoast SEO plugin v27.4 - https:\/\/yoast.com\/product\/yoast-seo-wordpress\/ -->\n<title>Chimay Dor\u00e9e 33cl | La Petite Cave du Chablais<\/title>\n<meta name=\"robots\" content=\"index, follow, max-snippet:-1, max-image-preview:large, max-video-preview:-1\" \/>\n<link rel=\"canonical\" href=\"https:\/\/petitecave.ch\/de\/product\/chimay-dor-e-33cl\/\" \/>\n<meta property=\"og:locale\" content=\"de_DE\" \/>\n<meta property=\"og:type\" content=\"article\" \/>\n<meta property=\"og:title\" content=\"Chimay Dor\u00e9e 33cl | La Petite Cave du Chablais\" \/>\n<meta property=\"og:description\" content=\"Chimay Dor\u00e9e - Abbaye de Scourmont La Chimay Dor\u00e9e est la nouvelle bi\u00e8re trappiste de la c\u00e9l\u00e8bre brasserie. La nouveaut\u00e9 quant \u00e0 elle n&#039;est pas la description la plus fid\u00e8le que l&#039;on puisse donner de cette bi\u00e8re, qui existe en r\u00e9alit\u00e9 depuis 150 ans au bas mot. Bi\u00e8re de table des moines trappistes, cadeaux pour le personnel de l&#039;abbaye... cette bi\u00e8re d&#039;abbaye est longtemps rest\u00e9e la boisson du cercle tr\u00e8s ferm\u00e9e des moines et de leur entourage. Alors profitez donc de la chance de d\u00e9guster cette bi\u00e8re \u00e9litiste, pourquoi pas accompagn\u00e9e du fromage du m\u00eame nom. e par la taille et par l&#039;alcool. Uniquement vendue en bouteille de 33 cl et limit\u00e9e \u00e0 1000 hectolitres de production par an, elle ne sera disponible dans le commerce que dans les &quot;bistrots ambassadeurs&quot;. Pour ce qui est de l&#039;alcool, en comparaison avec ses s\u0153urs\u00a0de brasserie titrant \u00e0 7, 8 et 9\u00b0, la Chimay Dor\u00e9e reste \u00e0 un \u00e9tonnant 4.8\u00b0. Plus l\u00e9g\u00e8re qu&#039;une pils basique mais avec les atouts de trappistes.\" \/>\n<meta property=\"og:url\" content=\"https:\/\/petitecave.ch\/de\/product\/chimay-dor-e-33cl\/\" \/>\n<meta property=\"og:site_name\" content=\"La Petite Cave du Chablais\" \/>\n<meta property=\"article:publisher\" content=\"https:\/\/www.facebook.com\/LaPetiteCaveDuChablais\" \/>\n<meta property=\"article:modified_time\" content=\"2026-04-07T11:41:18+00:00\" \/>\n<meta property=\"og:image\" content=\"https:\/\/petitecave.ch\/wp-content\/uploads\/2025\/10\/Chimay-Doree-33cl.png\" \/>\n\t<meta property=\"og:image:width\" content=\"1000\" \/>\n\t<meta property=\"og:image:height\" content=\"1000\" \/>\n\t<meta property=\"og:image:type\" content=\"image\/png\" \/>\n<meta name=\"twitter:card\" content=\"summary_large_image\" \/>\n<script type=\"application\/ld+json\" class=\"yoast-schema-graph\">{\"@context\":\"https:\\\/\\\/schema.org\",\"@graph\":[{\"@type\":\"WebPage\",\"@id\":\"https:\\\/\\\/petitecave.ch\\\/de\\\/product\\\/chimay-dor-e-33cl\\\/\",\"url\":\"https:\\\/\\\/petitecave.ch\\\/de\\\/product\\\/chimay-dor-e-33cl\\\/\",\"name\":\"Chimay Dor\u00e9e 33cl | La Petite Cave du Chablais\",\"isPartOf\":{\"@id\":\"https:\\\/\\\/petitecave.ch\\\/de\\\/#website\"},\"primaryImageOfPage\":{\"@id\":\"https:\\\/\\\/petitecave.ch\\\/de\\\/product\\\/chimay-dor-e-33cl\\\/#primaryimage\"},\"image\":{\"@id\":\"https:\\\/\\\/petitecave.ch\\\/de\\\/product\\\/chimay-dor-e-33cl\\\/#primaryimage\"},\"thumbnailUrl\":\"https:\\\/\\\/petitecave.ch\\\/wp-content\\\/uploads\\\/2025\\\/10\\\/Chimay-Doree-33cl.png\",\"datePublished\":\"2025-10-28T10:44:45+00:00\",\"dateModified\":\"2026-04-07T11:41:18+00:00\",\"breadcrumb\":{\"@id\":\"https:\\\/\\\/petitecave.ch\\\/de\\\/product\\\/chimay-dor-e-33cl\\\/#breadcrumb\"},\"inLanguage\":\"de-CH\",\"potentialAction\":[{\"@type\":\"ReadAction\",\"target\":[\"https:\\\/\\\/petitecave.ch\\\/de\\\/product\\\/chimay-dor-e-33cl\\\/\"]}]},{\"@type\":\"ImageObject\",\"inLanguage\":\"de-CH\",\"@id\":\"https:\\\/\\\/petitecave.ch\\\/de\\\/product\\\/chimay-dor-e-33cl\\\/#primaryimage\",\"url\":\"https:\\\/\\\/petitecave.ch\\\/wp-content\\\/uploads\\\/2025\\\/10\\\/Chimay-Doree-33cl.png\",\"contentUrl\":\"https:\\\/\\\/petitecave.ch\\\/wp-content\\\/uploads\\\/2025\\\/10\\\/Chimay-Doree-33cl.png\",\"width\":1000,\"height\":1000},{\"@type\":\"BreadcrumbList\",\"@id\":\"https:\\\/\\\/petitecave.ch\\\/de\\\/product\\\/chimay-dor-e-33cl\\\/#breadcrumb\",\"itemListElement\":[{\"@type\":\"ListItem\",\"position\":1,\"name\":\"Accueil\",\"item\":\"https:\\\/\\\/petitecave.ch\\\/\"},{\"@type\":\"ListItem\",\"position\":2,\"name\":\"Produkte\",\"item\":\"https:\\\/\\\/petitecave.ch\\\/de\\\/shop\\\/\"},{\"@type\":\"ListItem\",\"position\":3,\"name\":\"Chimay Dor\u00e9e 33cl\"}]},{\"@type\":\"WebSite\",\"@id\":\"https:\\\/\\\/petitecave.ch\\\/de\\\/#website\",\"url\":\"https:\\\/\\\/petitecave.ch\\\/de\\\/\",\"name\":\"La Petite Cave du Chablais\",\"description\":\"Vins, bi\u00e8res et spiritueux en ligne !\",\"publisher\":{\"@id\":\"https:\\\/\\\/petitecave.ch\\\/de\\\/#organization\"},\"alternateName\":\"La Petite Cave\",\"potentialAction\":[{\"@type\":\"SearchAction\",\"target\":{\"@type\":\"EntryPoint\",\"urlTemplate\":\"https:\\\/\\\/petitecave.ch\\\/de\\\/?s={search_term_string}\"},\"query-input\":{\"@type\":\"PropertyValueSpecification\",\"valueRequired\":true,\"valueName\":\"search_term_string\"}}],\"inLanguage\":\"de-CH\"},{\"@type\":\"Organization\",\"@id\":\"https:\\\/\\\/petitecave.ch\\\/de\\\/#organization\",\"name\":\"La Petite Cave du Chablais S\u00e0rl\",\"url\":\"https:\\\/\\\/petitecave.ch\\\/de\\\/\",\"logo\":{\"@type\":\"ImageObject\",\"inLanguage\":\"de-CH\",\"@id\":\"https:\\\/\\\/petitecave.ch\\\/de\\\/#\\\/schema\\\/logo\\\/image\\\/\",\"url\":\"https:\\\/\\\/petitecave.ch\\\/wp-content\\\/uploads\\\/2025\\\/10\\\/petitecavelogo-removebg-preview.png\",\"contentUrl\":\"https:\\\/\\\/petitecave.ch\\\/wp-content\\\/uploads\\\/2025\\\/10\\\/petitecavelogo-removebg-preview.png\",\"width\":800,\"height\":200,\"caption\":\"La Petite Cave du Chablais S\u00e0rl\"},\"image\":{\"@id\":\"https:\\\/\\\/petitecave.ch\\\/de\\\/#\\\/schema\\\/logo\\\/image\\\/\"},\"sameAs\":[\"https:\\\/\\\/www.facebook.com\\\/LaPetiteCaveDuChablais\",\"https:\\\/\\\/www.instagram.com\\\/lapetitecaveduchablais\",\"https:\\\/\\\/www.linkedin.com\\\/company\\\/la-petite-cave-du-chablais\"]}]}<\/script>\n<!-- \/ Yoast SEO plugin. -->","yoast_head_json":{"title":"Chimay Dor\u00e9e 33cl | La Petite Cave du Chablais","robots":{"index":"index","follow":"follow","max-snippet":"max-snippet:-1","max-image-preview":"max-image-preview:large","max-video-preview":"max-video-preview:-1"},"canonical":"https:\/\/petitecave.ch\/de\/product\/chimay-dor-e-33cl\/","og_locale":"de_DE","og_type":"article","og_title":"Chimay Dor\u00e9e 33cl | La Petite Cave du Chablais","og_description":"Chimay Dor\u00e9e - Abbaye de Scourmont La Chimay Dor\u00e9e est la nouvelle bi\u00e8re trappiste de la c\u00e9l\u00e8bre brasserie. La nouveaut\u00e9 quant \u00e0 elle n'est pas la description la plus fid\u00e8le que l'on puisse donner de cette bi\u00e8re, qui existe en r\u00e9alit\u00e9 depuis 150 ans au bas mot. Bi\u00e8re de table des moines trappistes, cadeaux pour le personnel de l'abbaye... cette bi\u00e8re d'abbaye est longtemps rest\u00e9e la boisson du cercle tr\u00e8s ferm\u00e9e des moines et de leur entourage. Alors profitez donc de la chance de d\u00e9guster cette bi\u00e8re \u00e9litiste, pourquoi pas accompagn\u00e9e du fromage du m\u00eame nom. e par la taille et par l'alcool. Uniquement vendue en bouteille de 33 cl et limit\u00e9e \u00e0 1000 hectolitres de production par an, elle ne sera disponible dans le commerce que dans les \"bistrots ambassadeurs\". Pour ce qui est de l'alcool, en comparaison avec ses s\u0153urs\u00a0de brasserie titrant \u00e0 7, 8 et 9\u00b0, la Chimay Dor\u00e9e reste \u00e0 un \u00e9tonnant 4.8\u00b0. Plus l\u00e9g\u00e8re qu'une pils basique mais avec les atouts de trappistes.","og_url":"https:\/\/petitecave.ch\/de\/product\/chimay-dor-e-33cl\/","og_site_name":"La Petite Cave du Chablais","article_publisher":"https:\/\/www.facebook.com\/LaPetiteCaveDuChablais","article_modified_time":"2026-04-07T11:41:18+00:00","og_image":[{"width":1000,"height":1000,"url":"https:\/\/petitecave.ch\/wp-content\/uploads\/2025\/10\/Chimay-Doree-33cl.png","type":"image\/png"}],"twitter_card":"summary_large_image","schema":{"@context":"https:\/\/schema.org","@graph":[{"@type":"WebPage","@id":"https:\/\/petitecave.ch\/de\/product\/chimay-dor-e-33cl\/","url":"https:\/\/petitecave.ch\/de\/product\/chimay-dor-e-33cl\/","name":"Chimay Dor\u00e9e 33cl | La Petite Cave du Chablais","isPartOf":{"@id":"https:\/\/petitecave.ch\/de\/#website"},"primaryImageOfPage":{"@id":"https:\/\/petitecave.ch\/de\/product\/chimay-dor-e-33cl\/#primaryimage"},"image":{"@id":"https:\/\/petitecave.ch\/de\/product\/chimay-dor-e-33cl\/#primaryimage"},"thumbnailUrl":"https:\/\/petitecave.ch\/wp-content\/uploads\/2025\/10\/Chimay-Doree-33cl.png","datePublished":"2025-10-28T10:44:45+00:00","dateModified":"2026-04-07T11:41:18+00:00","breadcrumb":{"@id":"https:\/\/petitecave.ch\/de\/product\/chimay-dor-e-33cl\/#breadcrumb"},"inLanguage":"de-CH","potentialAction":[{"@type":"ReadAction","target":["https:\/\/petitecave.ch\/de\/product\/chimay-dor-e-33cl\/"]}]},{"@type":"ImageObject","inLanguage":"de-CH","@id":"https:\/\/petitecave.ch\/de\/product\/chimay-dor-e-33cl\/#primaryimage","url":"https:\/\/petitecave.ch\/wp-content\/uploads\/2025\/10\/Chimay-Doree-33cl.png","contentUrl":"https:\/\/petitecave.ch\/wp-content\/uploads\/2025\/10\/Chimay-Doree-33cl.png","width":1000,"height":1000},{"@type":"BreadcrumbList","@id":"https:\/\/petitecave.ch\/de\/product\/chimay-dor-e-33cl\/#breadcrumb","itemListElement":[{"@type":"ListItem","position":1,"name":"Accueil","item":"https:\/\/petitecave.ch\/"},{"@type":"ListItem","position":2,"name":"Produkte","item":"https:\/\/petitecave.ch\/de\/shop\/"},{"@type":"ListItem","position":3,"name":"Chimay Dor\u00e9e 33cl"}]},{"@type":"WebSite","@id":"https:\/\/petitecave.ch\/de\/#website","url":"https:\/\/petitecave.ch\/de\/","name":"Die kleine Keller des Chablais","description":"Vins, bi\u00e8res et spiritueux en ligne !","publisher":{"@id":"https:\/\/petitecave.ch\/de\/#organization"},"alternateName":"La Petite Cave","potentialAction":[{"@type":"SearchAction","target":{"@type":"EntryPoint","urlTemplate":"https:\/\/petitecave.ch\/de\/?s={search_term_string}"},"query-input":{"@type":"PropertyValueSpecification","valueRequired":true,"valueName":"search_term_string"}}],"inLanguage":"de-CH"},{"@type":"Organization","@id":"https:\/\/petitecave.ch\/de\/#organization","name":"La Petite Cave du Chablais S\u00e0rl","url":"https:\/\/petitecave.ch\/de\/","logo":{"@type":"ImageObject","inLanguage":"de-CH","@id":"https:\/\/petitecave.ch\/de\/#\/schema\/logo\/image\/","url":"https:\/\/petitecave.ch\/wp-content\/uploads\/2025\/10\/petitecavelogo-removebg-preview.png","contentUrl":"https:\/\/petitecave.ch\/wp-content\/uploads\/2025\/10\/petitecavelogo-removebg-preview.png","width":800,"height":200,"caption":"La Petite Cave du Chablais S\u00e0rl"},"image":{"@id":"https:\/\/petitecave.ch\/de\/#\/schema\/logo\/image\/"},"sameAs":["https:\/\/www.facebook.com\/LaPetiteCaveDuChablais","https:\/\/www.instagram.com\/lapetitecaveduchablais","https:\/\/www.linkedin.com\/company\/la-petite-cave-du-chablais"]}]}},"_links":{"self":[{"href":"https:\/\/petitecave.ch\/de\/wp-json\/wp\/v2\/product\/9551","targetHints":{"allow":["GET"]}}],"collection":[{"href":"https:\/\/petitecave.ch\/de\/wp-json\/wp\/v2\/product"}],"about":[{"href":"https:\/\/petitecave.ch\/de\/wp-json\/wp\/v2\/types\/product"}],"replies":[{"embeddable":true,"href":"https:\/\/petitecave.ch\/de\/wp-json\/wp\/v2\/comments?post=9551"}],"wp:featuredmedia":[{"embeddable":true,"href":"https:\/\/petitecave.ch\/de\/wp-json\/wp\/v2\/media\/18825"}],"wp:attachment":[{"href":"https:\/\/petitecave.ch\/de\/wp-json\/wp\/v2\/media?parent=9551"}],"wp:term":[{"taxonomy":"product_cat","embeddable":true,"href":"https:\/\/petitecave.ch\/de\/wp-json\/wp\/v2\/product_cat?post=9551"},{"taxonomy":"product_tag","embeddable":true,"href":"https:\/\/petitecave.ch\/de\/wp-json\/wp\/v2\/product_tag?post=9551"}],"curies":[{"name":"wp","href":"https:\/\/api.w.org\/{rel}","templated":true}]}}