{"id":9549,"date":"2025-10-28T10:44:44","date_gmt":"2025-10-28T10:44:44","guid":{"rendered":""},"modified":"2026-04-07T13:36:19","modified_gmt":"2026-04-07T11:36:19","slug":"carolus-tripel-33cl","status":"publish","type":"product","link":"https:\/\/petitecave.ch\/de\/product\/carolus-tripel-33cl\/","title":{"rendered":"Carolus Tripel 33cl"},"content":{"rendered":"<p><strong>Visuel :<\/strong> Robe dor\u00e9e avec une belle mousse blanche<\/p>\n<p><strong>Nez :<\/strong> Ar\u00f4mes fruit\u00e9s, \u00e9pic\u00e9s et malt\u00e9s<\/p>\n<p><strong>Go\u00fbt :<\/strong> Bi\u00e8re cors\u00e9e, l\u00e9g\u00e8rement \u00e9pic\u00e9e, fruit\u00e9e et rafra\u00eechissante<\/p>","protected":false},"excerpt":{"rendered":"<p><strong>Carolus Triple &#8211; Brasserie Het Anker<\/strong><\/p>\n<p><strong><\/strong><\/p>\n<p><em>La brasserie Het Anker fut \u00e9tablie \u00e0 Malines en 1369 et devint la propri\u00e9t\u00e9 de la famille Van Breedam en 1873. A l\u2019origine, cette bi\u00e8re \u00e9tait brass\u00e9e pour les Chevaliers de la Toison d&rsquo;Or. La recette \u00e9volua et la Gouden Carolus Triple rempla\u00e7a la Triple Toison d\u2019Or. Cette bi\u00e8re m\u00fbrie en bouteille, est exclusivement obtenue \u00e0 partir de malt p\u00e2le.\u00a0 100% naturelle et d\u00e9salt\u00e9rante, il est conseill\u00e9 de la d\u00e9guster \u00e0 une temp\u00e9rature de 7\u00b0C.<\/em><\/p>","protected":false},"featured_media":18814,"comment_status":"open","ping_status":"closed","template":"","meta":[],"product_cat":[250],"product_tag":[],"class_list":{"0":"post-9549","1":"product","2":"type-product","3":"status-publish","4":"has-post-thumbnail","6":"product_cat-bieres","7":"pa_categorie-bieres-blondes","8":"pa_country-belgique","9":"pa_style-tripel","10":"product_deptype-0-30","11":"_wholesalex wsx-wholesalex-product","13":"first","14":"instock","15":"taxable","16":"shipping-taxable","17":"purchasable","18":"product-type-simple"},"_links":{"self":[{"href":"https:\/\/petitecave.ch\/de\/wp-json\/wp\/v2\/product\/9549","targetHints":{"allow":["GET"]}}],"collection":[{"href":"https:\/\/petitecave.ch\/de\/wp-json\/wp\/v2\/product"}],"about":[{"href":"https:\/\/petitecave.ch\/de\/wp-json\/wp\/v2\/types\/product"}],"replies":[{"embeddable":true,"href":"https:\/\/petitecave.ch\/de\/wp-json\/wp\/v2\/comments?post=9549"}],"wp:featuredmedia":[{"embeddable":true,"href":"https:\/\/petitecave.ch\/de\/wp-json\/wp\/v2\/media\/18814"}],"wp:attachment":[{"href":"https:\/\/petitecave.ch\/de\/wp-json\/wp\/v2\/media?parent=9549"}],"wp:term":[{"taxonomy":"product_cat","embeddable":true,"href":"https:\/\/petitecave.ch\/de\/wp-json\/wp\/v2\/product_cat?post=9549"},{"taxonomy":"product_tag","embeddable":true,"href":"https:\/\/petitecave.ch\/de\/wp-json\/wp\/v2\/product_tag?post=9549"}],"curies":[{"name":"wp","href":"https:\/\/api.w.org\/{rel}","templated":true}]}}