{"id":9548,"date":"2025-10-28T10:44:43","date_gmt":"2025-10-28T10:44:43","guid":{"rendered":""},"modified":"2026-02-13T13:12:58","modified_gmt":"2026-02-13T12:12:58","slug":"carolus-hopsinjoor-33cl","status":"publish","type":"product","link":"https:\/\/petitecave.ch\/de\/product\/carolus-hopsinjoor-33cl\/","title":{"rendered":"Carolus Hopsinjoor 33cl"},"content":{"rendered":"<p><strong>Visuel :<\/strong> Robe dor\u00e9e avec une belle mousse blanche<\/p>\n<p><strong>Nez :<\/strong> Ar\u00f4mes de malt, de houblons et quelques notes de fruits<\/p>\n<p><strong>Go\u00fbt :<\/strong> Bi\u00e8re avec des saveurs houblonn\u00e9es (5 sortes de houblon sont dans la composition de cette bi\u00e8re)<\/p>","protected":false},"excerpt":{"rendered":"<p><strong>Carolus Hopsinjoor &#8211; Brasserie Het Anker\u00a0<\/strong><\/p>\n<p><strong><\/strong><\/p>\n<p><i>La Brasserie Het Anker met la Gouden Carolus Hopsinjoor en avant en tant que compl\u00e9ment d&rsquo;un \u00e9ventail de saveurs pour la gamme Carolus<\/i><\/p>","protected":false},"featured_media":12967,"comment_status":"open","ping_status":"closed","template":"","meta":[],"product_cat":[250],"product_tag":[],"class_list":{"0":"post-9548","1":"product","2":"type-product","3":"status-publish","4":"has-post-thumbnail","6":"product_cat-bieres","7":"pa_color-blonde","8":"pa_country-belgique","9":"pa_style-pale-ale","10":"product_deptype-0-30","11":"_wholesalex wsx-wholesalex-product","13":"first","14":"instock","15":"taxable","16":"shipping-taxable","17":"purchasable","18":"product-type-simple"},"_links":{"self":[{"href":"https:\/\/petitecave.ch\/de\/wp-json\/wp\/v2\/product\/9548","targetHints":{"allow":["GET"]}}],"collection":[{"href":"https:\/\/petitecave.ch\/de\/wp-json\/wp\/v2\/product"}],"about":[{"href":"https:\/\/petitecave.ch\/de\/wp-json\/wp\/v2\/types\/product"}],"replies":[{"embeddable":true,"href":"https:\/\/petitecave.ch\/de\/wp-json\/wp\/v2\/comments?post=9548"}],"wp:featuredmedia":[{"embeddable":true,"href":"https:\/\/petitecave.ch\/de\/wp-json\/wp\/v2\/media\/12967"}],"wp:attachment":[{"href":"https:\/\/petitecave.ch\/de\/wp-json\/wp\/v2\/media?parent=9548"}],"wp:term":[{"taxonomy":"product_cat","embeddable":true,"href":"https:\/\/petitecave.ch\/de\/wp-json\/wp\/v2\/product_cat?post=9548"},{"taxonomy":"product_tag","embeddable":true,"href":"https:\/\/petitecave.ch\/de\/wp-json\/wp\/v2\/product_tag?post=9548"}],"curies":[{"name":"wp","href":"https:\/\/api.w.org\/{rel}","templated":true}]}}