{"id":9547,"date":"2025-10-28T10:44:42","date_gmt":"2025-10-28T10:44:42","guid":{"rendered":""},"modified":"2026-02-13T12:00:17","modified_gmt":"2026-02-13T11:00:17","slug":"carolus-classic-33cl","status":"publish","type":"product","link":"https:\/\/petitecave.ch\/de\/product\/carolus-classic-33cl\/","title":{"rendered":"Carolus Classic 33cl"},"content":{"rendered":"<p><strong>Visuel :<\/strong> Robe rubis avec une mousse beige<\/p>\n<p><strong>Nez :<\/strong> Ar\u00f4mes malt\u00e9s et de caramel<\/p>\n<p><strong>Go\u00fbt :<\/strong> Bi\u00e8re aux saveurs fruit\u00e9es et malt\u00e9es<\/p>","protected":false},"excerpt":{"rendered":"<p><strong>Carolus Classic- Brasserie Het Anker\u00a0<\/strong><\/p>\n<p><strong><\/strong><\/p>\n<p><i>Avec cette Gouden Carolus Classic, partez au coeur de l&rsquo;excellente gamme de bi\u00e8re Gouden Carolus que vous propose la Brasserie Belge Het Anker. Cette Brasserie Flamande est une des plus anciennes de Belgique puisqu&rsquo;elle fut cr\u00e9\u00e9e en 1369 !<\/i><\/p>\n<p><i>La bi\u00e8re Gouden Carolus Classic est une bi\u00e8re brune issue d&rsquo;une fermentation haute. Cette bi\u00e8re b\u00e9n\u00e9ficie d&rsquo;une refermentation en bouteille qui va lui permettre d&rsquo;achever son \u00e9volution et d&rsquo;affiner ses qualit\u00e9s gustatives.<\/i><\/p>\n<p><i>La Gouden Carolus Classic est une bi\u00e8re qui \u00e9volue et m\u00fbrit avec le temps, gr\u00e2ce notamment au processus de refermentation en bouteille dont elle b\u00e9n\u00e9ficie. Il est donc int\u00e9ressant de la faire bonifier plusieurs ann\u00e9es en cave. Elle se d\u00e9guste de pr\u00e9f\u00e9rence dans son verre Gouden Carolus.<\/i><\/p>","protected":false},"featured_media":12966,"comment_status":"open","ping_status":"closed","template":"","meta":[],"product_cat":[250],"product_tag":[],"class_list":{"0":"post-9547","1":"product","2":"type-product","3":"status-publish","4":"has-post-thumbnail","6":"product_cat-bieres","7":"pa_color-brune","8":"pa_country-belgique","9":"pa_style-pale-ale","10":"product_deptype-0-30","11":"_wholesalex wsx-wholesalex-product","13":"first","14":"instock","15":"taxable","16":"shipping-taxable","17":"purchasable","18":"product-type-simple"},"_links":{"self":[{"href":"https:\/\/petitecave.ch\/de\/wp-json\/wp\/v2\/product\/9547","targetHints":{"allow":["GET"]}}],"collection":[{"href":"https:\/\/petitecave.ch\/de\/wp-json\/wp\/v2\/product"}],"about":[{"href":"https:\/\/petitecave.ch\/de\/wp-json\/wp\/v2\/types\/product"}],"replies":[{"embeddable":true,"href":"https:\/\/petitecave.ch\/de\/wp-json\/wp\/v2\/comments?post=9547"}],"wp:featuredmedia":[{"embeddable":true,"href":"https:\/\/petitecave.ch\/de\/wp-json\/wp\/v2\/media\/12966"}],"wp:attachment":[{"href":"https:\/\/petitecave.ch\/de\/wp-json\/wp\/v2\/media?parent=9547"}],"wp:term":[{"taxonomy":"product_cat","embeddable":true,"href":"https:\/\/petitecave.ch\/de\/wp-json\/wp\/v2\/product_cat?post=9547"},{"taxonomy":"product_tag","embeddable":true,"href":"https:\/\/petitecave.ch\/de\/wp-json\/wp\/v2\/product_tag?post=9547"}],"curies":[{"name":"wp","href":"https:\/\/api.w.org\/{rel}","templated":true}]}}