{"id":9546,"date":"2025-10-28T10:44:41","date_gmt":"2025-10-28T10:44:41","guid":{"rendered":""},"modified":"2026-02-13T12:52:49","modified_gmt":"2026-02-13T11:52:49","slug":"bush-triple-33cl","status":"publish","type":"product","link":"https:\/\/petitecave.ch\/de\/product\/bush-triple-33cl\/","title":{"rendered":"Bush Triple 33cl"},"content":{"rendered":"<p><strong>Visuel :<\/strong> Robe dor\u00e9e avec une \u00e9paisse mousse blanche.<\/p>\n<p><strong>Nez :<\/strong> Ar\u00f4mes de fruits jaunes comme la banane et l&rsquo;ananas accompagn\u00e9e de notes florales.<\/p>\n<p><strong>Go\u00fbt :<\/strong> Bi\u00e8re \u00e9quilibr\u00e9e, plut\u00f4t moelleuse avec une fine et l\u00e9g\u00e8re amertume.<\/p>","protected":false},"excerpt":{"rendered":"<p><strong>Bush Triple &#8211; Brasserie Dubuisson\u00a0<\/strong><\/p>\n<p>\u00a0<\/p>\n<p><em>Issue de la plus vieille brasserie de Wallonie encore en activit\u00e9, cette Bush Blonde fait partie des bi\u00e8res les plus fortes de Belgique.\u00a0<\/em><em>Elle est brass\u00e9e avec le m\u00eame savoir faire qui a fait la renomm\u00e9e de ses cons\u0153urs\u00a0et en utilisant des levures propres \u00e0 la brasserie, jalousement gard\u00e9es secr\u00e8tes.<\/em><\/p>\n<p>\u00a0<\/p>","protected":false},"featured_media":12965,"comment_status":"open","ping_status":"closed","template":"","meta":[],"product_cat":[250],"product_tag":[],"class_list":{"0":"post-9546","1":"product","2":"type-product","3":"status-publish","4":"has-post-thumbnail","6":"product_cat-bieres","7":"pa_color-blonde","8":"pa_country-belgique","9":"pa_style-tripel","10":"pa_type-biere-artisanale","11":"product_deptype-0-30","12":"_wholesalex wsx-wholesalex-product","14":"first","15":"instock","16":"taxable","17":"shipping-taxable","18":"purchasable","19":"product-type-simple"},"_links":{"self":[{"href":"https:\/\/petitecave.ch\/de\/wp-json\/wp\/v2\/product\/9546","targetHints":{"allow":["GET"]}}],"collection":[{"href":"https:\/\/petitecave.ch\/de\/wp-json\/wp\/v2\/product"}],"about":[{"href":"https:\/\/petitecave.ch\/de\/wp-json\/wp\/v2\/types\/product"}],"replies":[{"embeddable":true,"href":"https:\/\/petitecave.ch\/de\/wp-json\/wp\/v2\/comments?post=9546"}],"wp:featuredmedia":[{"embeddable":true,"href":"https:\/\/petitecave.ch\/de\/wp-json\/wp\/v2\/media\/12965"}],"wp:attachment":[{"href":"https:\/\/petitecave.ch\/de\/wp-json\/wp\/v2\/media?parent=9546"}],"wp:term":[{"taxonomy":"product_cat","embeddable":true,"href":"https:\/\/petitecave.ch\/de\/wp-json\/wp\/v2\/product_cat?post=9546"},{"taxonomy":"product_tag","embeddable":true,"href":"https:\/\/petitecave.ch\/de\/wp-json\/wp\/v2\/product_tag?post=9546"}],"curies":[{"name":"wp","href":"https:\/\/api.w.org\/{rel}","templated":true}]}}