{"id":9545,"date":"2025-10-28T10:44:40","date_gmt":"2025-10-28T10:44:40","guid":{"rendered":""},"modified":"2026-04-07T13:37:38","modified_gmt":"2026-04-07T11:37:38","slug":"bush-caract-re-33cl","status":"publish","type":"product","link":"https:\/\/petitecave.ch\/de\/product\/bush-caract-re-33cl\/","title":{"rendered":"Bush Caract\u00e8re 33cl"},"content":{"rendered":"<p><strong>Visuel :<\/strong> Robe ambr\u00e9e fonc\u00e9e avec une mousse blanche<\/p>\n<p><strong>Nez :<\/strong> Ar\u00f4mes fruit\u00e9s, de malt et de caramel<\/p>\n<p><strong>Go\u00fbt :<\/strong> Bi\u00e8re aux saveurs malt\u00e9es et caram\u00e9lis\u00e9es\u00a0avec une\u00a0note fruit\u00e9e<\/p>","protected":false},"excerpt":{"rendered":"<p><strong>Bush Caract\u00e8re &#8211; Brasserie Dubuisson\u00a0<\/strong><\/p>\n<p><strong><\/strong><\/p>\n<p><i>Avec cette Bush Ambr\u00e9e, p\u00e9n\u00e9trez l&rsquo;univers puissant et profond de la gamme de bi\u00e8re forte Bush que vous propose la Brasserie Belge Dubuisson ! Cette brasserie est aujourd&rsquo;hui la plus ancienne brasserie de Wallonie, puisqu&rsquo;elle est en activit\u00e9 depuis plus de 240 ans !<\/i><\/p>\n<p><i>La Bush Ambr\u00e9e figure parmi les bi\u00e8res tr\u00e8s fortes de Belgique. C&rsquo;est une bi\u00e8re ambr\u00e9e filtr\u00e9e de haute fermentation. Elle est compos\u00e9e exclusivement de malt, de houblon, de sucre naturel, d\u2019eau puis\u00e9e dans le sous-sol de la brasserie et de levures exclusives pr\u00e9serv\u00e9es jalousement depuis 65 ans.<\/i><\/p>\n<p><i>Elle b\u00e9n\u00e9ficie, de plus, d&rsquo;une p\u00e9riode de garde de quatre \u00e0 six semaines entre son brassage et sa mise en bouteille pour lui permettre d&rsquo;affiner ses qualit\u00e9s. C&rsquo;est une bi\u00e8re puissante \u00e0 la couleur ambr\u00e9e fonc\u00e9e qui se coiffe d&rsquo;un chapeau de mousse compact et imposant.<\/i><\/p>","protected":false},"featured_media":12964,"comment_status":"open","ping_status":"closed","template":"","meta":[],"product_cat":[250],"product_tag":[],"class_list":{"0":"post-9545","1":"product","2":"type-product","3":"status-publish","4":"has-post-thumbnail","6":"product_cat-bieres","7":"pa_categorie-bieres-ambrees","8":"pa_color-ambree","9":"pa_country-belgique","10":"pa_style-belgian-pale-ale","11":"product_deptype-0-30","12":"_wholesalex wsx-wholesalex-product","14":"first","15":"instock","16":"taxable","17":"shipping-taxable","18":"purchasable","19":"product-type-simple"},"_links":{"self":[{"href":"https:\/\/petitecave.ch\/de\/wp-json\/wp\/v2\/product\/9545","targetHints":{"allow":["GET"]}}],"collection":[{"href":"https:\/\/petitecave.ch\/de\/wp-json\/wp\/v2\/product"}],"about":[{"href":"https:\/\/petitecave.ch\/de\/wp-json\/wp\/v2\/types\/product"}],"replies":[{"embeddable":true,"href":"https:\/\/petitecave.ch\/de\/wp-json\/wp\/v2\/comments?post=9545"}],"wp:featuredmedia":[{"embeddable":true,"href":"https:\/\/petitecave.ch\/de\/wp-json\/wp\/v2\/media\/12964"}],"wp:attachment":[{"href":"https:\/\/petitecave.ch\/de\/wp-json\/wp\/v2\/media?parent=9545"}],"wp:term":[{"taxonomy":"product_cat","embeddable":true,"href":"https:\/\/petitecave.ch\/de\/wp-json\/wp\/v2\/product_cat?post=9545"},{"taxonomy":"product_tag","embeddable":true,"href":"https:\/\/petitecave.ch\/de\/wp-json\/wp\/v2\/product_tag?post=9545"}],"curies":[{"name":"wp","href":"https:\/\/api.w.org\/{rel}","templated":true}]}}