{"id":9541,"date":"2025-10-28T10:44:36","date_gmt":"2025-10-28T10:44:36","guid":{"rendered":""},"modified":"2026-04-07T13:36:18","modified_gmt":"2026-04-07T11:36:18","slug":"brugse-zot-blonde-33cl","status":"publish","type":"product","link":"https:\/\/petitecave.ch\/de\/product\/brugse-zot-blonde-33cl\/","title":{"rendered":"Brugse Zot Blonde 33cl"},"content":{"rendered":"<p><strong>Visuel :<\/strong> Robe dor\u00e9e avec une fine mousse blanche\u00a0<\/p>\n<p><strong>Nez :<\/strong> Ar\u00f4mes malt\u00e9s, de levures avec des notes \u00e9pic\u00e9es<\/p>\n<p><strong>Go\u00fbt :<\/strong> Bi\u00e8re avec des saveurs malt\u00e9es et houblonn\u00e9es<\/p>","protected":false},"excerpt":{"rendered":"<p><strong>Brugse Zot Blonde &#8211; Brasserie De Halve Maan\u00a0<\/strong><\/p>\n<p>\u00a0<\/p>\n<p><i>Bi\u00e8re blonde artisanale de haute fermentation, c&rsquo;est la derni\u00e8re qui est brass\u00e9e dans le centre historique de Bruges.<\/i><\/p>\n<p><i>En effet, les habitants de Bruges sont localement appel\u00e9s les \u00ab Brugse Zotten \u00bb, litt\u00e9ralement les fous de Bruges.<\/i><\/p>","protected":false},"featured_media":18900,"comment_status":"open","ping_status":"closed","template":"","meta":[],"product_cat":[250],"product_tag":[],"class_list":{"0":"post-9541","1":"product","2":"type-product","3":"status-publish","4":"has-post-thumbnail","6":"product_cat-bieres","7":"pa_categorie-bieres-blondes","8":"pa_color-blonde","9":"pa_country-belgique","10":"pa_style-belgian-pale-ale","11":"pa_type-biere-artisanale","12":"product_deptype-0-30","13":"_wholesalex wsx-wholesalex-product","15":"first","16":"instock","17":"taxable","18":"shipping-taxable","19":"purchasable","20":"product-type-simple"},"_links":{"self":[{"href":"https:\/\/petitecave.ch\/de\/wp-json\/wp\/v2\/product\/9541","targetHints":{"allow":["GET"]}}],"collection":[{"href":"https:\/\/petitecave.ch\/de\/wp-json\/wp\/v2\/product"}],"about":[{"href":"https:\/\/petitecave.ch\/de\/wp-json\/wp\/v2\/types\/product"}],"replies":[{"embeddable":true,"href":"https:\/\/petitecave.ch\/de\/wp-json\/wp\/v2\/comments?post=9541"}],"wp:featuredmedia":[{"embeddable":true,"href":"https:\/\/petitecave.ch\/de\/wp-json\/wp\/v2\/media\/18900"}],"wp:attachment":[{"href":"https:\/\/petitecave.ch\/de\/wp-json\/wp\/v2\/media?parent=9541"}],"wp:term":[{"taxonomy":"product_cat","embeddable":true,"href":"https:\/\/petitecave.ch\/de\/wp-json\/wp\/v2\/product_cat?post=9541"},{"taxonomy":"product_tag","embeddable":true,"href":"https:\/\/petitecave.ch\/de\/wp-json\/wp\/v2\/product_tag?post=9541"}],"curies":[{"name":"wp","href":"https:\/\/api.w.org\/{rel}","templated":true}]}}