{"id":9537,"date":"2025-10-28T10:44:32","date_gmt":"2025-10-28T10:44:32","guid":{"rendered":""},"modified":"2026-04-07T13:38:42","modified_gmt":"2026-04-07T11:38:42","slug":"bornem-brune-33cl","status":"publish","type":"product","link":"https:\/\/petitecave.ch\/de\/product\/bornem-brune-33cl\/","title":{"rendered":"Bornem Brune 33cl"},"content":{"rendered":"<p><strong>Visuel :<\/strong> Robe fonc\u00e9e aux reflet bordeaux orn\u00e9e d&rsquo;une belle mousse beige et cr\u00e9meuse<\/p>\n<p><strong>Nez :<\/strong> Ar\u00f4mes fruit\u00e9s et houblonn\u00e9s<\/p>\n<p><strong>Go\u00fbt :<\/strong> Bi\u00e8re douce avec un go\u00fbt fruit\u00e9 et un arri\u00e8re-go\u00fbt houblonn\u00e9<\/p>","protected":false},"excerpt":{"rendered":"<p><strong>Bornem Brune &#8211; Brasserie Van Steenberge &#8211; Ertvelde<\/strong><\/p>","protected":false},"featured_media":12955,"comment_status":"open","ping_status":"closed","template":"","meta":[],"product_cat":[250],"product_tag":[],"class_list":{"0":"post-9537","1":"product","2":"type-product","3":"status-publish","4":"has-post-thumbnail","6":"product_cat-bieres","7":"pa_categorie-bieres-brunes","8":"pa_color-brune","9":"pa_country-belgique","10":"pa_style-dubbel","11":"pa_type-biere-d-abbaye","12":"product_deptype-0-30","13":"_wholesalex wsx-wholesalex-product","15":"first","16":"instock","17":"taxable","18":"shipping-taxable","19":"purchasable","20":"product-type-simple"},"_links":{"self":[{"href":"https:\/\/petitecave.ch\/de\/wp-json\/wp\/v2\/product\/9537","targetHints":{"allow":["GET"]}}],"collection":[{"href":"https:\/\/petitecave.ch\/de\/wp-json\/wp\/v2\/product"}],"about":[{"href":"https:\/\/petitecave.ch\/de\/wp-json\/wp\/v2\/types\/product"}],"replies":[{"embeddable":true,"href":"https:\/\/petitecave.ch\/de\/wp-json\/wp\/v2\/comments?post=9537"}],"wp:featuredmedia":[{"embeddable":true,"href":"https:\/\/petitecave.ch\/de\/wp-json\/wp\/v2\/media\/12955"}],"wp:attachment":[{"href":"https:\/\/petitecave.ch\/de\/wp-json\/wp\/v2\/media?parent=9537"}],"wp:term":[{"taxonomy":"product_cat","embeddable":true,"href":"https:\/\/petitecave.ch\/de\/wp-json\/wp\/v2\/product_cat?post=9537"},{"taxonomy":"product_tag","embeddable":true,"href":"https:\/\/petitecave.ch\/de\/wp-json\/wp\/v2\/product_tag?post=9537"}],"curies":[{"name":"wp","href":"https:\/\/api.w.org\/{rel}","templated":true}]}}