{"id":9536,"date":"2025-10-28T10:44:31","date_gmt":"2025-10-28T10:44:31","guid":{"rendered":""},"modified":"2026-02-13T14:13:19","modified_gmt":"2026-02-13T13:13:19","slug":"boon-oude-gueuze-37-5cl","status":"publish","type":"product","link":"https:\/\/petitecave.ch\/de\/product\/boon-oude-gueuze-37-5cl\/","title":{"rendered":"Boon Oude Gueuze 37.5cl"},"content":{"rendered":"<p><strong>Visuel :<\/strong> Robe orang\u00e9e l\u00e9g\u00e8rement brumeuse<\/p>\n<p><strong>Nez :<\/strong> Ar\u00f4mes fruit\u00e9s d&rsquo;agrumes<\/p>\n<p><strong>Go\u00fbt :<\/strong> Bi\u00e8re aux notes fruit\u00e9es et l\u00e9g\u00e8rement acidul\u00e9e<\/p>","protected":false},"excerpt":{"rendered":"<p><strong>Gueuze Boon \u00e0 l&rsquo;Ancienne &#8211; Brasserie F.Boon\u00a0<\/strong><\/p>\n<p><strong><\/strong><\/p>\n<p><em>La Gueuze est un type de bi\u00e8re obtenue \u00e0 partir de l&rsquo;assemblage de bi\u00e8res Lambic, des lambics jeunes (6\u00e012 mois) et vieux (jusqu&rsquo;\u00e0 3 ans) qui sont m\u00e9lang\u00e9s puis la bi\u00e8re subit une seconde fermentation.\u00a0<\/em><\/p>","protected":false},"featured_media":12954,"comment_status":"open","ping_status":"open","template":"","meta":[],"product_cat":[250],"product_tag":[],"class_list":{"0":"post-9536","1":"product","2":"type-product","3":"status-publish","4":"has-post-thumbnail","6":"product_cat-bieres","7":"pa_color-ambree","8":"pa_country-belgique","9":"pa_style-gueuze","10":"pa_type-lambic","11":"_wholesalex wsx-wholesalex-product","13":"first","14":"instock","15":"taxable","16":"shipping-taxable","17":"purchasable","18":"product-type-simple"},"_links":{"self":[{"href":"https:\/\/petitecave.ch\/de\/wp-json\/wp\/v2\/product\/9536","targetHints":{"allow":["GET"]}}],"collection":[{"href":"https:\/\/petitecave.ch\/de\/wp-json\/wp\/v2\/product"}],"about":[{"href":"https:\/\/petitecave.ch\/de\/wp-json\/wp\/v2\/types\/product"}],"replies":[{"embeddable":true,"href":"https:\/\/petitecave.ch\/de\/wp-json\/wp\/v2\/comments?post=9536"}],"wp:featuredmedia":[{"embeddable":true,"href":"https:\/\/petitecave.ch\/de\/wp-json\/wp\/v2\/media\/12954"}],"wp:attachment":[{"href":"https:\/\/petitecave.ch\/de\/wp-json\/wp\/v2\/media?parent=9536"}],"wp:term":[{"taxonomy":"product_cat","embeddable":true,"href":"https:\/\/petitecave.ch\/de\/wp-json\/wp\/v2\/product_cat?post=9536"},{"taxonomy":"product_tag","embeddable":true,"href":"https:\/\/petitecave.ch\/de\/wp-json\/wp\/v2\/product_tag?post=9536"}],"curies":[{"name":"wp","href":"https:\/\/api.w.org\/{rel}","templated":true}]}}