{"id":9535,"date":"2025-10-28T10:44:30","date_gmt":"2025-10-28T10:44:30","guid":{"rendered":""},"modified":"2026-04-07T13:35:07","modified_gmt":"2026-04-07T11:35:07","slug":"bon-secours-myrtille-33cl","status":"publish","type":"product","link":"https:\/\/petitecave.ch\/de\/product\/bon-secours-myrtille-33cl\/","title":{"rendered":"Bon Secours Myrtille 33cl"},"content":{"rendered":"<p><strong>Visuel :<\/strong> Robe rouge intense avec une belle mousse rose<\/p>\n<p><strong>Nez :<\/strong> Ar\u00f4mes fruit\u00e9s de myrtilles<\/p>\n<p><strong>Go\u00fbt :<\/strong> Bi\u00e8re aux saveurs fruit\u00e9es de myrtilles et non sucr\u00e9e (sans addition de sucre<\/p>","protected":false},"excerpt":{"rendered":"<p><strong>Bon Secours Myrtille &#8211; Brasserie Caulier &#8211; Bonsecours<\/strong><\/p>\n<\/p>\n<p><span style=\"text-decoration:underline;\"><em>Une bi\u00e8re vivante<\/em><\/span><\/p>\n<p><em>Voulant faire d\u00e9couvrir aux connaisseurs les saveurs d\u2019autrefois, nous avons opt\u00e9 pour une fabrication \u00e0 l\u2019ancienne, pr\u00e9servant nos bi\u00e8res de filtration, de pasteurisation et de saturation au gaz carbonique. Nos bi\u00e8res sont conditionn\u00e9es dans des bouteilles dot\u00e9es de bouchons m\u00e9caniques et des casiers en bois massif.<\/em><\/p>","protected":false},"featured_media":12953,"comment_status":"open","ping_status":"closed","template":"","meta":[],"product_cat":[250],"product_tag":[],"class_list":{"0":"post-9535","1":"product","2":"type-product","3":"status-publish","4":"has-post-thumbnail","6":"product_cat-bieres","7":"pa_categorie-bieres-fruitees","8":"pa_country-belgique","9":"pa_style-fruitbier","10":"product_deptype-0-50","11":"_wholesalex wsx-wholesalex-product","13":"first","14":"instock","15":"taxable","16":"shipping-taxable","17":"purchasable","18":"product-type-simple"},"_links":{"self":[{"href":"https:\/\/petitecave.ch\/de\/wp-json\/wp\/v2\/product\/9535","targetHints":{"allow":["GET"]}}],"collection":[{"href":"https:\/\/petitecave.ch\/de\/wp-json\/wp\/v2\/product"}],"about":[{"href":"https:\/\/petitecave.ch\/de\/wp-json\/wp\/v2\/types\/product"}],"replies":[{"embeddable":true,"href":"https:\/\/petitecave.ch\/de\/wp-json\/wp\/v2\/comments?post=9535"}],"wp:featuredmedia":[{"embeddable":true,"href":"https:\/\/petitecave.ch\/de\/wp-json\/wp\/v2\/media\/12953"}],"wp:attachment":[{"href":"https:\/\/petitecave.ch\/de\/wp-json\/wp\/v2\/media?parent=9535"}],"wp:term":[{"taxonomy":"product_cat","embeddable":true,"href":"https:\/\/petitecave.ch\/de\/wp-json\/wp\/v2\/product_cat?post=9535"},{"taxonomy":"product_tag","embeddable":true,"href":"https:\/\/petitecave.ch\/de\/wp-json\/wp\/v2\/product_tag?post=9535"}],"curies":[{"name":"wp","href":"https:\/\/api.w.org\/{rel}","templated":true}]}}