{"id":9533,"date":"2025-10-28T10:44:28","date_gmt":"2025-10-28T10:44:28","guid":{"rendered":""},"modified":"2026-04-07T13:37:38","modified_gmt":"2026-04-07T11:37:38","slug":"bon-secours-h-ritage-33cl","status":"publish","type":"product","link":"https:\/\/petitecave.ch\/de\/product\/bon-secours-h-ritage-33cl\/","title":{"rendered":"Bon Secours H\u00e9ritage 33cl"},"content":{"rendered":"<p><strong>Visuel :<\/strong> Robe \u00e9l\u00e9gante de couleur cuivr\u00e9e\u00a0avec une\u00a0mousse onctueuse et persistante<\/p>\n<p><strong>Nez :<\/strong> Ar\u00f4me de malt<\/p>\n<p><strong>Go\u00fbt :<\/strong>\u00a0Note de caramel, avec une fine amertume<\/p>","protected":false},"excerpt":{"rendered":"<p><strong>Bon Secours Ambr\u00e9e &#8211; Brasserie Caulier &#8211; Bonsecours\u00a0<\/strong><\/p>\n<p><strong><\/strong><\/p>\n<p><span style=\"text-decoration:underline;\"><i>Une bi\u00e8re vivante<\/i><\/span><\/p>\n<p><i>Voulant faire d\u00e9couvrir aux connaisseurs les saveurs d\u2019autrefois, nous avons opt\u00e9 pour une fabrication \u00e0 l\u2019ancienne, pr\u00e9servant nos bi\u00e8res de filtration, de pasteurisation et de saturation au gaz carbonique. Nos bi\u00e8res sont conditionn\u00e9es dans des bouteilles dot\u00e9es de bouchons m\u00e9caniques et des casiers en bois massif.<\/i><\/p>","protected":false},"featured_media":18817,"comment_status":"open","ping_status":"closed","template":"","meta":[],"product_cat":[250],"product_tag":[],"class_list":{"0":"post-9533","1":"product","2":"type-product","3":"status-publish","4":"has-post-thumbnail","6":"product_cat-bieres","7":"pa_categorie-bieres-ambrees","8":"pa_country-belgique","9":"pa_style-strong-ale","10":"product_deptype-0-50","11":"_wholesalex wsx-wholesalex-product","13":"first","14":"instock","15":"taxable","16":"shipping-taxable","17":"purchasable","18":"product-type-simple"},"_links":{"self":[{"href":"https:\/\/petitecave.ch\/de\/wp-json\/wp\/v2\/product\/9533","targetHints":{"allow":["GET"]}}],"collection":[{"href":"https:\/\/petitecave.ch\/de\/wp-json\/wp\/v2\/product"}],"about":[{"href":"https:\/\/petitecave.ch\/de\/wp-json\/wp\/v2\/types\/product"}],"replies":[{"embeddable":true,"href":"https:\/\/petitecave.ch\/de\/wp-json\/wp\/v2\/comments?post=9533"}],"wp:featuredmedia":[{"embeddable":true,"href":"https:\/\/petitecave.ch\/de\/wp-json\/wp\/v2\/media\/18817"}],"wp:attachment":[{"href":"https:\/\/petitecave.ch\/de\/wp-json\/wp\/v2\/media?parent=9533"}],"wp:term":[{"taxonomy":"product_cat","embeddable":true,"href":"https:\/\/petitecave.ch\/de\/wp-json\/wp\/v2\/product_cat?post=9533"},{"taxonomy":"product_tag","embeddable":true,"href":"https:\/\/petitecave.ch\/de\/wp-json\/wp\/v2\/product_tag?post=9533"}],"curies":[{"name":"wp","href":"https:\/\/api.w.org\/{rel}","templated":true}]}}