{"id":9530,"date":"2025-10-28T10:44:25","date_gmt":"2025-10-28T10:44:25","guid":{"rendered":""},"modified":"2026-02-13T11:22:56","modified_gmt":"2026-02-13T10:22:56","slug":"blanche-de-namur-25cl","status":"publish","type":"product","link":"https:\/\/petitecave.ch\/de\/product\/blanche-de-namur-25cl\/","title":{"rendered":"Blanche de Namur 25cl"},"content":{"rendered":"<p><strong>Visuel :<\/strong> Robe jaune avec une belle mousse blanche<\/p>\n<p><strong>Nez :<\/strong> Ar\u00f4me fruit\u00e9 avec un parfum d&rsquo;\u00e9pice, de coriandre et d&rsquo;orange am\u00e8re<\/p>\n<p><strong>Go\u00fbt :<\/strong> Une bi\u00e8re douce, d\u00e9salt\u00e9rante l\u00e9g\u00e8rement acide<\/p>","protected":false},"excerpt":{"rendered":"<p><strong>Blanche de Namur &#8211; Brasserie du Bocq &#8211; Purnode\u00a0<\/strong><\/p>\n<\/p>\n<p><i>Un nom de princesse de conte de f\u00e9e\u2026 et si c\u2019\u00e9tait le cas ?\u00a0<\/i><\/p>\n<p><i>Blanche de Namur \u00e9tait la fille du Comte Jean de Namur, et surtout c\u2019\u00e9tait une princesse dont la beaut\u00e9 n\u2019avait d\u2019\u00e9gal que son raffinement. La l\u00e9gende raconte que Magnus IV Eriksson, Roi de Su\u00e8de et de Norv\u00e8ge, fut subjugu\u00e9 par la beaut\u00e9 de la jeune princesse, alors qu&rsquo;il faisait route pour la France en qu\u00eate d&rsquo;une \u00e9pouse.<\/i><\/p>\n<p><i>C\u2019est ainsi que la jeune princesse suivit le Roi vers ses terres scandinaves et ne rentra jamais plus dans sa contr\u00e9e natale. En m\u00e9moire \u00e0 sa beaut\u00e9, sa finesse, et sa douceur, la Brasserie Du Bocq d\u00e9cida de lui d\u00e9dier une bi\u00e8re : la Blanche de Namur.<\/i><\/p>\n<p><i>Ses qualit\u00e9s et le \u00ab savoir faire \u00bb de la brasserie belge lui ont valu la distinction de la meilleure bi\u00e8re blanche au monde (2009). \u00ab\u00a0<\/i><\/p>","protected":false},"featured_media":18847,"comment_status":"open","ping_status":"closed","template":"","meta":[],"product_cat":[250],"product_tag":[],"class_list":{"0":"post-9530","1":"product","2":"type-product","3":"status-publish","4":"has-post-thumbnail","6":"product_cat-bieres","7":"pa_color-blanche","8":"pa_country-belgique","9":"pa_style-witbier","10":"product_deptype-0-30","11":"_wholesalex wsx-wholesalex-product","13":"first","14":"instock","15":"taxable","16":"shipping-taxable","17":"purchasable","18":"product-type-simple"},"_links":{"self":[{"href":"https:\/\/petitecave.ch\/de\/wp-json\/wp\/v2\/product\/9530","targetHints":{"allow":["GET"]}}],"collection":[{"href":"https:\/\/petitecave.ch\/de\/wp-json\/wp\/v2\/product"}],"about":[{"href":"https:\/\/petitecave.ch\/de\/wp-json\/wp\/v2\/types\/product"}],"replies":[{"embeddable":true,"href":"https:\/\/petitecave.ch\/de\/wp-json\/wp\/v2\/comments?post=9530"}],"wp:featuredmedia":[{"embeddable":true,"href":"https:\/\/petitecave.ch\/de\/wp-json\/wp\/v2\/media\/18847"}],"wp:attachment":[{"href":"https:\/\/petitecave.ch\/de\/wp-json\/wp\/v2\/media?parent=9530"}],"wp:term":[{"taxonomy":"product_cat","embeddable":true,"href":"https:\/\/petitecave.ch\/de\/wp-json\/wp\/v2\/product_cat?post=9530"},{"taxonomy":"product_tag","embeddable":true,"href":"https:\/\/petitecave.ch\/de\/wp-json\/wp\/v2\/product_tag?post=9530"}],"curies":[{"name":"wp","href":"https:\/\/api.w.org\/{rel}","templated":true}]}}