{"id":9529,"date":"2025-10-28T10:44:23","date_gmt":"2025-10-28T10:44:23","guid":{"rendered":""},"modified":"2026-04-07T13:25:45","modified_gmt":"2026-04-07T11:25:45","slug":"binchoise-triple-33cl","status":"publish","type":"product","link":"https:\/\/petitecave.ch\/de\/product\/binchoise-triple-33cl\/","title":{"rendered":"Binchoise Triple 33cl"},"content":{"rendered":"<p><strong>Visuel :<\/strong> Robe de couleur or p\u00e2le avec une belle mousse blanche\u00a0<\/p>\n<p><strong>Nez :<\/strong> Ar\u00f4me d&rsquo;\u00e9pices, de malt et de levure<\/p>\n<p><strong>Go\u00fbt :<\/strong> Saveurs fruit\u00e9es, de levure, de malt, de houblons et de fleurs<\/p>","protected":false},"excerpt":{"rendered":"<p><strong>Binchoise Triple &#8211; Brasserie la Binchoise &#8211; Binche<\/strong><\/p>\n<p><strong><\/strong><\/p>\n<p><em>Bi\u00e8re de d\u00e9gustation par excellence, la Binchoise Triple d\u00e9voile un caract\u00e8re unique dans le monde des triples belges. C\u2019est avant tout une bi\u00e8re ap\u00e9ritive qui s\u2019accompagnera volontiers de charcuteries fines ou de fromages d\u2019abbaye.<\/em><\/p>\n<p><em>Bi\u00e8re triple blonde non filtr\u00e9e, referment\u00e9e en bouteille, naturelle, de forte densit\u00e9, chaleureuse et aromatique.<\/em><\/p>","protected":false},"featured_media":12945,"comment_status":"open","ping_status":"closed","template":"","meta":[],"product_cat":[250],"product_tag":[],"class_list":{"0":"post-9529","1":"product","2":"type-product","3":"status-publish","4":"has-post-thumbnail","6":"product_cat-bieres","7":"pa_categorie-bieres-blondes","8":"pa_color-blonde","9":"pa_country-belgique","10":"pa_style-tripel","11":"product_deptype-0-30","12":"_wholesalex wsx-wholesalex-product","14":"first","15":"instock","16":"taxable","17":"shipping-taxable","18":"purchasable","19":"product-type-simple"},"_links":{"self":[{"href":"https:\/\/petitecave.ch\/de\/wp-json\/wp\/v2\/product\/9529","targetHints":{"allow":["GET"]}}],"collection":[{"href":"https:\/\/petitecave.ch\/de\/wp-json\/wp\/v2\/product"}],"about":[{"href":"https:\/\/petitecave.ch\/de\/wp-json\/wp\/v2\/types\/product"}],"replies":[{"embeddable":true,"href":"https:\/\/petitecave.ch\/de\/wp-json\/wp\/v2\/comments?post=9529"}],"wp:featuredmedia":[{"embeddable":true,"href":"https:\/\/petitecave.ch\/de\/wp-json\/wp\/v2\/media\/12945"}],"wp:attachment":[{"href":"https:\/\/petitecave.ch\/de\/wp-json\/wp\/v2\/media?parent=9529"}],"wp:term":[{"taxonomy":"product_cat","embeddable":true,"href":"https:\/\/petitecave.ch\/de\/wp-json\/wp\/v2\/product_cat?post=9529"},{"taxonomy":"product_tag","embeddable":true,"href":"https:\/\/petitecave.ch\/de\/wp-json\/wp\/v2\/product_tag?post=9529"}],"curies":[{"name":"wp","href":"https:\/\/api.w.org\/{rel}","templated":true}]}}